{"id":1022,"date":"2022-05-30T15:30:45","date_gmt":"2022-05-30T15:30:45","guid":{"rendered":"https:\/\/fmcomercial.com.py\/?post_type=product&#038;p=1022"},"modified":"2022-12-23T20:20:53","modified_gmt":"2022-12-23T20:20:53","slug":"celular-xiaomi-note-9-pro-6gb-128gb","status":"publish","type":"product","link":"https:\/\/fmcomercial.com.py\/index.php\/producto\/celular-xiaomi-note-9-pro-6gb-128gb\/","title":{"rendered":"CELULAR XIAOMI NOTE 9 PRO 6GB\/128GB"},"content":{"rendered":"","protected":false},"excerpt":{"rendered":"<h4><span style=\"color: #0000ff;\"><strong>CUOTAS.<\/strong><\/span><br \/>\n<span style=\"color: #0000ff;\"><strong>\u00a0 6 x 450.000Gs.<\/strong><\/span><br \/>\n<span style=\"color: #0000ff;\"><strong>\u00a0 8 x 352.000Gs.<\/strong><\/span><\/h4>\n<h4><span style=\"color: #0000ff;\"><strong>12 x 256.000Gs.<\/strong><\/span><\/h4>\n<p><strong>Descripci\u00f3n.<\/strong><br \/>\n* Modelo: NOTE 9 PRO.<br \/>\n* Pantalla: 6.67\u2033, Corning\u00ae Gorilla\u00ae Glass 5.<br \/>\n* Resoluci\u00f3n: 2400 x 1080 (FHD+).<br \/>\n* C\u00e1mara Trasera : 64MP + 8MP + 5MP + 2MP.<br \/>\n* C\u00e1mara Frontal : 16MP.<br \/>\n* Grabaci\u00f3n de v\u00eddeo : Hasta 4K (3840 x 2160) a 30 fps.<br \/>\n* Almacenamiento : 128GB.<br \/>\n* RAM: 6GB.<br \/>\n* Procesador: Octa-core Qualcomm\u00ae Snapdragon\u2122 720G 2,3GHz.<br \/>\n* Bater\u00eda: 5020mAh.<br \/>\n* Sensores: Motor de vibraci\u00f3n lineal del eje Z | Sensor de huellas dactilares lateral | Sensor de distancia | Sensor de luz ambiental en pantalla | Aceler\u00f3metro | Giroscopio | Br\u00fajula electr\u00f3nica | Emisor de rayos infrarrojos.<br \/>\n* Conectividad : Wi-Fi 802.11a\/b\/g\/n\/ac; Bluetooth 5.0, GPS\/ A-GPS \/ GLONASS \/ Beidou.<br \/>\n* Puerto : USB tipo C, 3.5mm.<br \/>\n* Peso: 209gr.<\/p>\n<p><strong>MEDIDAS.<\/strong><br \/>\n* Altura: 16,58cms.<br \/>\n* Ancho: 7,67cms.<br \/>\n* Grosor: 0,88cms.<\/p>\n","protected":false},"featured_media":1024,"comment_status":"open","ping_status":"closed","template":"","meta":{"site-sidebar-layout":"default","site-content-layout":"default","ast-site-content-layout":"","site-content-style":"default","site-sidebar-style":"default","ast-global-header-display":"","ast-banner-title-visibility":"","ast-main-header-display":"","ast-hfb-above-header-display":"","ast-hfb-below-header-display":"","ast-hfb-mobile-header-display":"","site-post-title":"","ast-breadcrumbs-content":"","ast-featured-img":"","footer-sml-layout":"","theme-transparent-header-meta":"default","adv-header-id-meta":"","stick-header-meta":"","header-above-stick-meta":"","header-main-stick-meta":"","header-below-stick-meta":"","astra-migrate-meta-layouts":"default","ast-page-background-enabled":"default","ast-page-background-meta":{"desktop":{"background-color":"var(--ast-global-color-4)","background-image":"","background-repeat":"repeat","background-position":"center center","background-size":"auto","background-attachment":"scroll","background-type":"","background-media":"","overlay-type":"","overlay-color":"","overlay-opacity":"","overlay-gradient":""},"tablet":{"background-color":"","background-image":"","background-repeat":"repeat","background-position":"center center","background-size":"auto","background-attachment":"scroll","background-type":"","background-media":"","overlay-type":"","overlay-color":"","overlay-opacity":"","overlay-gradient":""},"mobile":{"background-color":"","background-image":"","background-repeat":"repeat","background-position":"center center","background-size":"auto","background-attachment":"scroll","background-type":"","background-media":"","overlay-type":"","overlay-color":"","overlay-opacity":"","overlay-gradient":""}},"ast-content-background-meta":{"desktop":{"background-color":"var(--ast-global-color-5)","background-image":"","background-repeat":"repeat","background-position":"center center","background-size":"auto","background-attachment":"scroll","background-type":"","background-media":"","overlay-type":"","overlay-color":"","overlay-opacity":"","overlay-gradient":""},"tablet":{"background-color":"var(--ast-global-color-5)","background-image":"","background-repeat":"repeat","background-position":"center center","background-size":"auto","background-attachment":"scroll","background-type":"","background-media":"","overlay-type":"","overlay-color":"","overlay-opacity":"","overlay-gradient":""},"mobile":{"background-color":"var(--ast-global-color-5)","background-image":"","background-repeat":"repeat","background-position":"center center","background-size":"auto","background-attachment":"scroll","background-type":"","background-media":"","overlay-type":"","overlay-color":"","overlay-opacity":"","overlay-gradient":""}}},"product_cat":[20],"product_tag":[],"class_list":{"0":"post-1022","1":"product","2":"type-product","3":"status-publish","4":"has-post-thumbnail","6":"product_cat-electronica","7":"desktop-align-left","8":"tablet-align-left","9":"mobile-align-left","11":"first","12":"outofstock","13":"shipping-taxable","14":"purchasable","15":"product-type-simple"},"_links":{"self":[{"href":"https:\/\/fmcomercial.com.py\/index.php\/wp-json\/wp\/v2\/product\/1022","targetHints":{"allow":["GET"]}}],"collection":[{"href":"https:\/\/fmcomercial.com.py\/index.php\/wp-json\/wp\/v2\/product"}],"about":[{"href":"https:\/\/fmcomercial.com.py\/index.php\/wp-json\/wp\/v2\/types\/product"}],"replies":[{"embeddable":true,"href":"https:\/\/fmcomercial.com.py\/index.php\/wp-json\/wp\/v2\/comments?post=1022"}],"wp:featuredmedia":[{"embeddable":true,"href":"https:\/\/fmcomercial.com.py\/index.php\/wp-json\/wp\/v2\/media\/1024"}],"wp:attachment":[{"href":"https:\/\/fmcomercial.com.py\/index.php\/wp-json\/wp\/v2\/media?parent=1022"}],"wp:term":[{"taxonomy":"product_cat","embeddable":true,"href":"https:\/\/fmcomercial.com.py\/index.php\/wp-json\/wp\/v2\/product_cat?post=1022"},{"taxonomy":"product_tag","embeddable":true,"href":"https:\/\/fmcomercial.com.py\/index.php\/wp-json\/wp\/v2\/product_tag?post=1022"}],"curies":[{"name":"wp","href":"https:\/\/api.w.org\/{rel}","templated":true}]}}