{"id":1027,"date":"2022-05-30T16:21:36","date_gmt":"2022-05-30T16:21:36","guid":{"rendered":"https:\/\/fmcomercial.com.py\/?post_type=product&#038;p=1027"},"modified":"2022-12-23T20:20:07","modified_gmt":"2022-12-23T20:20:07","slug":"celular-xiaomi-poco-f3-6gb-128gb-5g","status":"publish","type":"product","link":"https:\/\/fmcomercial.com.py\/index.php\/producto\/celular-xiaomi-poco-f3-6gb-128gb-5g\/","title":{"rendered":"CELULAR XIAOMI POCO F3 6GB\/128GB 5G"},"content":{"rendered":"","protected":false},"excerpt":{"rendered":"<h4><span style=\"color: #0000ff;\"><strong>CUOTAS.<\/strong><\/span><br \/>\n<span style=\"color: #0000ff;\"><strong>\u00a0 6 x 595.000Gs.<\/strong><\/span><br \/>\n<span style=\"color: #0000ff;\"><strong>\u00a0 8 x 462.000Gs.<\/strong><\/span><\/h4>\n<h4><span style=\"color: #0000ff;\"><strong>12 x 335.000Gs.<\/strong><\/span><\/h4>\n<p><strong>Descripci\u00f3n.<\/strong><br \/>\n* Modelo: POCO F3 5G.<br \/>\n* Pantalla: 6.67\u2033, Corning\u00ae Gorilla\u00ae Glass 5.<br \/>\n* Resoluci\u00f3n: 2400 x 1080 (FHD+).<br \/>\n* C\u00e1mara Trasera : 48MP + 8MP + 5MP.<br \/>\n* C\u00e1mara Frontal : 20MP.<br \/>\n* Grabaci\u00f3n de v\u00eddeo : Hasta 4K (3840 x 2160) a 30 fps.<br \/>\n* Almacenamiento : 128GB.<br \/>\n* RAM: 6GB.<br \/>\n* Procesador: CPU: Qualcomm Snapdragon 870. GPU: Adreno 650.<br \/>\n* Bater\u00eda: 4520mAh carga r\u00e1pida 33W.<br \/>\n* Sensores: Sensor de proximidad | Sensor de luz ambiental | Aceler\u00f3metro | Giroscopio | Br\u00fajula electr\u00f3nica | Motor lineal | Emisor de infrarrojos.<br \/>\n* Conectividad : Wi-Fi 802.11a\/b\/g\/n\/ac; Bluetooth 5.1, <span class=\"xm-text desc f22 f-light\" data-key=\"spec_81\" data-type=\"text\" data-id=\"aaupn41ak8\">GPS: L1+L5<\/span><span class=\"xm-text desc f22 f-light\" data-key=\"spec_82\" data-type=\"text\" data-id=\"b67dvusr55\">Galileo: E1+E5a | GLONASS: G1 | BeiDou: B1I+B2a | NavIC<\/span>.<br \/>\n* Puerto : USB tipo C, 3.5mm.<br \/>\n* Peso: 196gr.<\/p>\n<p><strong>MEDIDAS.<\/strong><br \/>\n* Altura: 16,37cms.<br \/>\n* Ancho: 7,64cms.<br \/>\n* Grosor: 0,78cms.<\/p>\n","protected":false},"featured_media":1029,"comment_status":"open","ping_status":"closed","template":"","meta":{"site-sidebar-layout":"default","site-content-layout":"default","ast-site-content-layout":"","site-content-style":"default","site-sidebar-style":"default","ast-global-header-display":"","ast-banner-title-visibility":"","ast-main-header-display":"","ast-hfb-above-header-display":"","ast-hfb-below-header-display":"","ast-hfb-mobile-header-display":"","site-post-title":"","ast-breadcrumbs-content":"","ast-featured-img":"","footer-sml-layout":"","theme-transparent-header-meta":"default","adv-header-id-meta":"","stick-header-meta":"","header-above-stick-meta":"","header-main-stick-meta":"","header-below-stick-meta":"","astra-migrate-meta-layouts":"default","ast-page-background-enabled":"default","ast-page-background-meta":{"desktop":{"background-color":"var(--ast-global-color-4)","background-image":"","background-repeat":"repeat","background-position":"center center","background-size":"auto","background-attachment":"scroll","background-type":"","background-media":"","overlay-type":"","overlay-color":"","overlay-opacity":"","overlay-gradient":""},"tablet":{"background-color":"","background-image":"","background-repeat":"repeat","background-position":"center center","background-size":"auto","background-attachment":"scroll","background-type":"","background-media":"","overlay-type":"","overlay-color":"","overlay-opacity":"","overlay-gradient":""},"mobile":{"background-color":"","background-image":"","background-repeat":"repeat","background-position":"center center","background-size":"auto","background-attachment":"scroll","background-type":"","background-media":"","overlay-type":"","overlay-color":"","overlay-opacity":"","overlay-gradient":""}},"ast-content-background-meta":{"desktop":{"background-color":"var(--ast-global-color-5)","background-image":"","background-repeat":"repeat","background-position":"center center","background-size":"auto","background-attachment":"scroll","background-type":"","background-media":"","overlay-type":"","overlay-color":"","overlay-opacity":"","overlay-gradient":""},"tablet":{"background-color":"var(--ast-global-color-5)","background-image":"","background-repeat":"repeat","background-position":"center center","background-size":"auto","background-attachment":"scroll","background-type":"","background-media":"","overlay-type":"","overlay-color":"","overlay-opacity":"","overlay-gradient":""},"mobile":{"background-color":"var(--ast-global-color-5)","background-image":"","background-repeat":"repeat","background-position":"center center","background-size":"auto","background-attachment":"scroll","background-type":"","background-media":"","overlay-type":"","overlay-color":"","overlay-opacity":"","overlay-gradient":""}}},"product_cat":[20],"product_tag":[],"class_list":{"0":"post-1027","1":"product","2":"type-product","3":"status-publish","4":"has-post-thumbnail","6":"product_cat-electronica","7":"desktop-align-left","8":"tablet-align-left","9":"mobile-align-left","11":"first","12":"outofstock","13":"shipping-taxable","14":"purchasable","15":"product-type-simple"},"_links":{"self":[{"href":"https:\/\/fmcomercial.com.py\/index.php\/wp-json\/wp\/v2\/product\/1027","targetHints":{"allow":["GET"]}}],"collection":[{"href":"https:\/\/fmcomercial.com.py\/index.php\/wp-json\/wp\/v2\/product"}],"about":[{"href":"https:\/\/fmcomercial.com.py\/index.php\/wp-json\/wp\/v2\/types\/product"}],"replies":[{"embeddable":true,"href":"https:\/\/fmcomercial.com.py\/index.php\/wp-json\/wp\/v2\/comments?post=1027"}],"wp:featuredmedia":[{"embeddable":true,"href":"https:\/\/fmcomercial.com.py\/index.php\/wp-json\/wp\/v2\/media\/1029"}],"wp:attachment":[{"href":"https:\/\/fmcomercial.com.py\/index.php\/wp-json\/wp\/v2\/media?parent=1027"}],"wp:term":[{"taxonomy":"product_cat","embeddable":true,"href":"https:\/\/fmcomercial.com.py\/index.php\/wp-json\/wp\/v2\/product_cat?post=1027"},{"taxonomy":"product_tag","embeddable":true,"href":"https:\/\/fmcomercial.com.py\/index.php\/wp-json\/wp\/v2\/product_tag?post=1027"}],"curies":[{"name":"wp","href":"https:\/\/api.w.org\/{rel}","templated":true}]}}