{"id":1031,"date":"2022-05-30T17:08:46","date_gmt":"2022-05-30T17:08:46","guid":{"rendered":"https:\/\/fmcomercial.com.py\/?post_type=product&#038;p=1031"},"modified":"2022-12-23T20:18:58","modified_gmt":"2022-12-23T20:18:58","slug":"celular-xiaomi-poco-m4-pro-5g-6gb-128gb-negro","status":"publish","type":"product","link":"https:\/\/fmcomercial.com.py\/index.php\/producto\/celular-xiaomi-poco-m4-pro-5g-6gb-128gb-negro\/","title":{"rendered":"CELULAR XIAOMI POCO M4 PRO 5G 6GB\/256GB NEGRO"},"content":{"rendered":"","protected":false},"excerpt":{"rendered":"<h4><span style=\"color: #0000ff;\"><strong>CUOTAS.<\/strong><\/span><br \/>\n<span style=\"color: #0000ff;\"><strong>\u00a0 6 x 465.000Gs.<\/strong><\/span><br \/>\n<span style=\"color: #0000ff;\"><strong>\u00a0 8 x 366.000Gs.<\/strong><\/span><\/h4>\n<h4><span style=\"color: #0000ff;\"><strong>12 x 266.000Gs.<\/strong><\/span><\/h4>\n<p><strong>Descripci\u00f3n.<\/strong><br \/>\n* Modelo: POCO M4 PRO.<br \/>\n* Pantalla: 6.6\u2033, Corning\u00ae Gorilla\u00ae Glass 3, LCD, IPS.<br \/>\n* Resoluci\u00f3n: 2400 x 1080 (FHD+).<br \/>\n* C\u00e1mara Trasera: Dual, 50 MP (f\/1.8, PDAF, wide) + 8 MP (f\/2.2, ultrawide.<br \/>\n* C\u00e1mara Frontal: 16MP.<br \/>\n* Grabaci\u00f3n de v\u00eddeo: Hasta FHD (1920 x 1080) 60 fps.<br \/>\n* Almacenamiento: 256GB.<br \/>\n* RAM: 6GB.<br \/>\n* Procesador: MediaTek Dimensity 810 5G octa-core 2.4GHz \/ GPU: Mali-G57 MC2.<br \/>\n* Bater\u00eda: 5000mAh carga r\u00e1pida 33W.<br \/>\n* Sensores: Sensor de proximidad | Sensor de luz ambiental | Aceler\u00f3metro | Giroscopio | Br\u00fajula electr\u00f3nica.<br \/>\n* Conectividad : Wi-Fi 802.11 a\/b\/g\/n\/ac; Bluetooth 5.1, GPS con soporte A-GPS, GLONASS, BDS.<br \/>\n* Puerto : USB tipo C 2.0, 3.5mm.<br \/>\n* Peso: 195gr.<\/p>\n<p><strong>MEDIDAS.<\/strong><br \/>\n* Altura: 16,36cms.<br \/>\n* Ancho: 7,58cms.<br \/>\n* Grosor: 0,88cms.<\/p>\n","protected":false},"featured_media":1032,"comment_status":"open","ping_status":"closed","template":"","meta":{"site-sidebar-layout":"default","site-content-layout":"default","ast-site-content-layout":"","site-content-style":"default","site-sidebar-style":"default","ast-global-header-display":"","ast-banner-title-visibility":"","ast-main-header-display":"","ast-hfb-above-header-display":"","ast-hfb-below-header-display":"","ast-hfb-mobile-header-display":"","site-post-title":"","ast-breadcrumbs-content":"","ast-featured-img":"","footer-sml-layout":"","theme-transparent-header-meta":"default","adv-header-id-meta":"","stick-header-meta":"","header-above-stick-meta":"","header-main-stick-meta":"","header-below-stick-meta":"","astra-migrate-meta-layouts":"default","ast-page-background-enabled":"default","ast-page-background-meta":{"desktop":{"background-color":"var(--ast-global-color-4)","background-image":"","background-repeat":"repeat","background-position":"center center","background-size":"auto","background-attachment":"scroll","background-type":"","background-media":"","overlay-type":"","overlay-color":"","overlay-opacity":"","overlay-gradient":""},"tablet":{"background-color":"","background-image":"","background-repeat":"repeat","background-position":"center center","background-size":"auto","background-attachment":"scroll","background-type":"","background-media":"","overlay-type":"","overlay-color":"","overlay-opacity":"","overlay-gradient":""},"mobile":{"background-color":"","background-image":"","background-repeat":"repeat","background-position":"center center","background-size":"auto","background-attachment":"scroll","background-type":"","background-media":"","overlay-type":"","overlay-color":"","overlay-opacity":"","overlay-gradient":""}},"ast-content-background-meta":{"desktop":{"background-color":"var(--ast-global-color-5)","background-image":"","background-repeat":"repeat","background-position":"center center","background-size":"auto","background-attachment":"scroll","background-type":"","background-media":"","overlay-type":"","overlay-color":"","overlay-opacity":"","overlay-gradient":""},"tablet":{"background-color":"var(--ast-global-color-5)","background-image":"","background-repeat":"repeat","background-position":"center center","background-size":"auto","background-attachment":"scroll","background-type":"","background-media":"","overlay-type":"","overlay-color":"","overlay-opacity":"","overlay-gradient":""},"mobile":{"background-color":"var(--ast-global-color-5)","background-image":"","background-repeat":"repeat","background-position":"center center","background-size":"auto","background-attachment":"scroll","background-type":"","background-media":"","overlay-type":"","overlay-color":"","overlay-opacity":"","overlay-gradient":""}}},"product_cat":[20],"product_tag":[],"class_list":{"0":"post-1031","1":"product","2":"type-product","3":"status-publish","4":"has-post-thumbnail","6":"product_cat-electronica","7":"desktop-align-left","8":"tablet-align-left","9":"mobile-align-left","11":"first","12":"onbackorder","13":"shipping-taxable","14":"purchasable","15":"product-type-simple"},"_links":{"self":[{"href":"https:\/\/fmcomercial.com.py\/index.php\/wp-json\/wp\/v2\/product\/1031","targetHints":{"allow":["GET"]}}],"collection":[{"href":"https:\/\/fmcomercial.com.py\/index.php\/wp-json\/wp\/v2\/product"}],"about":[{"href":"https:\/\/fmcomercial.com.py\/index.php\/wp-json\/wp\/v2\/types\/product"}],"replies":[{"embeddable":true,"href":"https:\/\/fmcomercial.com.py\/index.php\/wp-json\/wp\/v2\/comments?post=1031"}],"wp:featuredmedia":[{"embeddable":true,"href":"https:\/\/fmcomercial.com.py\/index.php\/wp-json\/wp\/v2\/media\/1032"}],"wp:attachment":[{"href":"https:\/\/fmcomercial.com.py\/index.php\/wp-json\/wp\/v2\/media?parent=1031"}],"wp:term":[{"taxonomy":"product_cat","embeddable":true,"href":"https:\/\/fmcomercial.com.py\/index.php\/wp-json\/wp\/v2\/product_cat?post=1031"},{"taxonomy":"product_tag","embeddable":true,"href":"https:\/\/fmcomercial.com.py\/index.php\/wp-json\/wp\/v2\/product_tag?post=1031"}],"curies":[{"name":"wp","href":"https:\/\/api.w.org\/{rel}","templated":true}]}}