{"id":1096,"date":"2022-05-31T19:29:10","date_gmt":"2022-05-31T19:29:10","guid":{"rendered":"https:\/\/fmcomercial.com.py\/?post_type=product&#038;p=1096"},"modified":"2025-05-27T13:14:16","modified_gmt":"2025-05-27T13:14:16","slug":"juego-de-herramientas-toptul-gcbz120a-120-piezas","status":"publish","type":"product","link":"https:\/\/fmcomercial.com.py\/index.php\/producto\/juego-de-herramientas-toptul-gcbz120a-120-piezas\/","title":{"rendered":"CAJA DE HERRAMIENTAS TOPTUL GCBZ120A 120 PIEZAS"},"content":{"rendered":"","protected":false},"excerpt":{"rendered":"<h4><\/h4>\n<p><strong>Descripci\u00f3n.<\/strong><br \/>\n* Caja de Herramientas 7 comp. y 120 piezas.<br \/>\n*Acabado cromo satinado.<br \/>\n<strong>Contenido:<\/strong><br \/>\n<strong>\u00a0\u00a0\u00a0\u00a0\u00a0\u00a0\u00a0\u00a0Caj\u00f3n 1:<\/strong><br \/>\n* 4 destornilladores antideslizantes planos de 3&#215;75, 4&#215;100, 5.5&#215;100, 6.5x150mm.<br \/>\n* 2 destornilladores cruz antideslizantes de PH1x80 y PH2x100.<br \/>\n* 1 destornillador tipo Pozi antideslizante de PZ2x100.<br \/>\n* 1 destornillador cuadrado antideslizante de SQ2x125.<\/p>\n<p><strong>Caj\u00f3n 2:<\/strong><br \/>\n* 2 Llaves ajustables para trabajos pesados de 8&#8243;y 10&#8243;.<br \/>\n* 1 pinza p\/ bomba de agua con junta de caja de 10&#8243;.<\/p>\n<p><strong>Caj\u00f3n 3:<\/strong><br \/>\n* 1 pinza de corte diagonal para trabajo pesado de 8&#8243;.<br \/>\n* 1 pinza universa de 8&#8243;.<br \/>\n* 1 pinza punta fina de 8&#8243;.<\/p>\n<p><strong>Caj\u00f3n 4:<\/strong><br \/>\n* 19 Llaves Tubo Hex. enc.1\/2&#8243; de 10, 11, 12, 13, 14, 15, 16, 17, 18, 19, 21, 22, 23, 24, 26, 27, 29, 30, 32mm.<br \/>\n* 14 Llaves Tubo Hex. enc.1\/2&#8243; de 3\/8&#8243;, 7\/16&#8243;, 1\/2&#8243;, 9\/16&#8243;, 5\/8&#8243;, 11\/16&#8243;, 3\/4&#8243;, 13\/16&#8243; , 7\/8 \u00ab, 15\/16\u00bb, 1 \u00ab, 1-1 \/ 16&#8243;, 1-1 \/ 8&#8243;, 1-1 \/ 4&#8243;.<br \/>\n* 1 Junta Universal S\u00faper Torque enc. 1\/2\u00bb.<br \/>\n* 2 Barras de extensi\u00f3n enc.1\/2&#8243;de 5&#8243; y 10 \u00ab.<br \/>\n* 1 Mango T deslizante enc.1\/2&#8243; con liberaci\u00f3n r\u00e1pida de 10&#8243;.<br \/>\n* 1 Mango Cricket enc.1\/2&#8243; de 72 dientes con liberaci\u00f3n r\u00e1pida.<br \/>\n* 9 llaves Hex. allen de tipo largo con punta redonda: 1.5, 2, 2.5, 3, 4, 5, 6, 8, 10mm.<br \/>\n* 9 llaves Hex. allen de tipo largo con punta de bola de 1\/16&#8243;, 5\/64&#8243;, 3\/32&#8243;, 1\/8&#8243;, 5\/32&#8243;, 3\/16&#8243;, 1\/4&#8243;, 5\/16&#8243;, 3\/8\u00bb.<\/p>\n<p><strong>Caj\u00f3n 5:<\/strong><br \/>\n* 17 Llaves de combinaci\u00f3n est\u00e1ndar inclinaci\u00f3n 15\u00b0 de 6, 8, 10, 11, 12, 13, 14, 15, 16, 17, 18, 19, 20, 21, 22, 23, 24mm.<br \/>\n* 14 Llaves de combinaci\u00f3n est\u00e1ndar inclinaci\u00f3n 15\u00b0 de 1\/4&#8243;, 5\/16&#8243;, 11\/32&#8243;, 3\/8&#8243;, 7\/16&#8243;, 1\/2&#8243;, 9\/16&#8243;, 5\/8&#8243;, 11 \/ 16&#8243;, 3\/4&#8243;, 13\/16&#8243;, 7\/8&#8243;, 15\/16&#8243;, 1&#8243;.<\/p>\n<p><strong>Caj\u00f3n 6:<\/strong><br \/>\n* 1 Arco de sierra para metales.<br \/>\n* 1 pinza pinza presi\u00f3n de 10&#8243;.<br \/>\n* 6 Botadores Toptul GAAV 6pzs 2-12mm.<br \/>\n* 1 Martillo Bola Toptul HAAC 24oz (680g).<br \/>\n* 1 Destornillador de Impacto enc.1\/2&#8243; de 145mm.<br \/>\n* 1 Portabrocas de cambio r\u00e1pido enc.1\/2&#8243; x 5\/16&#8243; de 38mm.<br \/>\n* 2 Puntas planas enc. 5\/16&#8243; de 1.2&#215;8 mm y 1.6&#215;10 mm de 36mm.<br \/>\n* 2 Puntas cruz enc.5\/16&#8243; de PH2 y PH3 de 36mm.<br \/>\n* 1 destornillador cruz antideslizante de PH3x150.<br \/>\n* 1 destornillador antideslizante plano de 8x175m.<br \/>\n* 1 Destornillador plano de 10x200mm.<\/p>\n","protected":false},"featured_media":1100,"comment_status":"open","ping_status":"closed","template":"","meta":{"site-sidebar-layout":"default","site-content-layout":"default","ast-site-content-layout":"default","site-content-style":"default","site-sidebar-style":"default","ast-global-header-display":"","ast-banner-title-visibility":"","ast-main-header-display":"","ast-hfb-above-header-display":"","ast-hfb-below-header-display":"","ast-hfb-mobile-header-display":"","site-post-title":"","ast-breadcrumbs-content":"","ast-featured-img":"","footer-sml-layout":"","theme-transparent-header-meta":"default","adv-header-id-meta":"","stick-header-meta":"","header-above-stick-meta":"","header-main-stick-meta":"","header-below-stick-meta":"","astra-migrate-meta-layouts":"set","ast-page-background-enabled":"default","ast-page-background-meta":{"desktop":{"background-color":"var(--ast-global-color-4)","background-image":"","background-repeat":"repeat","background-position":"center center","background-size":"auto","background-attachment":"scroll","background-type":"","background-media":"","overlay-type":"","overlay-color":"","overlay-opacity":"","overlay-gradient":""},"tablet":{"background-color":"","background-image":"","background-repeat":"repeat","background-position":"center center","background-size":"auto","background-attachment":"scroll","background-type":"","background-media":"","overlay-type":"","overlay-color":"","overlay-opacity":"","overlay-gradient":""},"mobile":{"background-color":"","background-image":"","background-repeat":"repeat","background-position":"center center","background-size":"auto","background-attachment":"scroll","background-type":"","background-media":"","overlay-type":"","overlay-color":"","overlay-opacity":"","overlay-gradient":""}},"ast-content-background-meta":{"desktop":{"background-color":"var(--ast-global-color-5)","background-image":"","background-repeat":"repeat","background-position":"center center","background-size":"auto","background-attachment":"scroll","background-type":"","background-media":"","overlay-type":"","overlay-color":"","overlay-opacity":"","overlay-gradient":""},"tablet":{"background-color":"var(--ast-global-color-5)","background-image":"","background-repeat":"repeat","background-position":"center center","background-size":"auto","background-attachment":"scroll","background-type":"","background-media":"","overlay-type":"","overlay-color":"","overlay-opacity":"","overlay-gradient":""},"mobile":{"background-color":"var(--ast-global-color-5)","background-image":"","background-repeat":"repeat","background-position":"center center","background-size":"auto","background-attachment":"scroll","background-type":"","background-media":"","overlay-type":"","overlay-color":"","overlay-opacity":"","overlay-gradient":""}}},"product_cat":[23],"product_tag":[],"class_list":{"0":"post-1096","1":"product","2":"type-product","3":"status-publish","4":"has-post-thumbnail","6":"product_cat-herramientas","7":"desktop-align-left","8":"tablet-align-left","9":"mobile-align-left","11":"first","12":"onbackorder","13":"shipping-taxable","14":"purchasable","15":"product-type-simple"},"_links":{"self":[{"href":"https:\/\/fmcomercial.com.py\/index.php\/wp-json\/wp\/v2\/product\/1096","targetHints":{"allow":["GET"]}}],"collection":[{"href":"https:\/\/fmcomercial.com.py\/index.php\/wp-json\/wp\/v2\/product"}],"about":[{"href":"https:\/\/fmcomercial.com.py\/index.php\/wp-json\/wp\/v2\/types\/product"}],"replies":[{"embeddable":true,"href":"https:\/\/fmcomercial.com.py\/index.php\/wp-json\/wp\/v2\/comments?post=1096"}],"wp:featuredmedia":[{"embeddable":true,"href":"https:\/\/fmcomercial.com.py\/index.php\/wp-json\/wp\/v2\/media\/1100"}],"wp:attachment":[{"href":"https:\/\/fmcomercial.com.py\/index.php\/wp-json\/wp\/v2\/media?parent=1096"}],"wp:term":[{"taxonomy":"product_cat","embeddable":true,"href":"https:\/\/fmcomercial.com.py\/index.php\/wp-json\/wp\/v2\/product_cat?post=1096"},{"taxonomy":"product_tag","embeddable":true,"href":"https:\/\/fmcomercial.com.py\/index.php\/wp-json\/wp\/v2\/product_tag?post=1096"}],"curies":[{"name":"wp","href":"https:\/\/api.w.org\/{rel}","templated":true}]}}