{"id":1132,"date":"2022-06-01T16:43:19","date_gmt":"2022-06-01T16:43:19","guid":{"rendered":"https:\/\/fmcomercial.com.py\/?post_type=product&#038;p=1132"},"modified":"2026-02-04T11:03:59","modified_gmt":"2026-02-04T11:03:59","slug":"motor-electrico-valco-1-2-hp","status":"publish","type":"product","link":"https:\/\/fmcomercial.com.py\/index.php\/producto\/motor-electrico-valco-1-2-hp\/","title":{"rendered":"MOTOR EL\u00c9CTRICO VALCO 1\/2 HP"},"content":{"rendered":"","protected":false},"excerpt":{"rendered":"<h4><\/h4>\n<p><strong><span style=\"color: #000000;\">Descripci\u00f3n.<\/span><\/strong><\/p>\n<p>Los motores el\u00e9ctricos hacen parte de un amplio campo de aplicaciones. Son utilizados en cualquier \u00e1mbito de la industria, construcci\u00f3n e incluso en la vida cotidiana siendo utilizados de distintas maneras para proporcionar fuerza motriz a m\u00e1quinas y herramientas, tales como bombas, ventiladores, compresores, engranajes, poleas, etc. Valco cuenta con una gran variedad de motores el\u00e9ctricos de diferentes potencias para proporcionarte un producto de calidad id\u00f3neo para suplir tus necesidades y empezar a llevar tu producci\u00f3n en talleres, constructoras, f\u00e1bricas e industrias a otro nivel.<\/p>\n<p>&nbsp;<\/p>\n","protected":false},"featured_media":5146,"comment_status":"open","ping_status":"closed","template":"","meta":{"site-sidebar-layout":"default","site-content-layout":"default","ast-site-content-layout":"default","site-content-style":"default","site-sidebar-style":"default","ast-global-header-display":"","ast-banner-title-visibility":"","ast-main-header-display":"","ast-hfb-above-header-display":"","ast-hfb-below-header-display":"","ast-hfb-mobile-header-display":"","site-post-title":"","ast-breadcrumbs-content":"","ast-featured-img":"","footer-sml-layout":"","theme-transparent-header-meta":"default","adv-header-id-meta":"","stick-header-meta":"","header-above-stick-meta":"","header-main-stick-meta":"","header-below-stick-meta":"","astra-migrate-meta-layouts":"set","ast-page-background-enabled":"default","ast-page-background-meta":{"desktop":{"background-color":"var(--ast-global-color-4)","background-image":"","background-repeat":"repeat","background-position":"center center","background-size":"auto","background-attachment":"scroll","background-type":"","background-media":"","overlay-type":"","overlay-color":"","overlay-opacity":"","overlay-gradient":""},"tablet":{"background-color":"","background-image":"","background-repeat":"repeat","background-position":"center center","background-size":"auto","background-attachment":"scroll","background-type":"","background-media":"","overlay-type":"","overlay-color":"","overlay-opacity":"","overlay-gradient":""},"mobile":{"background-color":"","background-image":"","background-repeat":"repeat","background-position":"center center","background-size":"auto","background-attachment":"scroll","background-type":"","background-media":"","overlay-type":"","overlay-color":"","overlay-opacity":"","overlay-gradient":""}},"ast-content-background-meta":{"desktop":{"background-color":"var(--ast-global-color-5)","background-image":"","background-repeat":"repeat","background-position":"center center","background-size":"auto","background-attachment":"scroll","background-type":"","background-media":"","overlay-type":"","overlay-color":"","overlay-opacity":"","overlay-gradient":""},"tablet":{"background-color":"var(--ast-global-color-5)","background-image":"","background-repeat":"repeat","background-position":"center center","background-size":"auto","background-attachment":"scroll","background-type":"","background-media":"","overlay-type":"","overlay-color":"","overlay-opacity":"","overlay-gradient":""},"mobile":{"background-color":"var(--ast-global-color-5)","background-image":"","background-repeat":"repeat","background-position":"center center","background-size":"auto","background-attachment":"scroll","background-type":"","background-media":"","overlay-type":"","overlay-color":"","overlay-opacity":"","overlay-gradient":""}}},"product_cat":[31,27,33,36],"product_tag":[],"class_list":{"0":"post-1132","1":"product","2":"type-product","3":"status-publish","4":"has-post-thumbnail","6":"product_cat-electricidad","7":"product_cat-ferreteria","8":"product_cat-plomeria","9":"product_cat-plomeria-ferreteria","10":"desktop-align-left","11":"tablet-align-left","12":"mobile-align-left","14":"first","15":"onbackorder","16":"shipping-taxable","17":"purchasable","18":"product-type-simple"},"_links":{"self":[{"href":"https:\/\/fmcomercial.com.py\/index.php\/wp-json\/wp\/v2\/product\/1132","targetHints":{"allow":["GET"]}}],"collection":[{"href":"https:\/\/fmcomercial.com.py\/index.php\/wp-json\/wp\/v2\/product"}],"about":[{"href":"https:\/\/fmcomercial.com.py\/index.php\/wp-json\/wp\/v2\/types\/product"}],"replies":[{"embeddable":true,"href":"https:\/\/fmcomercial.com.py\/index.php\/wp-json\/wp\/v2\/comments?post=1132"}],"wp:featuredmedia":[{"embeddable":true,"href":"https:\/\/fmcomercial.com.py\/index.php\/wp-json\/wp\/v2\/media\/5146"}],"wp:attachment":[{"href":"https:\/\/fmcomercial.com.py\/index.php\/wp-json\/wp\/v2\/media?parent=1132"}],"wp:term":[{"taxonomy":"product_cat","embeddable":true,"href":"https:\/\/fmcomercial.com.py\/index.php\/wp-json\/wp\/v2\/product_cat?post=1132"},{"taxonomy":"product_tag","embeddable":true,"href":"https:\/\/fmcomercial.com.py\/index.php\/wp-json\/wp\/v2\/product_tag?post=1132"}],"curies":[{"name":"wp","href":"https:\/\/api.w.org\/{rel}","templated":true}]}}