{"id":1360,"date":"2022-06-09T19:01:35","date_gmt":"2022-06-09T19:01:35","guid":{"rendered":"https:\/\/fmcomercial.com.py\/?post_type=product&#038;p=1360"},"modified":"2024-11-18T18:33:13","modified_gmt":"2024-11-18T18:33:13","slug":"planchita-ga-ma-starlight-wl-d-3d-blue-titanium-bivolt-928-3670","status":"publish","type":"product","link":"https:\/\/fmcomercial.com.py\/index.php\/producto\/planchita-ga-ma-starlight-wl-d-3d-blue-titanium-bivolt-928-3670\/","title":{"rendered":"PLANCHITA GA.MA STARLIGHT W&#038;L D 3D BLUE TITANIUM BIVOLT 928-3670"},"content":{"rendered":"","protected":false},"excerpt":{"rendered":"<h4><span style=\"color: #0000ff;\"><strong>CUOTAS.<\/strong><\/span><br \/>\n<span style=\"color: #0000ff;\"><strong>\u00a0 3 x 225.000Gs.<\/strong><\/span><br \/>\n<span style=\"color: #0000ff;\"><strong>\u00a0 4 x 178.000Gs.<\/strong><\/span><br \/>\n<span style=\"color: #0000ff;\"><strong>\u00a06 x 126.000Gs.<\/strong><\/span><\/h4>\n<p><strong>Descripci\u00f3n.<\/strong><br \/>\n* Control de Temperatura: Regulable Digital.<br \/>\n* Tama\u00f1o del pat\u00edn: Wide &amp; Long 110x30mm.<br \/>\n* Temperatura M\u00e1xima: 230\u00b0C.<br \/>\n* Accesorios: Cable rotativo y Aro para colgar.<br \/>\n* Beneficios: 3D Therapy Ion Plus<br \/>\n* Cobertura del Pat\u00edn: Titanio.<br \/>\n* Voltaje: Bivolt 110\/220 volts.<br \/>\n* Sus placas Wide &amp; Long de 12 cm. de longitud, te permitir\u00e1n conseguir un alisado perfecto.<br \/>\n* Patines de TITANIO: ultrarresistentes que aportan un deslizamiento perfecto.<br \/>\n* Ideal para uso con tratamientos qu\u00edmicos.<br \/>\n* 3D Therapy: Basada en la tecnolog\u00eda Ion plus que emite un 80% m\u00e1s de iones negativos en comparaci\u00f3n a las dem\u00e1s planchas. Los iones negativos tienen tres efectos sobre el cabello,reconstruyen,dan brillo y quitan el Frizz.<\/p>\n<p>El tip de silicona en las puntas y el cable giratorio permiten la manipulaci\u00f3n perfecta de la plancha sin limitaci\u00f3n alguna, sobre todo a la hora de realizar rulos.<br \/>\nLos patines cuentan con la tecnolog\u00eda Suspensi\u00f3n System, la cual permite un mejor deslizamiento sin fricciones, gracias a que los mismos se adec\u00faen al movimiento del cabello y la plancha.<\/p>\n","protected":false},"featured_media":1362,"comment_status":"open","ping_status":"closed","template":"","meta":{"site-sidebar-layout":"default","site-content-layout":"default","ast-site-content-layout":"default","site-content-style":"default","site-sidebar-style":"default","ast-global-header-display":"","ast-banner-title-visibility":"","ast-main-header-display":"","ast-hfb-above-header-display":"","ast-hfb-below-header-display":"","ast-hfb-mobile-header-display":"","site-post-title":"","ast-breadcrumbs-content":"","ast-featured-img":"","footer-sml-layout":"","theme-transparent-header-meta":"default","adv-header-id-meta":"","stick-header-meta":"","header-above-stick-meta":"","header-main-stick-meta":"","header-below-stick-meta":"","astra-migrate-meta-layouts":"set","ast-page-background-enabled":"default","ast-page-background-meta":{"desktop":{"background-color":"var(--ast-global-color-4)","background-image":"","background-repeat":"repeat","background-position":"center center","background-size":"auto","background-attachment":"scroll","background-type":"","background-media":"","overlay-type":"","overlay-color":"","overlay-opacity":"","overlay-gradient":""},"tablet":{"background-color":"","background-image":"","background-repeat":"repeat","background-position":"center center","background-size":"auto","background-attachment":"scroll","background-type":"","background-media":"","overlay-type":"","overlay-color":"","overlay-opacity":"","overlay-gradient":""},"mobile":{"background-color":"","background-image":"","background-repeat":"repeat","background-position":"center center","background-size":"auto","background-attachment":"scroll","background-type":"","background-media":"","overlay-type":"","overlay-color":"","overlay-opacity":"","overlay-gradient":""}},"ast-content-background-meta":{"desktop":{"background-color":"var(--ast-global-color-5)","background-image":"","background-repeat":"repeat","background-position":"center center","background-size":"auto","background-attachment":"scroll","background-type":"","background-media":"","overlay-type":"","overlay-color":"","overlay-opacity":"","overlay-gradient":""},"tablet":{"background-color":"var(--ast-global-color-5)","background-image":"","background-repeat":"repeat","background-position":"center center","background-size":"auto","background-attachment":"scroll","background-type":"","background-media":"","overlay-type":"","overlay-color":"","overlay-opacity":"","overlay-gradient":""},"mobile":{"background-color":"var(--ast-global-color-5)","background-image":"","background-repeat":"repeat","background-position":"center center","background-size":"auto","background-attachment":"scroll","background-type":"","background-media":"","overlay-type":"","overlay-color":"","overlay-opacity":"","overlay-gradient":""}}},"product_cat":[30],"product_tag":[],"class_list":{"0":"post-1360","1":"product","2":"type-product","3":"status-publish","4":"has-post-thumbnail","6":"product_cat-cuidado-personal","7":"desktop-align-left","8":"tablet-align-left","9":"mobile-align-left","11":"first","12":"outofstock","13":"shipping-taxable","14":"purchasable","15":"product-type-simple"},"_links":{"self":[{"href":"https:\/\/fmcomercial.com.py\/index.php\/wp-json\/wp\/v2\/product\/1360","targetHints":{"allow":["GET"]}}],"collection":[{"href":"https:\/\/fmcomercial.com.py\/index.php\/wp-json\/wp\/v2\/product"}],"about":[{"href":"https:\/\/fmcomercial.com.py\/index.php\/wp-json\/wp\/v2\/types\/product"}],"replies":[{"embeddable":true,"href":"https:\/\/fmcomercial.com.py\/index.php\/wp-json\/wp\/v2\/comments?post=1360"}],"wp:featuredmedia":[{"embeddable":true,"href":"https:\/\/fmcomercial.com.py\/index.php\/wp-json\/wp\/v2\/media\/1362"}],"wp:attachment":[{"href":"https:\/\/fmcomercial.com.py\/index.php\/wp-json\/wp\/v2\/media?parent=1360"}],"wp:term":[{"taxonomy":"product_cat","embeddable":true,"href":"https:\/\/fmcomercial.com.py\/index.php\/wp-json\/wp\/v2\/product_cat?post=1360"},{"taxonomy":"product_tag","embeddable":true,"href":"https:\/\/fmcomercial.com.py\/index.php\/wp-json\/wp\/v2\/product_tag?post=1360"}],"curies":[{"name":"wp","href":"https:\/\/api.w.org\/{rel}","templated":true}]}}