{"id":1385,"date":"2022-06-09T20:45:56","date_gmt":"2022-06-09T20:45:56","guid":{"rendered":"https:\/\/fmcomercial.com.py\/?post_type=product&#038;p=1385"},"modified":"2022-06-09T20:45:56","modified_gmt":"2022-06-09T20:45:56","slug":"secador-de-pelo-ga-ma-diamond-3d-titan-keratin-220-914-3748","status":"publish","type":"product","link":"https:\/\/fmcomercial.com.py\/index.php\/producto\/secador-de-pelo-ga-ma-diamond-3d-titan-keratin-220-914-3748\/","title":{"rendered":"SECADOR DE PELO GA.MA DIAMOND 3D TITAN KERATIN 220 914-3748"},"content":{"rendered":"","protected":false},"excerpt":{"rendered":"<h4><span style=\"color: #0000ff;\"><strong>CUOTAS.<\/strong><\/span><br \/>\n<span style=\"color: #0000ff;\"><strong>\u00a0 3 x 135.000Gs.<\/strong><\/span><br \/>\n<span style=\"color: #0000ff;\"><strong>\u00a0 4 x 107.000Gs.<\/strong><\/span><br \/>\n<span style=\"color: #0000ff;\"><strong>\u00a0 6 x 76.000Gs.<\/strong><\/span><\/h4>\n<p><strong>Descripci\u00f3n.<\/strong><br \/>\n* Temperaturas: 3.<br \/>\n* Velocidades: 2.<br \/>\n* Tecnolog\u00eda: 3D Therapy \/ Micro Glitt.<br \/>\n* Potencia: 1.900W.<br \/>\n* Incluye boquilla y difusor.<\/p>\n<p>El secador Diamond 3D Titan Keratin contiene la exclusiva tecnolog\u00eda Micro Glitt que protege la keratina natural del cabello.<\/p>\n<p>Este secador cuenta con 6 combinaciones de 3 temperaturas y 2 velocidades, adem\u00e1s del chorro de aire fr\u00edo. Y la Tecnolog\u00eda 3D Therapy con la que cuenta naci\u00f3 como fruto de a\u00f1os de estudios acerca de la fibra capilar.<\/p>\n<p>Nuestro objetivo era que las principales herramientas de hairstyling contaran con la tecnolog\u00eda necesaria para obtener un peinado perfecto y, al mismo tiempo, mejorar la salud del cabello, reconstruyendo la estructura molecular y dej\u00e1ndolo m\u00e1s luminoso y brillante. El resultado es la innovadora tecnolog\u00eda Ion Plus.<\/p>\n<p>Sabiendo que los iones aportan grandes beneficios al cabello, hemos desarrollado esta tecnolog\u00eda que emite una cantidad de part\u00edculas hasta un 80 % superior respecto a otros sistemas i\u00f3nicos. Los resultados han sido sorprendentes.<\/p>\n<p>Los iones, si se emiten en grandes cantidades, ayudan a cerrar las cut\u00edculas y a que se unan las unas con las otras para obtener un resultado homog\u00e9neo y uniforme. De esta forma, se reconstruye la superficie externa del cabello y el cabello seco y desfibrado recupera su humedad natural (que la conserva con las cut\u00edculas cerradas) y deja el cabello m\u00e1s hidratado, el\u00e1stico, sano y fuerte. Tambi\u00e9n contribuye a eliminar el tan molesto efecto encrespado y el cabello electrizado, dejando una melena m\u00e1s brillante, resplandeciente y disciplinada. Como regalo recibir\u00e1s 1 boquilla y 1 difusor.<\/p>\n<p>Para potenciar los beneficios de esta tecnolog\u00eda, recomendamos el uso de la plancha Elegance Led Titan Keratin X Wide Titan Keratin seg\u00fan la cantidad de cabello.<\/p>\n","protected":false},"featured_media":1388,"comment_status":"open","ping_status":"closed","template":"","meta":{"site-sidebar-layout":"default","site-content-layout":"default","ast-site-content-layout":"","site-content-style":"default","site-sidebar-style":"default","ast-global-header-display":"","ast-banner-title-visibility":"","ast-main-header-display":"","ast-hfb-above-header-display":"","ast-hfb-below-header-display":"","ast-hfb-mobile-header-display":"","site-post-title":"","ast-breadcrumbs-content":"","ast-featured-img":"","footer-sml-layout":"","theme-transparent-header-meta":"default","adv-header-id-meta":"","stick-header-meta":"","header-above-stick-meta":"","header-main-stick-meta":"","header-below-stick-meta":"","astra-migrate-meta-layouts":"default","ast-page-background-enabled":"default","ast-page-background-meta":{"desktop":{"background-color":"var(--ast-global-color-4)","background-image":"","background-repeat":"repeat","background-position":"center center","background-size":"auto","background-attachment":"scroll","background-type":"","background-media":"","overlay-type":"","overlay-color":"","overlay-opacity":"","overlay-gradient":""},"tablet":{"background-color":"","background-image":"","background-repeat":"repeat","background-position":"center center","background-size":"auto","background-attachment":"scroll","background-type":"","background-media":"","overlay-type":"","overlay-color":"","overlay-opacity":"","overlay-gradient":""},"mobile":{"background-color":"","background-image":"","background-repeat":"repeat","background-position":"center center","background-size":"auto","background-attachment":"scroll","background-type":"","background-media":"","overlay-type":"","overlay-color":"","overlay-opacity":"","overlay-gradient":""}},"ast-content-background-meta":{"desktop":{"background-color":"var(--ast-global-color-5)","background-image":"","background-repeat":"repeat","background-position":"center center","background-size":"auto","background-attachment":"scroll","background-type":"","background-media":"","overlay-type":"","overlay-color":"","overlay-opacity":"","overlay-gradient":""},"tablet":{"background-color":"var(--ast-global-color-5)","background-image":"","background-repeat":"repeat","background-position":"center center","background-size":"auto","background-attachment":"scroll","background-type":"","background-media":"","overlay-type":"","overlay-color":"","overlay-opacity":"","overlay-gradient":""},"mobile":{"background-color":"var(--ast-global-color-5)","background-image":"","background-repeat":"repeat","background-position":"center center","background-size":"auto","background-attachment":"scroll","background-type":"","background-media":"","overlay-type":"","overlay-color":"","overlay-opacity":"","overlay-gradient":""}}},"product_cat":[30],"product_tag":[],"class_list":{"0":"post-1385","1":"product","2":"type-product","3":"status-publish","4":"has-post-thumbnail","6":"product_cat-cuidado-personal","7":"desktop-align-left","8":"tablet-align-left","9":"mobile-align-left","11":"first","12":"instock","13":"shipping-taxable","14":"purchasable","15":"product-type-simple"},"_links":{"self":[{"href":"https:\/\/fmcomercial.com.py\/index.php\/wp-json\/wp\/v2\/product\/1385","targetHints":{"allow":["GET"]}}],"collection":[{"href":"https:\/\/fmcomercial.com.py\/index.php\/wp-json\/wp\/v2\/product"}],"about":[{"href":"https:\/\/fmcomercial.com.py\/index.php\/wp-json\/wp\/v2\/types\/product"}],"replies":[{"embeddable":true,"href":"https:\/\/fmcomercial.com.py\/index.php\/wp-json\/wp\/v2\/comments?post=1385"}],"wp:featuredmedia":[{"embeddable":true,"href":"https:\/\/fmcomercial.com.py\/index.php\/wp-json\/wp\/v2\/media\/1388"}],"wp:attachment":[{"href":"https:\/\/fmcomercial.com.py\/index.php\/wp-json\/wp\/v2\/media?parent=1385"}],"wp:term":[{"taxonomy":"product_cat","embeddable":true,"href":"https:\/\/fmcomercial.com.py\/index.php\/wp-json\/wp\/v2\/product_cat?post=1385"},{"taxonomy":"product_tag","embeddable":true,"href":"https:\/\/fmcomercial.com.py\/index.php\/wp-json\/wp\/v2\/product_tag?post=1385"}],"curies":[{"name":"wp","href":"https:\/\/api.w.org\/{rel}","templated":true}]}}