{"id":1389,"date":"2022-06-09T20:58:00","date_gmt":"2022-06-09T20:58:00","guid":{"rendered":"https:\/\/fmcomercial.com.py\/?post_type=product&#038;p=1389"},"modified":"2022-06-09T20:58:00","modified_gmt":"2022-06-09T20:58:00","slug":"secador-de-pelo-ga-ma-modena-ion-negro-914-3790","status":"publish","type":"product","link":"https:\/\/fmcomercial.com.py\/index.php\/producto\/secador-de-pelo-ga-ma-modena-ion-negro-914-3790\/","title":{"rendered":"SECADOR DE PELO GA.MA MODENA ION NEGRO 914-3790"},"content":{"rendered":"","protected":false},"excerpt":{"rendered":"<h4><span style=\"color: #0000ff;\"><strong>CUOTAS.<\/strong><\/span><br \/>\n<span style=\"color: #0000ff;\"><strong>\u00a0 3 x 166.000Gs.<\/strong><\/span><br \/>\n<span style=\"color: #0000ff;\"><strong>\u00a0 \u00a04 x 131.000Gs.<\/strong><\/span><br \/>\n<span style=\"color: #0000ff;\"><strong>\u00a0 \u00a0 6 x 93.000Gs.<\/strong><\/span><\/h4>\n<p><strong>Descripci\u00f3n.<\/strong><br \/>\n* Peinados perfectos asegurados con el Modena Ion.<br \/>\n* Una herramienta profesional de \u00faltima generaci\u00f3n para todos los estilistas que busquen la excelencia en el sal\u00f3n.<br \/>\n* El Modena Ion tiene una tecnolog\u00eda de avanzada denominada System C, dise\u00f1ada exclusivamente para el profesional, esta tecnolog\u00eda detecta el<br \/>\nsobrecalentamiento del secador y regula la temperatura operativa de la resistencia, generando un balance entre temperatura y caudal de aire.<br \/>\n* El secador se protege y no hay riesgo de sobrecalentamiento. De esta manera el estilista no debe verse forzado a interrumpir su trabajo.<br \/>\n* Adem\u00e1s de esta revolucionaria caracter\u00edstica, el secador tiene un potente motor AC ideal para cumplir con el exigente uso diario del sal\u00f3n.<br \/>\n* Cuenta con tecnolog\u00eda Tourmaline: su rejilla est\u00e1 cubierta con Tourmalina, capaz de generar calor infrarrojo lejano que logra la protecci\u00f3n del<br \/>\ncabello a lo largo de todo el secado.<br \/>\n* Incluye 2 boquillas ultrafinas, una de 6cm y 9cm.<br \/>\n* 3 temperaturas.<br \/>\n* 2 velocidades.<\/p>\n","protected":false},"featured_media":1390,"comment_status":"open","ping_status":"closed","template":"","meta":{"site-sidebar-layout":"default","site-content-layout":"default","ast-site-content-layout":"","site-content-style":"default","site-sidebar-style":"default","ast-global-header-display":"","ast-banner-title-visibility":"","ast-main-header-display":"","ast-hfb-above-header-display":"","ast-hfb-below-header-display":"","ast-hfb-mobile-header-display":"","site-post-title":"","ast-breadcrumbs-content":"","ast-featured-img":"","footer-sml-layout":"","theme-transparent-header-meta":"default","adv-header-id-meta":"","stick-header-meta":"","header-above-stick-meta":"","header-main-stick-meta":"","header-below-stick-meta":"","astra-migrate-meta-layouts":"default","ast-page-background-enabled":"default","ast-page-background-meta":{"desktop":{"background-color":"var(--ast-global-color-4)","background-image":"","background-repeat":"repeat","background-position":"center center","background-size":"auto","background-attachment":"scroll","background-type":"","background-media":"","overlay-type":"","overlay-color":"","overlay-opacity":"","overlay-gradient":""},"tablet":{"background-color":"","background-image":"","background-repeat":"repeat","background-position":"center center","background-size":"auto","background-attachment":"scroll","background-type":"","background-media":"","overlay-type":"","overlay-color":"","overlay-opacity":"","overlay-gradient":""},"mobile":{"background-color":"","background-image":"","background-repeat":"repeat","background-position":"center center","background-size":"auto","background-attachment":"scroll","background-type":"","background-media":"","overlay-type":"","overlay-color":"","overlay-opacity":"","overlay-gradient":""}},"ast-content-background-meta":{"desktop":{"background-color":"var(--ast-global-color-5)","background-image":"","background-repeat":"repeat","background-position":"center center","background-size":"auto","background-attachment":"scroll","background-type":"","background-media":"","overlay-type":"","overlay-color":"","overlay-opacity":"","overlay-gradient":""},"tablet":{"background-color":"var(--ast-global-color-5)","background-image":"","background-repeat":"repeat","background-position":"center center","background-size":"auto","background-attachment":"scroll","background-type":"","background-media":"","overlay-type":"","overlay-color":"","overlay-opacity":"","overlay-gradient":""},"mobile":{"background-color":"var(--ast-global-color-5)","background-image":"","background-repeat":"repeat","background-position":"center center","background-size":"auto","background-attachment":"scroll","background-type":"","background-media":"","overlay-type":"","overlay-color":"","overlay-opacity":"","overlay-gradient":""}}},"product_cat":[30],"product_tag":[],"class_list":{"0":"post-1389","1":"product","2":"type-product","3":"status-publish","4":"has-post-thumbnail","6":"product_cat-cuidado-personal","7":"desktop-align-left","8":"tablet-align-left","9":"mobile-align-left","11":"first","12":"instock","13":"shipping-taxable","14":"purchasable","15":"product-type-simple"},"_links":{"self":[{"href":"https:\/\/fmcomercial.com.py\/index.php\/wp-json\/wp\/v2\/product\/1389","targetHints":{"allow":["GET"]}}],"collection":[{"href":"https:\/\/fmcomercial.com.py\/index.php\/wp-json\/wp\/v2\/product"}],"about":[{"href":"https:\/\/fmcomercial.com.py\/index.php\/wp-json\/wp\/v2\/types\/product"}],"replies":[{"embeddable":true,"href":"https:\/\/fmcomercial.com.py\/index.php\/wp-json\/wp\/v2\/comments?post=1389"}],"wp:featuredmedia":[{"embeddable":true,"href":"https:\/\/fmcomercial.com.py\/index.php\/wp-json\/wp\/v2\/media\/1390"}],"wp:attachment":[{"href":"https:\/\/fmcomercial.com.py\/index.php\/wp-json\/wp\/v2\/media?parent=1389"}],"wp:term":[{"taxonomy":"product_cat","embeddable":true,"href":"https:\/\/fmcomercial.com.py\/index.php\/wp-json\/wp\/v2\/product_cat?post=1389"},{"taxonomy":"product_tag","embeddable":true,"href":"https:\/\/fmcomercial.com.py\/index.php\/wp-json\/wp\/v2\/product_tag?post=1389"}],"curies":[{"name":"wp","href":"https:\/\/api.w.org\/{rel}","templated":true}]}}