{"id":1431,"date":"2022-06-14T21:40:24","date_gmt":"2022-06-14T21:40:24","guid":{"rendered":"https:\/\/fmcomercial.com.py\/?post_type=product&#038;p=1431"},"modified":"2024-11-18T19:13:44","modified_gmt":"2024-11-18T19:13:44","slug":"corta-pelo-profesional-thrive-model-808-2-13-212","status":"publish","type":"product","link":"https:\/\/fmcomercial.com.py\/index.php\/producto\/corta-pelo-profesional-thrive-model-808-2-13-212\/","title":{"rendered":"CORTA PELO PROFESIONAL THRIVE MODEL 808-2 13-212"},"content":{"rendered":"","protected":false},"excerpt":{"rendered":"<h4><span style=\"color: #0000ff;\"><strong>CUOTAS.<\/strong><\/span><br \/>\n<span style=\"color: #0000ff;\"><strong>\u00a0 6 x 155.000Gs.<\/strong><\/span><br \/>\n<span style=\"color: #0000ff;\"><strong>\u00a0 8 x 119.000Gs.<\/strong><\/span><br \/>\n<span style=\"color: #0000ff;\"><strong>\u00a0 10 x 98.000Gs.<\/strong><\/span><\/h4>\n<p><strong>Descripci\u00f3n.<\/strong><br \/>\n* M\u00e1quina cortapelo el\u00e9ctrica de potente motor AC rotativo de larga vida.<br \/>\n* Esta m\u00e1quina es ideal para el corte de personas y animales de cualquier complejidad.<br \/>\n* El motor (1 velocidad) de Thrive es rotativo, es decir, el m\u00e1s moderno, econ\u00f3mico y fiable.<br \/>\n* La virtual ausencia de vibraciones y ruido, se logra mediante el uso adicional en el dise\u00f1o de rodamientos de alta precisi\u00f3n, que es la principal caracter\u00edstica distintiva de las m\u00e1quinas de Thrive respecto a otros fabricantes. La presencia de los rodamientos tambi\u00e9n aumenta en gran medida la vida \u00fatil del motor rotativo. La capacidad de todas las m\u00e1quinas de Thrive, medido en la fuerza de las cuchillas y por lo tanto siendo su valor real, no disminuye con el uso.<br \/>\n* Todas las cuchillas Thrive est\u00e1n hechas de acero al carbono utilizando la m\u00e1s moderna nanotecnolog\u00eda.<br \/>\n* Su alta tecnolog\u00eda en el corte es ideal para cortar todo tipo de pelo y elimina la aparici\u00f3n de puntas abiertas.<br \/>\n* El Quick-blade hace un cambio r\u00e1pido de la cuchilla para poder limpiar f\u00e1cilmente la grasa y el mecanismo de trabajo.<br \/>\n* Para el corte de pelo universal de cualquier tipo de cabello, la unidad de disco utiliza una cuchilla de goma dura, proporcionando una mayor resistencia y fiabilidad.<br \/>\n* La vida del bloque que sujeta las cuchillas, es m\u00e1s del doble que el de los principales fabricantes de otras cuchillas.<br \/>\n* La m\u00e1quina y las cuchillas son de f\u00e1cil extracci\u00f3n y limpieza. La unidad donde se aloja la cuchilla esta hecha de acero inoxidable forjado \u00abMade in Japan\u00bb.<\/p>\n","protected":false},"featured_media":1432,"comment_status":"open","ping_status":"closed","template":"","meta":{"site-sidebar-layout":"default","site-content-layout":"default","ast-site-content-layout":"default","site-content-style":"default","site-sidebar-style":"default","ast-global-header-display":"","ast-banner-title-visibility":"","ast-main-header-display":"","ast-hfb-above-header-display":"","ast-hfb-below-header-display":"","ast-hfb-mobile-header-display":"","site-post-title":"","ast-breadcrumbs-content":"","ast-featured-img":"","footer-sml-layout":"","theme-transparent-header-meta":"default","adv-header-id-meta":"","stick-header-meta":"","header-above-stick-meta":"","header-main-stick-meta":"","header-below-stick-meta":"","astra-migrate-meta-layouts":"set","ast-page-background-enabled":"default","ast-page-background-meta":{"desktop":{"background-color":"var(--ast-global-color-4)","background-image":"","background-repeat":"repeat","background-position":"center center","background-size":"auto","background-attachment":"scroll","background-type":"","background-media":"","overlay-type":"","overlay-color":"","overlay-opacity":"","overlay-gradient":""},"tablet":{"background-color":"","background-image":"","background-repeat":"repeat","background-position":"center center","background-size":"auto","background-attachment":"scroll","background-type":"","background-media":"","overlay-type":"","overlay-color":"","overlay-opacity":"","overlay-gradient":""},"mobile":{"background-color":"","background-image":"","background-repeat":"repeat","background-position":"center center","background-size":"auto","background-attachment":"scroll","background-type":"","background-media":"","overlay-type":"","overlay-color":"","overlay-opacity":"","overlay-gradient":""}},"ast-content-background-meta":{"desktop":{"background-color":"var(--ast-global-color-5)","background-image":"","background-repeat":"repeat","background-position":"center center","background-size":"auto","background-attachment":"scroll","background-type":"","background-media":"","overlay-type":"","overlay-color":"","overlay-opacity":"","overlay-gradient":""},"tablet":{"background-color":"var(--ast-global-color-5)","background-image":"","background-repeat":"repeat","background-position":"center center","background-size":"auto","background-attachment":"scroll","background-type":"","background-media":"","overlay-type":"","overlay-color":"","overlay-opacity":"","overlay-gradient":""},"mobile":{"background-color":"var(--ast-global-color-5)","background-image":"","background-repeat":"repeat","background-position":"center center","background-size":"auto","background-attachment":"scroll","background-type":"","background-media":"","overlay-type":"","overlay-color":"","overlay-opacity":"","overlay-gradient":""}}},"product_cat":[30],"product_tag":[],"class_list":{"0":"post-1431","1":"product","2":"type-product","3":"status-publish","4":"has-post-thumbnail","6":"product_cat-cuidado-personal","7":"desktop-align-left","8":"tablet-align-left","9":"mobile-align-left","11":"first","12":"instock","13":"shipping-taxable","14":"purchasable","15":"product-type-simple"},"_links":{"self":[{"href":"https:\/\/fmcomercial.com.py\/index.php\/wp-json\/wp\/v2\/product\/1431","targetHints":{"allow":["GET"]}}],"collection":[{"href":"https:\/\/fmcomercial.com.py\/index.php\/wp-json\/wp\/v2\/product"}],"about":[{"href":"https:\/\/fmcomercial.com.py\/index.php\/wp-json\/wp\/v2\/types\/product"}],"replies":[{"embeddable":true,"href":"https:\/\/fmcomercial.com.py\/index.php\/wp-json\/wp\/v2\/comments?post=1431"}],"wp:featuredmedia":[{"embeddable":true,"href":"https:\/\/fmcomercial.com.py\/index.php\/wp-json\/wp\/v2\/media\/1432"}],"wp:attachment":[{"href":"https:\/\/fmcomercial.com.py\/index.php\/wp-json\/wp\/v2\/media?parent=1431"}],"wp:term":[{"taxonomy":"product_cat","embeddable":true,"href":"https:\/\/fmcomercial.com.py\/index.php\/wp-json\/wp\/v2\/product_cat?post=1431"},{"taxonomy":"product_tag","embeddable":true,"href":"https:\/\/fmcomercial.com.py\/index.php\/wp-json\/wp\/v2\/product_tag?post=1431"}],"curies":[{"name":"wp","href":"https:\/\/api.w.org\/{rel}","templated":true}]}}