{"id":1481,"date":"2022-06-15T20:08:17","date_gmt":"2022-06-15T20:08:17","guid":{"rendered":"https:\/\/fmcomercial.com.py\/?post_type=product&#038;p=1481"},"modified":"2025-12-01T20:20:30","modified_gmt":"2025-12-01T20:20:30","slug":"aire-acond-jam-split-12-000btuf-c-jf-12chrn1-r410a","status":"publish","type":"product","link":"https:\/\/fmcomercial.com.py\/index.php\/producto\/aire-acond-jam-split-12-000btuf-c-jf-12chrn1-r410a\/","title":{"rendered":"AIRE ACOND. JAM SPLIT 12.000BTUF\/C JF-12CHRN1 R410A"},"content":{"rendered":"","protected":false},"excerpt":{"rendered":"<h1><span style=\"color: #ff0000;\"><em><strong><img loading=\"lazy\" decoding=\"async\" class=\"alignnone size-medium wp-image-5206\" src=\"https:\/\/fmcomercial.com.py\/wp-content\/uploads\/2022\/06\/oferta-300x300.png\" alt=\"\" width=\"300\" height=\"300\" srcset=\"https:\/\/fmcomercial.com.py\/wp-content\/uploads\/2022\/06\/oferta-300x300.png 300w, https:\/\/fmcomercial.com.py\/wp-content\/uploads\/2022\/06\/oferta-150x150.png 150w, https:\/\/fmcomercial.com.py\/wp-content\/uploads\/2022\/06\/oferta-600x600.png 600w, https:\/\/fmcomercial.com.py\/wp-content\/uploads\/2022\/06\/oferta-100x100.png 100w, https:\/\/fmcomercial.com.py\/wp-content\/uploads\/2022\/06\/oferta-64x64.png 64w, https:\/\/fmcomercial.com.py\/wp-content\/uploads\/2022\/06\/oferta.png 626w\" sizes=\"auto, (max-width: 300px) 100vw, 300px\" \/><\/strong><\/em><\/span><\/h1>\n<h1><span style=\"color: #ff0000;\"><em><strong>S\u00daPER PROMO AGUINALDO\u00a0<\/strong><\/em><\/span><\/h1>\n<h1><span style=\"color: #ff0000;\"><strong>\u00a0 CUOTAS.<\/strong><\/span><br \/>\n<span style=\"color: #ff0000;\"><strong>12 x 284.000Gs.<\/strong><\/span><\/h1>\n<p><strong>Descripci\u00f3n.<\/strong><br \/>\n* Capacidad: 12.000BTU.<br \/>\n* Gas ecol\u00f3gico R410A.<br \/>\n* Tipo Split Frio\/Calor.<br \/>\n* Bajo consumo.<br \/>\n* S\u00faper silencioso.<br \/>\n* Control remoto.<\/p>\n<p style=\"font-size: 16px;\">En primer lugar, debes conocer la superficie total que quieres climatizar. Los instaladores utilizan como referencia 1.000 BTU por cada metro cuadrado que quieras refrigerar. Por ejemplo, una habitaci\u00f3n de 3m x 4m son 12 metros cuadrados, tu Aire deber\u00eda ser JAM de 12.000 BTU. Este es un c\u00e1lculo estimativo, aunque hay otros factores a tener en cuenta.<\/p>\n<p>\u00a0Monof\u00e1sico.<\/p>\n<p>&nbsp;<\/p>\n","protected":false},"featured_media":1483,"comment_status":"open","ping_status":"closed","template":"","meta":{"site-sidebar-layout":"default","site-content-layout":"default","ast-site-content-layout":"default","site-content-style":"default","site-sidebar-style":"default","ast-global-header-display":"","ast-banner-title-visibility":"","ast-main-header-display":"","ast-hfb-above-header-display":"","ast-hfb-below-header-display":"","ast-hfb-mobile-header-display":"","site-post-title":"","ast-breadcrumbs-content":"","ast-featured-img":"","footer-sml-layout":"","theme-transparent-header-meta":"disabled","adv-header-id-meta":"","stick-header-meta":"","header-above-stick-meta":"","header-main-stick-meta":"","header-below-stick-meta":"","astra-migrate-meta-layouts":"set","ast-page-background-enabled":"default","ast-page-background-meta":{"desktop":{"background-color":"var(--ast-global-color-4)","background-image":"","background-repeat":"repeat","background-position":"center center","background-size":"auto","background-attachment":"scroll","background-type":"","background-media":"","overlay-type":"","overlay-color":"","overlay-opacity":"","overlay-gradient":""},"tablet":{"background-color":"","background-image":"","background-repeat":"repeat","background-position":"center center","background-size":"auto","background-attachment":"scroll","background-type":"","background-media":"","overlay-type":"","overlay-color":"","overlay-opacity":"","overlay-gradient":""},"mobile":{"background-color":"","background-image":"","background-repeat":"repeat","background-position":"center center","background-size":"auto","background-attachment":"scroll","background-type":"","background-media":"","overlay-type":"","overlay-color":"","overlay-opacity":"","overlay-gradient":""}},"ast-content-background-meta":{"desktop":{"background-color":"var(--ast-global-color-5)","background-image":"","background-repeat":"repeat","background-position":"center center","background-size":"auto","background-attachment":"scroll","background-type":"","background-media":"","overlay-type":"","overlay-color":"","overlay-opacity":"","overlay-gradient":""},"tablet":{"background-color":"var(--ast-global-color-5)","background-image":"","background-repeat":"repeat","background-position":"center center","background-size":"auto","background-attachment":"scroll","background-type":"","background-media":"","overlay-type":"","overlay-color":"","overlay-opacity":"","overlay-gradient":""},"mobile":{"background-color":"var(--ast-global-color-5)","background-image":"","background-repeat":"repeat","background-position":"center center","background-size":"auto","background-attachment":"scroll","background-type":"","background-media":"","overlay-type":"","overlay-color":"","overlay-opacity":"","overlay-gradient":""}}},"product_cat":[18],"product_tag":[],"class_list":{"0":"post-1481","1":"product","2":"type-product","3":"status-publish","4":"has-post-thumbnail","6":"product_cat-electrodomesticos","7":"desktop-align-left","8":"tablet-align-left","9":"mobile-align-left","11":"first","12":"instock","13":"sale","14":"shipping-taxable","15":"purchasable","16":"product-type-simple"},"_links":{"self":[{"href":"https:\/\/fmcomercial.com.py\/index.php\/wp-json\/wp\/v2\/product\/1481","targetHints":{"allow":["GET"]}}],"collection":[{"href":"https:\/\/fmcomercial.com.py\/index.php\/wp-json\/wp\/v2\/product"}],"about":[{"href":"https:\/\/fmcomercial.com.py\/index.php\/wp-json\/wp\/v2\/types\/product"}],"replies":[{"embeddable":true,"href":"https:\/\/fmcomercial.com.py\/index.php\/wp-json\/wp\/v2\/comments?post=1481"}],"wp:featuredmedia":[{"embeddable":true,"href":"https:\/\/fmcomercial.com.py\/index.php\/wp-json\/wp\/v2\/media\/1483"}],"wp:attachment":[{"href":"https:\/\/fmcomercial.com.py\/index.php\/wp-json\/wp\/v2\/media?parent=1481"}],"wp:term":[{"taxonomy":"product_cat","embeddable":true,"href":"https:\/\/fmcomercial.com.py\/index.php\/wp-json\/wp\/v2\/product_cat?post=1481"},{"taxonomy":"product_tag","embeddable":true,"href":"https:\/\/fmcomercial.com.py\/index.php\/wp-json\/wp\/v2\/product_tag?post=1481"}],"curies":[{"name":"wp","href":"https:\/\/api.w.org\/{rel}","templated":true}]}}