{"id":1883,"date":"2022-07-13T21:22:27","date_gmt":"2022-07-13T21:22:27","guid":{"rendered":"https:\/\/fmcomercial.com.py\/?post_type=product&#038;p=1883"},"modified":"2024-04-16T20:00:54","modified_gmt":"2024-04-16T20:00:54","slug":"lavarropas-whirlpool-freshcare-wlf752b-75kg-inverter","status":"publish","type":"product","link":"https:\/\/fmcomercial.com.py\/index.php\/producto\/lavarropas-whirlpool-freshcare-wlf752b-75kg-inverter\/","title":{"rendered":"LAVARROPAS WHIRLPOOL FRESHCARE WLF752B 7,5KGS INVERTER"},"content":{"rendered":"","protected":false},"excerpt":{"rendered":"<h4><span style=\"color: #0000ff;\"><strong>CUOTAS.<\/strong><\/span><\/h4>\n<h4><span style=\"color: #0000ff;\"><strong>\u00a0 6 x 745.000Gs.<\/strong><\/span><br \/>\n<span style=\"color: #0000ff;\"><strong>\u00a0 8 x 586.000Gs.<\/strong><\/span><\/h4>\n<h4><span style=\"color: #0000ff;\"><strong>12 x 430.000Gs.<\/strong><\/span><\/h4>\n<p><strong>Descripci\u00f3n.<\/strong><br \/>\n* Capacidad: 7Kgs.<br \/>\n* Centrifugado: 1.200RPM.<br \/>\n* 14 ciclos de lavado.<br \/>\n* Eficiencia Energ\u00e9tica A++.<br \/>\n* Optimo lavado.<br \/>\n* Motor sense inverter.<br \/>\n* Ropa sin olores.<br \/>\n* R\u00e1pido 30\u2032 Renov\u00e1 tu ropa de uso diario en tan s\u00f3lo 30 minutos.<br \/>\n* Refrescar\u00e1 las prendas sin manchas.<br \/>\n<strong>MEDIDAS.<\/strong><br \/>\n* Ancho: 59,5cms.<br \/>\n* Alto: 83,7cms.<br \/>\n* Profundidad: 42,5cms.<\/p>\n<p>El nuevo lavarropas Whirlpool de origen europeo cuenta con sensores inteligentes y funciones especiales que optimizan el lavado y cuidan tus prendas.<br \/>\n<strong>INVERTER.<\/strong><br \/>\nAhorra energ\u00eda y minimiza el nivel de ruido la tecnolog\u00eda Sense Inverter con su motor m\u00e1s durable y silencioso te permite lavar tu ropa con un bajo nivel de ruido y vibraciones, a la vez que consume menos energ\u00eda<br \/>\n<strong>\u00d3PTIMO LAVADO.<\/strong><br \/>\nDespreoc\u00fapate por el cuidado de tus prendas la tecnolog\u00eda SoftMove genera suaves movimientos en el tambor de acero inoxidable para un \u00f3ptimo lavado y mayor cuidado de las telas, evitando cualquier tipo de da\u00f1o.<br \/>\n<strong>ROPA SIN OLORES.<\/strong><br \/>\nDisfruta de la frescura de tus prendas hasta seis horas despu\u00e9s del lavado gracias a la combinaci\u00f3n de vapor y suaves giros del tambor, que cuidan tu ropa dentro del lavarropas una vez finalizado el ciclo.<br \/>\n<strong>COLORES A 15\u00b0C<\/strong><br \/>\nMant\u00e9n los colores de tus prendas igual que siempre los lavarropas Whirlpool cuidan tu ropa con lavados a baja temperatura para conservar los tonos vibrantes de las telas.<br \/>\n<strong>ELIMINACI\u00d3N \u00d3PTIMA DEL DETERGENTE.<\/strong><br \/>\nEspecial para pieles sensibles los lavarropas Whirlpool te garantizan un incremento en la eficiencia del aclarado para eliminar los restos de detergente.<br \/>\n<strong>LAVADO EN 30 MINUTOS.<\/strong><br \/>\nOptimiza tus tiempos y lava tu ropa en menos de una hora con la funci\u00f3n Lavado R\u00e1pido vas a tener tu ropa limpia y fresca en 30 minutos<\/p>\n","protected":false},"featured_media":1885,"comment_status":"open","ping_status":"closed","template":"","meta":{"site-sidebar-layout":"default","site-content-layout":"default","ast-site-content-layout":"","site-content-style":"default","site-sidebar-style":"default","ast-global-header-display":"","ast-banner-title-visibility":"","ast-main-header-display":"","ast-hfb-above-header-display":"","ast-hfb-below-header-display":"","ast-hfb-mobile-header-display":"","site-post-title":"","ast-breadcrumbs-content":"","ast-featured-img":"","footer-sml-layout":"","theme-transparent-header-meta":"default","adv-header-id-meta":"","stick-header-meta":"","header-above-stick-meta":"","header-main-stick-meta":"","header-below-stick-meta":"","astra-migrate-meta-layouts":"default","ast-page-background-enabled":"default","ast-page-background-meta":{"desktop":{"background-color":"var(--ast-global-color-4)","background-image":"","background-repeat":"repeat","background-position":"center center","background-size":"auto","background-attachment":"scroll","background-type":"","background-media":"","overlay-type":"","overlay-color":"","overlay-opacity":"","overlay-gradient":""},"tablet":{"background-color":"","background-image":"","background-repeat":"repeat","background-position":"center center","background-size":"auto","background-attachment":"scroll","background-type":"","background-media":"","overlay-type":"","overlay-color":"","overlay-opacity":"","overlay-gradient":""},"mobile":{"background-color":"","background-image":"","background-repeat":"repeat","background-position":"center center","background-size":"auto","background-attachment":"scroll","background-type":"","background-media":"","overlay-type":"","overlay-color":"","overlay-opacity":"","overlay-gradient":""}},"ast-content-background-meta":{"desktop":{"background-color":"var(--ast-global-color-5)","background-image":"","background-repeat":"repeat","background-position":"center center","background-size":"auto","background-attachment":"scroll","background-type":"","background-media":"","overlay-type":"","overlay-color":"","overlay-opacity":"","overlay-gradient":""},"tablet":{"background-color":"var(--ast-global-color-5)","background-image":"","background-repeat":"repeat","background-position":"center center","background-size":"auto","background-attachment":"scroll","background-type":"","background-media":"","overlay-type":"","overlay-color":"","overlay-opacity":"","overlay-gradient":""},"mobile":{"background-color":"var(--ast-global-color-5)","background-image":"","background-repeat":"repeat","background-position":"center center","background-size":"auto","background-attachment":"scroll","background-type":"","background-media":"","overlay-type":"","overlay-color":"","overlay-opacity":"","overlay-gradient":""}}},"product_cat":[18],"product_tag":[],"class_list":{"0":"post-1883","1":"product","2":"type-product","3":"status-publish","4":"has-post-thumbnail","6":"product_cat-electrodomesticos","7":"desktop-align-left","8":"tablet-align-left","9":"mobile-align-left","11":"first","12":"instock","13":"shipping-taxable","14":"purchasable","15":"product-type-simple"},"_links":{"self":[{"href":"https:\/\/fmcomercial.com.py\/index.php\/wp-json\/wp\/v2\/product\/1883","targetHints":{"allow":["GET"]}}],"collection":[{"href":"https:\/\/fmcomercial.com.py\/index.php\/wp-json\/wp\/v2\/product"}],"about":[{"href":"https:\/\/fmcomercial.com.py\/index.php\/wp-json\/wp\/v2\/types\/product"}],"replies":[{"embeddable":true,"href":"https:\/\/fmcomercial.com.py\/index.php\/wp-json\/wp\/v2\/comments?post=1883"}],"wp:featuredmedia":[{"embeddable":true,"href":"https:\/\/fmcomercial.com.py\/index.php\/wp-json\/wp\/v2\/media\/1885"}],"wp:attachment":[{"href":"https:\/\/fmcomercial.com.py\/index.php\/wp-json\/wp\/v2\/media?parent=1883"}],"wp:term":[{"taxonomy":"product_cat","embeddable":true,"href":"https:\/\/fmcomercial.com.py\/index.php\/wp-json\/wp\/v2\/product_cat?post=1883"},{"taxonomy":"product_tag","embeddable":true,"href":"https:\/\/fmcomercial.com.py\/index.php\/wp-json\/wp\/v2\/product_tag?post=1883"}],"curies":[{"name":"wp","href":"https:\/\/api.w.org\/{rel}","templated":true}]}}