{"id":1911,"date":"2022-08-24T18:49:46","date_gmt":"2022-08-24T18:49:46","guid":{"rendered":"https:\/\/fmcomercial.com.py\/?post_type=product&#038;p=1911"},"modified":"2026-05-04T16:50:00","modified_gmt":"2026-05-04T16:50:00","slug":"somier-superspuma-140x190cm-serrat-110kg-marron","status":"publish","type":"product","link":"https:\/\/fmcomercial.com.py\/index.php\/producto\/somier-superspuma-140x190cm-serrat-110kg-marron\/","title":{"rendered":"SOMIER SUPERSPUMA 1,40X1,90CM SERRAT 110KG sin mesita"},"content":{"rendered":"","protected":false},"excerpt":{"rendered":"<h1><strong><span style=\"color: #0000ff;\">CUOTAS.<\/span><\/strong><br \/>\n<strong><span style=\"color: #0000ff;\">\u00a0 6 x 850.000Gs.<\/span><\/strong><br \/>\n<strong><span style=\"color: #0000ff;\">\u00a0 8 x 659.000Gs.<\/span><\/strong><br \/>\n<strong><span style=\"color: #0000ff;\">12 x 479.000Gs.<\/span><\/strong><\/h1>\n<p><strong>\u200bDescripci\u00f3n.<\/strong><br \/>\nFusi\u00f3n de lujo, confort y naturaleza en un dise\u00f1o acogedor. Su acabado marr\u00f3n evoca paisajes c\u00e1lidos y elegantes. Con resortes Bonell para un soporte equilibrado y su capacidad de distribuir el peso de manera uniforme. Su Pillow Top para mayor suavidad, brindando un descanso inigualable.<br \/>\n<strong>MEDIDAS DEL COLCH\u00d3N.<\/strong><\/p>\n<h6 class=\"title-holder clearfix wpt-16071_tab ui-accordion-header ui-helper-reset ui-corner-top ui-accordion-header-active ui-state-active\"><span class=\"tab-title\">Ficha t\u00e9cnica<\/span><\/h6>\n<div class=\"accordion_content ui-accordion-content ui-helper-reset ui-widget-content ui-corner-bottom ui-accordion-content-active\">\n<div class=\"accordion_content_inner\">\n<p><strong>Medida:<\/strong>\u00a0140 x 190 cm \u2013 160 x 200 cm \u2013 180 x 200 cm \u2013 200 x 200 cm<\/p>\n<p><strong>Dise\u00f1o:<\/strong>\u00a0pillow top<\/p>\n<p><strong>Versi\u00f3n:<\/strong>\u00a0\u00fanico marr\u00f3n<\/p>\n<p><strong>Tecnolog\u00eda:<\/strong>\u00a0resortes bonell<\/p>\n<p><strong>Densidad:<\/strong>\u00a0media alta<\/p>\n<p><strong>Soporte:<\/strong>\u00a0110 kg<\/p>\n<p><strong>Altura total:<\/strong>\u00a064 cm<\/p>\n<p><strong>Garant\u00eda:<\/strong>\u00a03 a\u00f1os<\/p>\n<\/div>\n<\/div>\n","protected":false},"featured_media":5212,"comment_status":"open","ping_status":"closed","template":"","meta":{"site-sidebar-layout":"default","site-content-layout":"default","ast-site-content-layout":"default","site-content-style":"default","site-sidebar-style":"default","ast-global-header-display":"","ast-banner-title-visibility":"","ast-main-header-display":"","ast-hfb-above-header-display":"","ast-hfb-below-header-display":"","ast-hfb-mobile-header-display":"","site-post-title":"","ast-breadcrumbs-content":"","ast-featured-img":"","footer-sml-layout":"","theme-transparent-header-meta":"default","adv-header-id-meta":"","stick-header-meta":"","header-above-stick-meta":"","header-main-stick-meta":"","header-below-stick-meta":"","astra-migrate-meta-layouts":"set","ast-page-background-enabled":"default","ast-page-background-meta":{"desktop":{"background-color":"var(--ast-global-color-4)","background-image":"","background-repeat":"repeat","background-position":"center center","background-size":"auto","background-attachment":"scroll","background-type":"","background-media":"","overlay-type":"","overlay-color":"","overlay-opacity":"","overlay-gradient":""},"tablet":{"background-color":"","background-image":"","background-repeat":"repeat","background-position":"center center","background-size":"auto","background-attachment":"scroll","background-type":"","background-media":"","overlay-type":"","overlay-color":"","overlay-opacity":"","overlay-gradient":""},"mobile":{"background-color":"","background-image":"","background-repeat":"repeat","background-position":"center center","background-size":"auto","background-attachment":"scroll","background-type":"","background-media":"","overlay-type":"","overlay-color":"","overlay-opacity":"","overlay-gradient":""}},"ast-content-background-meta":{"desktop":{"background-color":"var(--ast-global-color-5)","background-image":"","background-repeat":"repeat","background-position":"center center","background-size":"auto","background-attachment":"scroll","background-type":"","background-media":"","overlay-type":"","overlay-color":"","overlay-opacity":"","overlay-gradient":""},"tablet":{"background-color":"var(--ast-global-color-5)","background-image":"","background-repeat":"repeat","background-position":"center center","background-size":"auto","background-attachment":"scroll","background-type":"","background-media":"","overlay-type":"","overlay-color":"","overlay-opacity":"","overlay-gradient":""},"mobile":{"background-color":"var(--ast-global-color-5)","background-image":"","background-repeat":"repeat","background-position":"center center","background-size":"auto","background-attachment":"scroll","background-type":"","background-media":"","overlay-type":"","overlay-color":"","overlay-opacity":"","overlay-gradient":""}}},"product_cat":[19],"product_tag":[],"class_list":{"0":"post-1911","1":"product","2":"type-product","3":"status-publish","4":"has-post-thumbnail","6":"product_cat-muebles","7":"desktop-align-left","8":"tablet-align-left","9":"mobile-align-left","11":"first","12":"instock","13":"shipping-taxable","14":"purchasable","15":"product-type-simple"},"_links":{"self":[{"href":"https:\/\/fmcomercial.com.py\/index.php\/wp-json\/wp\/v2\/product\/1911","targetHints":{"allow":["GET"]}}],"collection":[{"href":"https:\/\/fmcomercial.com.py\/index.php\/wp-json\/wp\/v2\/product"}],"about":[{"href":"https:\/\/fmcomercial.com.py\/index.php\/wp-json\/wp\/v2\/types\/product"}],"replies":[{"embeddable":true,"href":"https:\/\/fmcomercial.com.py\/index.php\/wp-json\/wp\/v2\/comments?post=1911"}],"wp:featuredmedia":[{"embeddable":true,"href":"https:\/\/fmcomercial.com.py\/index.php\/wp-json\/wp\/v2\/media\/5212"}],"wp:attachment":[{"href":"https:\/\/fmcomercial.com.py\/index.php\/wp-json\/wp\/v2\/media?parent=1911"}],"wp:term":[{"taxonomy":"product_cat","embeddable":true,"href":"https:\/\/fmcomercial.com.py\/index.php\/wp-json\/wp\/v2\/product_cat?post=1911"},{"taxonomy":"product_tag","embeddable":true,"href":"https:\/\/fmcomercial.com.py\/index.php\/wp-json\/wp\/v2\/product_tag?post=1911"}],"curies":[{"name":"wp","href":"https:\/\/api.w.org\/{rel}","templated":true}]}}