{"id":1914,"date":"2022-08-24T19:07:27","date_gmt":"2022-08-24T19:07:27","guid":{"rendered":"https:\/\/fmcomercial.com.py\/?post_type=product&#038;p=1914"},"modified":"2026-05-04T16:45:22","modified_gmt":"2026-05-04T16:45:22","slug":"somier-superspuma-imperial-140mts-190mts-130kg","status":"publish","type":"product","link":"https:\/\/fmcomercial.com.py\/index.php\/producto\/somier-superspuma-imperial-140mts-190mts-130kg\/","title":{"rendered":"SOMIER SUPERSPUMA IMPERIAL 1,40MTS * 1,90MTS 130KG BEIGE"},"content":{"rendered":"","protected":false},"excerpt":{"rendered":"<h2><span style=\"color: #0000ff;\"><strong>CUOTAS.<\/strong><\/span><br \/>\n<span style=\"color: #0000ff;\"><strong>\u00a0 6 x 638.000Gs.<\/strong><\/span><br \/>\n<span style=\"color: #0000ff;\"><strong>\u00a0 8 x 489.000Gs.<\/strong><\/span><br \/>\n<span style=\"color: #0000ff;\"><strong>12 x 355.000Gs.<\/strong><\/span><\/h2>\n<p><strong>\u200bDescripci\u00f3n.<\/strong><br \/>\nDise\u00f1ado para quienes buscan el equilibrio perfecto entre m\u00e1xima firmeza, soporte y durabilidad. Su dise\u00f1o Pillow Top y espuma de Alta Densidad envuelven el cuerpo en un soporte firme y equilibrado, mientras que su estructura interna de resortes Bonell brindan estabilidad y resistencia. Esta tecnolog\u00eda garantiza comodidad sin esfuerzo, su tejido mantiene un ambiente higi\u00e9nico, reduciendo al\u00e9rgenos para un despertar sin molestias.<br \/>\n<strong>MEDIDAS DEL COLCH\u00d3N.<\/strong><\/p>\n<p><strong>Medida:<\/strong>\u00a0140 x 190 cm \u2013 160 x 200 cm -180 x 200 cm \u2013 200 x 200 cm<\/p>\n<p><strong>Dise\u00f1o:<\/strong>\u00a0euro top<\/p>\n<p><strong>Versi\u00f3n:<\/strong>\u00a0Beige \u2013 Bordo \u2013 Gris<\/p>\n<p><strong>Tecnolog\u00eda:<\/strong>\u00a0resortes bonell<\/p>\n<p><strong>Densidad:<\/strong>\u00a0Media<\/p>\n<p><strong>Soporte:<\/strong>\u00a0130 kilos<\/p>\n<p><strong>Altura total:<\/strong>\u00a069 Cm.<\/p>\n<p><strong>Garant\u00eda:<\/strong>\u00a05 a\u00f1os.<\/p>\n","protected":false},"featured_media":5214,"comment_status":"open","ping_status":"closed","template":"","meta":{"site-sidebar-layout":"default","site-content-layout":"default","ast-site-content-layout":"default","site-content-style":"default","site-sidebar-style":"default","ast-global-header-display":"","ast-banner-title-visibility":"","ast-main-header-display":"","ast-hfb-above-header-display":"","ast-hfb-below-header-display":"","ast-hfb-mobile-header-display":"","site-post-title":"","ast-breadcrumbs-content":"","ast-featured-img":"","footer-sml-layout":"","theme-transparent-header-meta":"default","adv-header-id-meta":"","stick-header-meta":"","header-above-stick-meta":"","header-main-stick-meta":"","header-below-stick-meta":"","astra-migrate-meta-layouts":"set","ast-page-background-enabled":"default","ast-page-background-meta":{"desktop":{"background-color":"var(--ast-global-color-4)","background-image":"","background-repeat":"repeat","background-position":"center center","background-size":"auto","background-attachment":"scroll","background-type":"","background-media":"","overlay-type":"","overlay-color":"","overlay-opacity":"","overlay-gradient":""},"tablet":{"background-color":"","background-image":"","background-repeat":"repeat","background-position":"center center","background-size":"auto","background-attachment":"scroll","background-type":"","background-media":"","overlay-type":"","overlay-color":"","overlay-opacity":"","overlay-gradient":""},"mobile":{"background-color":"","background-image":"","background-repeat":"repeat","background-position":"center center","background-size":"auto","background-attachment":"scroll","background-type":"","background-media":"","overlay-type":"","overlay-color":"","overlay-opacity":"","overlay-gradient":""}},"ast-content-background-meta":{"desktop":{"background-color":"var(--ast-global-color-5)","background-image":"","background-repeat":"repeat","background-position":"center center","background-size":"auto","background-attachment":"scroll","background-type":"","background-media":"","overlay-type":"","overlay-color":"","overlay-opacity":"","overlay-gradient":""},"tablet":{"background-color":"var(--ast-global-color-5)","background-image":"","background-repeat":"repeat","background-position":"center center","background-size":"auto","background-attachment":"scroll","background-type":"","background-media":"","overlay-type":"","overlay-color":"","overlay-opacity":"","overlay-gradient":""},"mobile":{"background-color":"var(--ast-global-color-5)","background-image":"","background-repeat":"repeat","background-position":"center center","background-size":"auto","background-attachment":"scroll","background-type":"","background-media":"","overlay-type":"","overlay-color":"","overlay-opacity":"","overlay-gradient":""}}},"product_cat":[19],"product_tag":[],"class_list":{"0":"post-1914","1":"product","2":"type-product","3":"status-publish","4":"has-post-thumbnail","6":"product_cat-muebles","7":"desktop-align-left","8":"tablet-align-left","9":"mobile-align-left","11":"first","12":"instock","13":"shipping-taxable","14":"purchasable","15":"product-type-simple"},"_links":{"self":[{"href":"https:\/\/fmcomercial.com.py\/index.php\/wp-json\/wp\/v2\/product\/1914","targetHints":{"allow":["GET"]}}],"collection":[{"href":"https:\/\/fmcomercial.com.py\/index.php\/wp-json\/wp\/v2\/product"}],"about":[{"href":"https:\/\/fmcomercial.com.py\/index.php\/wp-json\/wp\/v2\/types\/product"}],"replies":[{"embeddable":true,"href":"https:\/\/fmcomercial.com.py\/index.php\/wp-json\/wp\/v2\/comments?post=1914"}],"wp:featuredmedia":[{"embeddable":true,"href":"https:\/\/fmcomercial.com.py\/index.php\/wp-json\/wp\/v2\/media\/5214"}],"wp:attachment":[{"href":"https:\/\/fmcomercial.com.py\/index.php\/wp-json\/wp\/v2\/media?parent=1914"}],"wp:term":[{"taxonomy":"product_cat","embeddable":true,"href":"https:\/\/fmcomercial.com.py\/index.php\/wp-json\/wp\/v2\/product_cat?post=1914"},{"taxonomy":"product_tag","embeddable":true,"href":"https:\/\/fmcomercial.com.py\/index.php\/wp-json\/wp\/v2\/product_tag?post=1914"}],"curies":[{"name":"wp","href":"https:\/\/api.w.org\/{rel}","templated":true}]}}