{"id":223,"date":"2022-05-10T14:46:50","date_gmt":"2022-05-10T14:46:50","guid":{"rendered":"https:\/\/fmcomercial.com.py\/?post_type=product&#038;p=223"},"modified":"2022-05-21T16:42:06","modified_gmt":"2022-05-21T16:42:06","slug":"speaker-portatil-sony-srs-xb13-black","status":"publish","type":"product","link":"https:\/\/fmcomercial.com.py\/index.php\/producto\/speaker-portatil-sony-srs-xb13-black\/","title":{"rendered":"SPEAKER PORT\u00c1TIL SONY SRS-XB13 BLACK"},"content":{"rendered":"","protected":false},"excerpt":{"rendered":"<h4><span style=\"color: #0000ff;\"><strong>CUOTAS.<\/strong><\/span><br \/>\n<span style=\"color: #0000ff;\"><strong>\u00a0 3 x 116.000Gs.<\/strong><\/span><br \/>\n<span style=\"color: #0000ff;\"><strong>\u00a0 4 x 90.000Gs.<\/strong><\/span><br \/>\n<span style=\"color: #0000ff;\"><strong>\u00a0 6 x 64.000Gs.<\/strong><\/span><\/h4>\n<p><strong>Descripci\u00f3n.<\/strong><br \/>\n* Resistente al agua y al polvo.<br \/>\n* Compacto, ligero y de larga duraci\u00f3n.<br \/>\n* Funci\u00f3n manos libres.<br \/>\n* Conecta tu celular y siente su sonido expansivo.<br \/>\n* Carga USB Tipo-C (Incluido).<br \/>\n* Conexi\u00f3n Bluetooth \u00ae.<br \/>\n* Funci\u00f3n Fast Pair.<\/p>\n<p>El altavoz compacto con un gran sonido. El SRS-XB13 incluye funciones de sonido asombrosas como EXTRA BASS y un procesador de difusi\u00f3n del sonido para mejorar los graves y propagar m\u00e1s el sonido. Adem\u00e1s, gracias a la correa multiposici\u00f3n, 16 horas de duraci\u00f3n de bater\u00eda cuando est\u00e1 completamente cargado y su exterior resistente al agua y al polvo, este altavoz est\u00e1 listo para que lleves un gran sonido dondequiera que vayas.<\/p>\n","protected":false},"featured_media":212,"comment_status":"open","ping_status":"closed","template":"","meta":{"site-sidebar-layout":"default","site-content-layout":"default","ast-site-content-layout":"","site-content-style":"default","site-sidebar-style":"default","ast-global-header-display":"","ast-banner-title-visibility":"","ast-main-header-display":"","ast-hfb-above-header-display":"","ast-hfb-below-header-display":"","ast-hfb-mobile-header-display":"","site-post-title":"","ast-breadcrumbs-content":"","ast-featured-img":"","footer-sml-layout":"","theme-transparent-header-meta":"default","adv-header-id-meta":"","stick-header-meta":"","header-above-stick-meta":"","header-main-stick-meta":"","header-below-stick-meta":"","astra-migrate-meta-layouts":"default","ast-page-background-enabled":"default","ast-page-background-meta":{"desktop":{"background-color":"var(--ast-global-color-4)","background-image":"","background-repeat":"repeat","background-position":"center center","background-size":"auto","background-attachment":"scroll","background-type":"","background-media":"","overlay-type":"","overlay-color":"","overlay-opacity":"","overlay-gradient":""},"tablet":{"background-color":"","background-image":"","background-repeat":"repeat","background-position":"center center","background-size":"auto","background-attachment":"scroll","background-type":"","background-media":"","overlay-type":"","overlay-color":"","overlay-opacity":"","overlay-gradient":""},"mobile":{"background-color":"","background-image":"","background-repeat":"repeat","background-position":"center center","background-size":"auto","background-attachment":"scroll","background-type":"","background-media":"","overlay-type":"","overlay-color":"","overlay-opacity":"","overlay-gradient":""}},"ast-content-background-meta":{"desktop":{"background-color":"var(--ast-global-color-5)","background-image":"","background-repeat":"repeat","background-position":"center center","background-size":"auto","background-attachment":"scroll","background-type":"","background-media":"","overlay-type":"","overlay-color":"","overlay-opacity":"","overlay-gradient":""},"tablet":{"background-color":"var(--ast-global-color-5)","background-image":"","background-repeat":"repeat","background-position":"center center","background-size":"auto","background-attachment":"scroll","background-type":"","background-media":"","overlay-type":"","overlay-color":"","overlay-opacity":"","overlay-gradient":""},"mobile":{"background-color":"var(--ast-global-color-5)","background-image":"","background-repeat":"repeat","background-position":"center center","background-size":"auto","background-attachment":"scroll","background-type":"","background-media":"","overlay-type":"","overlay-color":"","overlay-opacity":"","overlay-gradient":""}}},"product_cat":[20],"product_tag":[],"class_list":{"0":"post-223","1":"product","2":"type-product","3":"status-publish","4":"has-post-thumbnail","6":"product_cat-electronica","7":"desktop-align-left","8":"tablet-align-left","9":"mobile-align-left","11":"first","12":"instock","13":"shipping-taxable","14":"purchasable","15":"product-type-simple"},"_links":{"self":[{"href":"https:\/\/fmcomercial.com.py\/index.php\/wp-json\/wp\/v2\/product\/223","targetHints":{"allow":["GET"]}}],"collection":[{"href":"https:\/\/fmcomercial.com.py\/index.php\/wp-json\/wp\/v2\/product"}],"about":[{"href":"https:\/\/fmcomercial.com.py\/index.php\/wp-json\/wp\/v2\/types\/product"}],"replies":[{"embeddable":true,"href":"https:\/\/fmcomercial.com.py\/index.php\/wp-json\/wp\/v2\/comments?post=223"}],"wp:featuredmedia":[{"embeddable":true,"href":"https:\/\/fmcomercial.com.py\/index.php\/wp-json\/wp\/v2\/media\/212"}],"wp:attachment":[{"href":"https:\/\/fmcomercial.com.py\/index.php\/wp-json\/wp\/v2\/media?parent=223"}],"wp:term":[{"taxonomy":"product_cat","embeddable":true,"href":"https:\/\/fmcomercial.com.py\/index.php\/wp-json\/wp\/v2\/product_cat?post=223"},{"taxonomy":"product_tag","embeddable":true,"href":"https:\/\/fmcomercial.com.py\/index.php\/wp-json\/wp\/v2\/product_tag?post=223"}],"curies":[{"name":"wp","href":"https:\/\/api.w.org\/{rel}","templated":true}]}}