{"id":2300,"date":"2023-09-12T15:07:00","date_gmt":"2023-09-12T15:07:00","guid":{"rendered":"https:\/\/fmcomercial.com.py\/?post_type=product&#038;p=2300"},"modified":"2026-01-29T11:21:57","modified_gmt":"2026-01-29T11:21:57","slug":"resina-acrilica-850cc-quimaflex-cod-1494","status":"publish","type":"product","link":"https:\/\/fmcomercial.com.py\/index.php\/producto\/resina-acrilica-850cc-quimaflex-cod-1494\/","title":{"rendered":"RESINA ACRILICA 850CC QUIMAFLEX &#8211; C\u00d3D: 1494"},"content":{"rendered":"","protected":false},"excerpt":{"rendered":"<p><strong>Descripci\u00f3n.<\/strong><br \/>\n* Indicado para impermeabilizar y embellecer ladrillos, como as\u00ed tambi\u00e9n otras superficies de cer\u00e1micas, piedras para fachadas.<\/p>\n<p><strong>* Beneficios<\/strong><br \/>\n&#8211; Alta resistencia al amarilleo.<br \/>\n&#8211; Buena retenci\u00f3n de brillo.<\/p>\n<p><strong>Modo de empleo<\/strong><br \/>\n* Usar en condiciones de temperatura y humedad normales.<\/p>\n<p><strong>* Superficie:<\/strong> *La superficie a recubrir debe estar limpia, seca. Libre de polvo y \u00f3xido.<br \/>\n&#8211; Si es repintura, remover la pintura vieja con lija.<br \/>\n&#8211; Si la superficie se encuentra aceitosa, limpiar con thinner.<br \/>\n&#8211; Si se encuentra con polvo, retirar el mismo con un pa\u00f1o humedecido con thinner.<br \/>\n&#8211; Si la superficie se encuentra con restos de cal o cemento aplicar una soluci\u00f3n de \u00e1cido muri\u00e1tico para eliminar el resto y dejar secar.<\/p>\n<p><strong>* Aplicaci\u00f3n:<\/strong> Resina indicada para embellecer y proteger superficies cer\u00e1micas: ladrillos,<br \/>\ntejas y piedras.<\/p>\n<p><strong>* Aplicaci\u00f3n:<\/strong> con rodillo o pincel.<\/p>\n<p><strong>* Diluci\u00f3n:<\/strong> con Thinner Disoflex, entre 10% a 15%.<\/p>\n<p><strong>* Observaciones:<\/strong> Se recomienda limpiar las herramientas antes que la resina seque,<br \/>\nutilizando alg\u00fan solvente. Proteger de temperaturas extremas.<\/p>\n<p>&nbsp;<\/p>\n","protected":false},"featured_media":2295,"comment_status":"open","ping_status":"closed","template":"","meta":{"site-sidebar-layout":"default","site-content-layout":"default","ast-site-content-layout":"","site-content-style":"default","site-sidebar-style":"default","ast-global-header-display":"","ast-banner-title-visibility":"","ast-main-header-display":"","ast-hfb-above-header-display":"","ast-hfb-below-header-display":"","ast-hfb-mobile-header-display":"","site-post-title":"","ast-breadcrumbs-content":"","ast-featured-img":"","footer-sml-layout":"","theme-transparent-header-meta":"default","adv-header-id-meta":"","stick-header-meta":"","header-above-stick-meta":"","header-main-stick-meta":"","header-below-stick-meta":"","astra-migrate-meta-layouts":"default","ast-page-background-enabled":"default","ast-page-background-meta":{"desktop":{"background-color":"var(--ast-global-color-4)","background-image":"","background-repeat":"repeat","background-position":"center center","background-size":"auto","background-attachment":"scroll","background-type":"","background-media":"","overlay-type":"","overlay-color":"","overlay-opacity":"","overlay-gradient":""},"tablet":{"background-color":"","background-image":"","background-repeat":"repeat","background-position":"center center","background-size":"auto","background-attachment":"scroll","background-type":"","background-media":"","overlay-type":"","overlay-color":"","overlay-opacity":"","overlay-gradient":""},"mobile":{"background-color":"","background-image":"","background-repeat":"repeat","background-position":"center center","background-size":"auto","background-attachment":"scroll","background-type":"","background-media":"","overlay-type":"","overlay-color":"","overlay-opacity":"","overlay-gradient":""}},"ast-content-background-meta":{"desktop":{"background-color":"var(--ast-global-color-5)","background-image":"","background-repeat":"repeat","background-position":"center center","background-size":"auto","background-attachment":"scroll","background-type":"","background-media":"","overlay-type":"","overlay-color":"","overlay-opacity":"","overlay-gradient":""},"tablet":{"background-color":"var(--ast-global-color-5)","background-image":"","background-repeat":"repeat","background-position":"center center","background-size":"auto","background-attachment":"scroll","background-type":"","background-media":"","overlay-type":"","overlay-color":"","overlay-opacity":"","overlay-gradient":""},"mobile":{"background-color":"var(--ast-global-color-5)","background-image":"","background-repeat":"repeat","background-position":"center center","background-size":"auto","background-attachment":"scroll","background-type":"","background-media":"","overlay-type":"","overlay-color":"","overlay-opacity":"","overlay-gradient":""}}},"product_cat":[27],"product_tag":[],"class_list":{"0":"post-2300","1":"product","2":"type-product","3":"status-publish","4":"has-post-thumbnail","6":"product_cat-ferreteria","7":"desktop-align-left","8":"tablet-align-left","9":"mobile-align-left","11":"first","12":"instock","13":"shipping-taxable","14":"purchasable","15":"product-type-simple"},"_links":{"self":[{"href":"https:\/\/fmcomercial.com.py\/index.php\/wp-json\/wp\/v2\/product\/2300","targetHints":{"allow":["GET"]}}],"collection":[{"href":"https:\/\/fmcomercial.com.py\/index.php\/wp-json\/wp\/v2\/product"}],"about":[{"href":"https:\/\/fmcomercial.com.py\/index.php\/wp-json\/wp\/v2\/types\/product"}],"replies":[{"embeddable":true,"href":"https:\/\/fmcomercial.com.py\/index.php\/wp-json\/wp\/v2\/comments?post=2300"}],"wp:featuredmedia":[{"embeddable":true,"href":"https:\/\/fmcomercial.com.py\/index.php\/wp-json\/wp\/v2\/media\/2295"}],"wp:attachment":[{"href":"https:\/\/fmcomercial.com.py\/index.php\/wp-json\/wp\/v2\/media?parent=2300"}],"wp:term":[{"taxonomy":"product_cat","embeddable":true,"href":"https:\/\/fmcomercial.com.py\/index.php\/wp-json\/wp\/v2\/product_cat?post=2300"},{"taxonomy":"product_tag","embeddable":true,"href":"https:\/\/fmcomercial.com.py\/index.php\/wp-json\/wp\/v2\/product_tag?post=2300"}],"curies":[{"name":"wp","href":"https:\/\/api.w.org\/{rel}","templated":true}]}}