{"id":2327,"date":"2023-09-12T20:36:14","date_gmt":"2023-09-12T20:36:14","guid":{"rendered":"https:\/\/fmcomercial.com.py\/?post_type=product&#038;p=2327"},"modified":"2024-04-15T13:51:18","modified_gmt":"2024-04-15T13:51:18","slug":"adhesivo-sintetico-uniflex-250-ml-cod-2345","status":"publish","type":"product","link":"https:\/\/fmcomercial.com.py\/index.php\/producto\/adhesivo-sintetico-uniflex-250-ml-cod-2345\/","title":{"rendered":"ADHESIVO SINT\u00c9TICO UNIFLEX 250ML &#8211; C\u00d3D: 2345"},"content":{"rendered":"","protected":false},"excerpt":{"rendered":"<p><strong>Descripci\u00f3n.<\/strong><br \/>\nAdhesivo de contacto especialmente recomendado para pegar materiales flexibles como cuero, goma, cuerinas, f\u00f3rmica, madera, corcho, l\u00e1minas pl\u00e1sticas y met\u00e1licas, alfombras, papel y otras superficies porosas<\/p>\n<p><strong>* Beneficios.<\/strong><br \/>\n&#8211; Adhiere distintos tipos de superficies.<br \/>\n&#8211; Brinda un largo tiempo en abierto (Tiempo de Tack) que permite realizar un pegado adecuado en superficies grandes.<\/p>\n<p><strong>* Modo de empleo.<\/strong><br \/>\n&#8211; Usar en condiciones de temperatura y humedad normales.<\/p>\n<p><strong>* Superficie.<\/strong><br \/>\n&#8211; La superficie a aplicar debe estar seca, limpia y libre de polvo.<br \/>\n&#8211; Si la superficie se encuentra aceitosa, limpiar con Soluci\u00f3n Limpiadora UX.<br \/>\n&#8211; Si se encuentra polvo, retirar el mismo con un pa\u00f1o humedecido con disolvente.<\/p>\n<p><strong>* Aplicaci\u00f3n.<\/strong><br \/>\n&#8211; Se recomienda lijar las superficies muy lisas.<br \/>\n&#8211; Aplicar una capa fina y uniforme en ambas superficies a adherir con pincel o esp\u00e1tula. Si la superficie a adherir es porosa, se recomienda aplicar una segunda mano del adhesivo sint\u00e9tico UNIFLEX luego de 15 minutos de aplicado la primera.<br \/>\n&#8211; Deje volatilizar los solventes de 20 a 40 minutos, luego se podr\u00e1 proceder a la uni\u00f3n de las superficies manteniendo prensado.<br \/>\nPara diluir UNIFLEX, como tambi\u00e9n para la limpieza de superficies o accesorios a ser pegados, se recomienda utilizar solamente Diluyente DISOFLEX.<\/p>\n<p><strong>* Diluci\u00f3n:<\/strong> Si es necesario, diluir hasta ajustarse al grado de viscosidad deseado.<br \/>\n&#8211; Recordamos que cuanto m\u00e1s se diluye, puede ir perdiendo las propiedades de adhesi\u00f3n.<\/p>\n","protected":false},"featured_media":2326,"comment_status":"open","ping_status":"closed","template":"","meta":{"site-sidebar-layout":"default","site-content-layout":"default","ast-site-content-layout":"","site-content-style":"default","site-sidebar-style":"default","ast-global-header-display":"","ast-banner-title-visibility":"","ast-main-header-display":"","ast-hfb-above-header-display":"","ast-hfb-below-header-display":"","ast-hfb-mobile-header-display":"","site-post-title":"","ast-breadcrumbs-content":"","ast-featured-img":"","footer-sml-layout":"","theme-transparent-header-meta":"default","adv-header-id-meta":"","stick-header-meta":"","header-above-stick-meta":"","header-main-stick-meta":"","header-below-stick-meta":"","astra-migrate-meta-layouts":"default","ast-page-background-enabled":"default","ast-page-background-meta":{"desktop":{"background-color":"var(--ast-global-color-4)","background-image":"","background-repeat":"repeat","background-position":"center center","background-size":"auto","background-attachment":"scroll","background-type":"","background-media":"","overlay-type":"","overlay-color":"","overlay-opacity":"","overlay-gradient":""},"tablet":{"background-color":"","background-image":"","background-repeat":"repeat","background-position":"center center","background-size":"auto","background-attachment":"scroll","background-type":"","background-media":"","overlay-type":"","overlay-color":"","overlay-opacity":"","overlay-gradient":""},"mobile":{"background-color":"","background-image":"","background-repeat":"repeat","background-position":"center center","background-size":"auto","background-attachment":"scroll","background-type":"","background-media":"","overlay-type":"","overlay-color":"","overlay-opacity":"","overlay-gradient":""}},"ast-content-background-meta":{"desktop":{"background-color":"var(--ast-global-color-5)","background-image":"","background-repeat":"repeat","background-position":"center center","background-size":"auto","background-attachment":"scroll","background-type":"","background-media":"","overlay-type":"","overlay-color":"","overlay-opacity":"","overlay-gradient":""},"tablet":{"background-color":"var(--ast-global-color-5)","background-image":"","background-repeat":"repeat","background-position":"center center","background-size":"auto","background-attachment":"scroll","background-type":"","background-media":"","overlay-type":"","overlay-color":"","overlay-opacity":"","overlay-gradient":""},"mobile":{"background-color":"var(--ast-global-color-5)","background-image":"","background-repeat":"repeat","background-position":"center center","background-size":"auto","background-attachment":"scroll","background-type":"","background-media":"","overlay-type":"","overlay-color":"","overlay-opacity":"","overlay-gradient":""}}},"product_cat":[27],"product_tag":[],"class_list":{"0":"post-2327","1":"product","2":"type-product","3":"status-publish","4":"has-post-thumbnail","6":"product_cat-ferreteria","7":"desktop-align-left","8":"tablet-align-left","9":"mobile-align-left","11":"first","12":"instock","13":"shipping-taxable","14":"purchasable","15":"product-type-simple"},"_links":{"self":[{"href":"https:\/\/fmcomercial.com.py\/index.php\/wp-json\/wp\/v2\/product\/2327","targetHints":{"allow":["GET"]}}],"collection":[{"href":"https:\/\/fmcomercial.com.py\/index.php\/wp-json\/wp\/v2\/product"}],"about":[{"href":"https:\/\/fmcomercial.com.py\/index.php\/wp-json\/wp\/v2\/types\/product"}],"replies":[{"embeddable":true,"href":"https:\/\/fmcomercial.com.py\/index.php\/wp-json\/wp\/v2\/comments?post=2327"}],"wp:featuredmedia":[{"embeddable":true,"href":"https:\/\/fmcomercial.com.py\/index.php\/wp-json\/wp\/v2\/media\/2326"}],"wp:attachment":[{"href":"https:\/\/fmcomercial.com.py\/index.php\/wp-json\/wp\/v2\/media?parent=2327"}],"wp:term":[{"taxonomy":"product_cat","embeddable":true,"href":"https:\/\/fmcomercial.com.py\/index.php\/wp-json\/wp\/v2\/product_cat?post=2327"},{"taxonomy":"product_tag","embeddable":true,"href":"https:\/\/fmcomercial.com.py\/index.php\/wp-json\/wp\/v2\/product_tag?post=2327"}],"curies":[{"name":"wp","href":"https:\/\/api.w.org\/{rel}","templated":true}]}}