{"id":2348,"date":"2023-09-13T14:36:35","date_gmt":"2023-09-13T14:36:35","guid":{"rendered":"https:\/\/fmcomercial.com.py\/?post_type=product&#038;p=2348"},"modified":"2026-01-28T19:43:50","modified_gmt":"2026-01-28T19:43:50","slug":"amatech-blanco-20kgs-amanecer-sin-fibra-cod-5056","status":"publish","type":"product","link":"https:\/\/fmcomercial.com.py\/index.php\/producto\/amatech-blanco-20kgs-amanecer-sin-fibra-cod-5056\/","title":{"rendered":"AMATECH BLANCO 20KGS AMANECER SIN FIBRA &#8211; C\u00d3D: 5056"},"content":{"rendered":"","protected":false},"excerpt":{"rendered":"<p><strong>Descripci\u00f3n.<\/strong><br \/>\nEspec\u00edficamente formulado sobre la base de Copol\u00edmero acr\u00edlicos eslastomericos que confieren al producto una m\u00e1xima impermeabilidad flexibilidad; la incorporaci\u00f3n de fibras sint\u00e9ticas otorgan una mayor resistencia a la abrasi\u00f3n y a la tracci\u00f3n; esta dise\u00f1ado especialmente para superficies de gran transitabilidad. Con su moderna tecnolog\u00eda, al secar forma una membrana protectora impermeable de gran adherencia, elasticidad y resistencia mec\u00e1nica.<\/p>\n<p>* Areas de aplicaci\u00f3n: Techos y azoteas de cemento, nuevos y existentes; baldosas cer\u00e1micas, chapas de fibrocemento, etc.<br \/>\n* Acabado: Mate.<br \/>\n* Color: Blanco.<br \/>\n* Modo de aplicaci\u00f3n: Preferentemente rodillo, aunque tambi\u00e9n puede usarse pincel o brocha.<br \/>\n* Cantidad de manos: 1 mano de imprimaci\u00f3n (el mismo producto diluido 25 % de agua) Luego 2 o 3 manos sin diluir, como terminaci\u00f3n.<br \/>\n* Diluyente: Agua.<br \/>\n* Intervalo entre manos: 4 a 12 horas.<br \/>\n* Tiempo de secado: 3 a 4 horas.<br \/>\n* Rendimiento: 1 a 1,5 Kg \/ m2, logrando un espesor final de 700 micrones.<\/p>\n","protected":false},"featured_media":2333,"comment_status":"open","ping_status":"closed","template":"","meta":{"site-sidebar-layout":"default","site-content-layout":"default","ast-site-content-layout":"","site-content-style":"default","site-sidebar-style":"default","ast-global-header-display":"","ast-banner-title-visibility":"","ast-main-header-display":"","ast-hfb-above-header-display":"","ast-hfb-below-header-display":"","ast-hfb-mobile-header-display":"","site-post-title":"","ast-breadcrumbs-content":"","ast-featured-img":"","footer-sml-layout":"","theme-transparent-header-meta":"default","adv-header-id-meta":"","stick-header-meta":"","header-above-stick-meta":"","header-main-stick-meta":"","header-below-stick-meta":"","astra-migrate-meta-layouts":"default","ast-page-background-enabled":"default","ast-page-background-meta":{"desktop":{"background-color":"var(--ast-global-color-4)","background-image":"","background-repeat":"repeat","background-position":"center center","background-size":"auto","background-attachment":"scroll","background-type":"","background-media":"","overlay-type":"","overlay-color":"","overlay-opacity":"","overlay-gradient":""},"tablet":{"background-color":"","background-image":"","background-repeat":"repeat","background-position":"center center","background-size":"auto","background-attachment":"scroll","background-type":"","background-media":"","overlay-type":"","overlay-color":"","overlay-opacity":"","overlay-gradient":""},"mobile":{"background-color":"","background-image":"","background-repeat":"repeat","background-position":"center center","background-size":"auto","background-attachment":"scroll","background-type":"","background-media":"","overlay-type":"","overlay-color":"","overlay-opacity":"","overlay-gradient":""}},"ast-content-background-meta":{"desktop":{"background-color":"var(--ast-global-color-5)","background-image":"","background-repeat":"repeat","background-position":"center center","background-size":"auto","background-attachment":"scroll","background-type":"","background-media":"","overlay-type":"","overlay-color":"","overlay-opacity":"","overlay-gradient":""},"tablet":{"background-color":"var(--ast-global-color-5)","background-image":"","background-repeat":"repeat","background-position":"center center","background-size":"auto","background-attachment":"scroll","background-type":"","background-media":"","overlay-type":"","overlay-color":"","overlay-opacity":"","overlay-gradient":""},"mobile":{"background-color":"var(--ast-global-color-5)","background-image":"","background-repeat":"repeat","background-position":"center center","background-size":"auto","background-attachment":"scroll","background-type":"","background-media":"","overlay-type":"","overlay-color":"","overlay-opacity":"","overlay-gradient":""}}},"product_cat":[27,34],"product_tag":[],"class_list":{"0":"post-2348","1":"product","2":"type-product","3":"status-publish","4":"has-post-thumbnail","6":"product_cat-ferreteria","7":"product_cat-pintura-y-complementos","8":"desktop-align-left","9":"tablet-align-left","10":"mobile-align-left","12":"first","13":"instock","14":"shipping-taxable","15":"purchasable","16":"product-type-simple"},"_links":{"self":[{"href":"https:\/\/fmcomercial.com.py\/index.php\/wp-json\/wp\/v2\/product\/2348","targetHints":{"allow":["GET"]}}],"collection":[{"href":"https:\/\/fmcomercial.com.py\/index.php\/wp-json\/wp\/v2\/product"}],"about":[{"href":"https:\/\/fmcomercial.com.py\/index.php\/wp-json\/wp\/v2\/types\/product"}],"replies":[{"embeddable":true,"href":"https:\/\/fmcomercial.com.py\/index.php\/wp-json\/wp\/v2\/comments?post=2348"}],"wp:featuredmedia":[{"embeddable":true,"href":"https:\/\/fmcomercial.com.py\/index.php\/wp-json\/wp\/v2\/media\/2333"}],"wp:attachment":[{"href":"https:\/\/fmcomercial.com.py\/index.php\/wp-json\/wp\/v2\/media?parent=2348"}],"wp:term":[{"taxonomy":"product_cat","embeddable":true,"href":"https:\/\/fmcomercial.com.py\/index.php\/wp-json\/wp\/v2\/product_cat?post=2348"},{"taxonomy":"product_tag","embeddable":true,"href":"https:\/\/fmcomercial.com.py\/index.php\/wp-json\/wp\/v2\/product_tag?post=2348"}],"curies":[{"name":"wp","href":"https:\/\/api.w.org\/{rel}","templated":true}]}}