{"id":2385,"date":"2023-09-14T20:36:35","date_gmt":"2023-09-14T20:36:35","guid":{"rendered":"https:\/\/fmcomercial.com.py\/?post_type=product&#038;p=2385"},"modified":"2026-02-09T14:44:13","modified_gmt":"2026-02-09T14:44:13","slug":"latex-acrilico-3-6lts-verde-amazona-amanecer-cod-062","status":"publish","type":"product","link":"https:\/\/fmcomercial.com.py\/index.php\/producto\/latex-acrilico-3-6lts-verde-amazona-amanecer-cod-062\/","title":{"rendered":"LATEX ACRILICO 3.6LTS VERDE AMAZONA AMANECER &#8211; C\u00d3D: 062"},"content":{"rendered":"","protected":false},"excerpt":{"rendered":"<p><strong>Descripci\u00f3n.<\/strong><br \/>\nPintura elaborada a base de pol\u00edmeros en dispersi\u00f3n acuosa que contiene bi\u00f3xido de titanio como pigmento. Proporciona un hermoso acabado mate aterciopelado de buena resistencia a la intemperie<\/p>\n<p>* \u00c1reas de aplicaci\u00f3n: Indicado para superficies interiores y exteriores. Es de f\u00e1cil aplicaci\u00f3n sobre revoque, enduido, yeso, papel, paneles ac\u00fasticos, ladrillo, fibrocemento, etc.<br \/>\n* Acabado: Mate.<br \/>\n* Color: Verde Amazona.<br \/>\n* Modo de aplicaci\u00f3n: Se aplica a pincel, rodillo o soplete ya sea con su consistencia normal o diluida con la m\u00ednima cantidad de agua necesaria para facilitar su aplicaci\u00f3n.<br \/>\n* Cantidad de manos: 2 a 3 manos.<br \/>\n* Diluyente: Agua.<br \/>\n* Intervalo entre manos: 3 horas.<br \/>\n* Tiempo de secado: 1 hora.<br \/>\n* Rendimiento: 10 a 12 m\u00b2\/litro y por mano.<br \/>\n* Preparaci\u00f3n: Antes de iniciar cualquier trabajo de pintura sobre superficies nuevas y\/o antiguas es conveniente realizar una preparaci\u00f3n previa de las mismas.<\/p>\n","protected":false},"featured_media":2336,"comment_status":"open","ping_status":"closed","template":"","meta":{"site-sidebar-layout":"default","site-content-layout":"default","ast-site-content-layout":"","site-content-style":"default","site-sidebar-style":"default","ast-global-header-display":"","ast-banner-title-visibility":"","ast-main-header-display":"","ast-hfb-above-header-display":"","ast-hfb-below-header-display":"","ast-hfb-mobile-header-display":"","site-post-title":"","ast-breadcrumbs-content":"","ast-featured-img":"","footer-sml-layout":"","theme-transparent-header-meta":"default","adv-header-id-meta":"","stick-header-meta":"","header-above-stick-meta":"","header-main-stick-meta":"","header-below-stick-meta":"","astra-migrate-meta-layouts":"default","ast-page-background-enabled":"default","ast-page-background-meta":{"desktop":{"background-color":"var(--ast-global-color-4)","background-image":"","background-repeat":"repeat","background-position":"center center","background-size":"auto","background-attachment":"scroll","background-type":"","background-media":"","overlay-type":"","overlay-color":"","overlay-opacity":"","overlay-gradient":""},"tablet":{"background-color":"","background-image":"","background-repeat":"repeat","background-position":"center center","background-size":"auto","background-attachment":"scroll","background-type":"","background-media":"","overlay-type":"","overlay-color":"","overlay-opacity":"","overlay-gradient":""},"mobile":{"background-color":"","background-image":"","background-repeat":"repeat","background-position":"center center","background-size":"auto","background-attachment":"scroll","background-type":"","background-media":"","overlay-type":"","overlay-color":"","overlay-opacity":"","overlay-gradient":""}},"ast-content-background-meta":{"desktop":{"background-color":"var(--ast-global-color-5)","background-image":"","background-repeat":"repeat","background-position":"center center","background-size":"auto","background-attachment":"scroll","background-type":"","background-media":"","overlay-type":"","overlay-color":"","overlay-opacity":"","overlay-gradient":""},"tablet":{"background-color":"var(--ast-global-color-5)","background-image":"","background-repeat":"repeat","background-position":"center center","background-size":"auto","background-attachment":"scroll","background-type":"","background-media":"","overlay-type":"","overlay-color":"","overlay-opacity":"","overlay-gradient":""},"mobile":{"background-color":"var(--ast-global-color-5)","background-image":"","background-repeat":"repeat","background-position":"center center","background-size":"auto","background-attachment":"scroll","background-type":"","background-media":"","overlay-type":"","overlay-color":"","overlay-opacity":"","overlay-gradient":""}}},"product_cat":[27,34],"product_tag":[],"class_list":{"0":"post-2385","1":"product","2":"type-product","3":"status-publish","4":"has-post-thumbnail","6":"product_cat-ferreteria","7":"product_cat-pintura-y-complementos","8":"desktop-align-left","9":"tablet-align-left","10":"mobile-align-left","12":"first","13":"instock","14":"shipping-taxable","15":"purchasable","16":"product-type-simple"},"_links":{"self":[{"href":"https:\/\/fmcomercial.com.py\/index.php\/wp-json\/wp\/v2\/product\/2385","targetHints":{"allow":["GET"]}}],"collection":[{"href":"https:\/\/fmcomercial.com.py\/index.php\/wp-json\/wp\/v2\/product"}],"about":[{"href":"https:\/\/fmcomercial.com.py\/index.php\/wp-json\/wp\/v2\/types\/product"}],"replies":[{"embeddable":true,"href":"https:\/\/fmcomercial.com.py\/index.php\/wp-json\/wp\/v2\/comments?post=2385"}],"wp:featuredmedia":[{"embeddable":true,"href":"https:\/\/fmcomercial.com.py\/index.php\/wp-json\/wp\/v2\/media\/2336"}],"wp:attachment":[{"href":"https:\/\/fmcomercial.com.py\/index.php\/wp-json\/wp\/v2\/media?parent=2385"}],"wp:term":[{"taxonomy":"product_cat","embeddable":true,"href":"https:\/\/fmcomercial.com.py\/index.php\/wp-json\/wp\/v2\/product_cat?post=2385"},{"taxonomy":"product_tag","embeddable":true,"href":"https:\/\/fmcomercial.com.py\/index.php\/wp-json\/wp\/v2\/product_tag?post=2385"}],"curies":[{"name":"wp","href":"https:\/\/api.w.org\/{rel}","templated":true}]}}