{"id":2477,"date":"2023-09-21T19:50:01","date_gmt":"2023-09-21T19:50:01","guid":{"rendered":"https:\/\/fmcomercial.com.py\/?post_type=product&#038;p=2477"},"modified":"2024-05-06T12:49:59","modified_gmt":"2024-05-06T12:49:59","slug":"pastina-universal-pennsylvania-siliconada-azul-celeste-cod-5219","status":"publish","type":"product","link":"https:\/\/fmcomercial.com.py\/index.php\/producto\/pastina-universal-pennsylvania-siliconada-azul-celeste-cod-5219\/","title":{"rendered":"PASTINA UNIVERSAL PENNSYLVANIA SILICONADA AZUL CELESTE &#8211; C\u00d3D: 5219"},"content":{"rendered":"","protected":false},"excerpt":{"rendered":"<p><strong>Descripci\u00f3n.<\/strong><br \/>\nPastina Pennsylvania es un mortero cementicio para relleno de juntas entre piezas de piso. Disponible en varios colores, se puede usar con todo tipo de piezas, cer\u00e1micas, porcelanatos, piedras naturales y piezas de vidrio. Apto para uso en piscinas.<\/p>\n<p>* Preparaci\u00f3n de la mezcla: Se prepara en balde de alba\u00f1il colocando solamente agua. Se recomienda usar 1 parte de agua por cada 3 partes de polvo y mezclar hasta tener una masa homog\u00e9nea y sin grumos.<br \/>\nSe debe tener cuidado especial en la dosificaci\u00f3n del agua, que debe ser tal que permita una masa homog\u00e9nea con aspecto pl\u00e1stico. Una insuficiente cantidad de agua dar\u00eda lugar a una mala hidrataci\u00f3n, mientras que un exceso provocar\u00eda un tiempo de fraguado alargado y p\u00e9rdida de resistencia.<\/p>\n<p>* Preparaci\u00f3n del soporte:<br \/>\n&#8211; Comience la colocaci\u00f3n de la Pastina despu\u00e9s del per\u00edodo de fraguado de 72hs del adhesivo.<br \/>\n&#8211; Las juntas deben estar limpias y libres de polvo o cualquier otro material que pueda evitar la perfecta penetraci\u00f3n y adhesi\u00f3n de la pastina; Las partes met\u00e1licas y de aluminio no tratadas deben protegerse para evitar manchas;<br \/>\n&#8211; Las partes porosas, no esmaltadas o antideslizantes, deben protegerse para evitar manchas;<br \/>\n&#8211; Las juntas de hasta 3mm de ancho deben humedecerse ligeramente con agua limpia antes de aplicar la pastina.<br \/>\n&#8211; En d\u00edas soleados o con vientos fuertes, todas las juntas deben humedecerse.<\/p>\n<p>* Preparaci\u00f3n el producto:<br \/>\n&#8211; En un recipiente limpio y herm\u00e9tico, vierta el contenido del paquete de pastina<br \/>\n&#8211; Agregue 290ml (+-5%) de agua limpia (idealmente entre 280ml y 300ml).<br \/>\n&#8211; Mezclar hasta obtener una masa homog\u00e9nea sin grumos;<br \/>\n&#8211; Proteja el producto del sol, el viento o la lluvia;<br \/>\n&#8211; Siempre use agua limpia para la mezcla;<br \/>\n&#8211; No hay necesidad de esperar a que se use el producto;<br \/>\n&#8211; Use el producto hasta 1 horas despu\u00e9s de su preparaci\u00f3n, y no agregue agua ni ning\u00fan otro producto despu\u00e9s de mezclarlo.<\/p>\n<p>* Aplicaci\u00f3n de la Pastina Siliconada Universal:<br \/>\n&#8211; Aplique el material con una llana de goma, metal o pl\u00e1stico, presionada con un movimiento continuo en la junta, hasta completar el relleno, dejando el menor exceso posible en la superficie del revestimiento; 30 a 60 minutos despu\u00e9s de la aplicaci\u00f3n, cuando la pastina est\u00e1 en un estado semiendurecido, termine usando una esponja limpia y suave ligeramente humedecida con agua limpia, que debe lavarse y escurrirse con frecuencia.<\/p>\n<p>* Precauciones y cuidado de la Pastina Siliconada Universal Pennsylvania:<br \/>\n&#8211; El exceso o la falta de agua para preparar el producto puede causar perdida de resistencia y cambio de color en el producto.<br \/>\n&#8211; El color final de la pastina se estabiliza aproximadamente 5 d\u00edas despu\u00e9s de la aplicaci\u00f3n.<br \/>\n&#8211; No caminar sobre piezas reci\u00e9n empastinadas.<br \/>\n&#8211; Aproximadamente 1 hora despu\u00e9s de la aplicaci\u00f3n, humedezca las \u00e1reas sujetas a la acci\u00f3n del sol o el viento.<br \/>\n&#8211; Proteja de la lluvia durante 3 d\u00edas.<br \/>\n&#8211; El tr\u00e1fico de personal se liberar\u00e1 despu\u00e9s de 24 horas de aplicaci\u00f3n.<br \/>\n&#8211; La limpieza diaria solo puede iniciarse despu\u00e9s de 14 d\u00edas de aplicaci\u00f3n.<\/p>\n","protected":false},"featured_media":2478,"comment_status":"open","ping_status":"closed","template":"","meta":{"site-sidebar-layout":"default","site-content-layout":"default","ast-site-content-layout":"","site-content-style":"default","site-sidebar-style":"default","ast-global-header-display":"","ast-banner-title-visibility":"","ast-main-header-display":"","ast-hfb-above-header-display":"","ast-hfb-below-header-display":"","ast-hfb-mobile-header-display":"","site-post-title":"","ast-breadcrumbs-content":"","ast-featured-img":"","footer-sml-layout":"","theme-transparent-header-meta":"default","adv-header-id-meta":"","stick-header-meta":"","header-above-stick-meta":"","header-main-stick-meta":"","header-below-stick-meta":"","astra-migrate-meta-layouts":"default","ast-page-background-enabled":"default","ast-page-background-meta":{"desktop":{"background-color":"var(--ast-global-color-4)","background-image":"","background-repeat":"repeat","background-position":"center center","background-size":"auto","background-attachment":"scroll","background-type":"","background-media":"","overlay-type":"","overlay-color":"","overlay-opacity":"","overlay-gradient":""},"tablet":{"background-color":"","background-image":"","background-repeat":"repeat","background-position":"center center","background-size":"auto","background-attachment":"scroll","background-type":"","background-media":"","overlay-type":"","overlay-color":"","overlay-opacity":"","overlay-gradient":""},"mobile":{"background-color":"","background-image":"","background-repeat":"repeat","background-position":"center center","background-size":"auto","background-attachment":"scroll","background-type":"","background-media":"","overlay-type":"","overlay-color":"","overlay-opacity":"","overlay-gradient":""}},"ast-content-background-meta":{"desktop":{"background-color":"var(--ast-global-color-5)","background-image":"","background-repeat":"repeat","background-position":"center center","background-size":"auto","background-attachment":"scroll","background-type":"","background-media":"","overlay-type":"","overlay-color":"","overlay-opacity":"","overlay-gradient":""},"tablet":{"background-color":"var(--ast-global-color-5)","background-image":"","background-repeat":"repeat","background-position":"center center","background-size":"auto","background-attachment":"scroll","background-type":"","background-media":"","overlay-type":"","overlay-color":"","overlay-opacity":"","overlay-gradient":""},"mobile":{"background-color":"var(--ast-global-color-5)","background-image":"","background-repeat":"repeat","background-position":"center center","background-size":"auto","background-attachment":"scroll","background-type":"","background-media":"","overlay-type":"","overlay-color":"","overlay-opacity":"","overlay-gradient":""}}},"product_cat":[27,34],"product_tag":[],"class_list":{"0":"post-2477","1":"product","2":"type-product","3":"status-publish","4":"has-post-thumbnail","6":"product_cat-ferreteria","7":"product_cat-pintura-y-complementos","8":"desktop-align-left","9":"tablet-align-left","10":"mobile-align-left","12":"first","13":"instock","14":"shipping-taxable","15":"purchasable","16":"product-type-simple"},"_links":{"self":[{"href":"https:\/\/fmcomercial.com.py\/index.php\/wp-json\/wp\/v2\/product\/2477","targetHints":{"allow":["GET"]}}],"collection":[{"href":"https:\/\/fmcomercial.com.py\/index.php\/wp-json\/wp\/v2\/product"}],"about":[{"href":"https:\/\/fmcomercial.com.py\/index.php\/wp-json\/wp\/v2\/types\/product"}],"replies":[{"embeddable":true,"href":"https:\/\/fmcomercial.com.py\/index.php\/wp-json\/wp\/v2\/comments?post=2477"}],"wp:featuredmedia":[{"embeddable":true,"href":"https:\/\/fmcomercial.com.py\/index.php\/wp-json\/wp\/v2\/media\/2478"}],"wp:attachment":[{"href":"https:\/\/fmcomercial.com.py\/index.php\/wp-json\/wp\/v2\/media?parent=2477"}],"wp:term":[{"taxonomy":"product_cat","embeddable":true,"href":"https:\/\/fmcomercial.com.py\/index.php\/wp-json\/wp\/v2\/product_cat?post=2477"},{"taxonomy":"product_tag","embeddable":true,"href":"https:\/\/fmcomercial.com.py\/index.php\/wp-json\/wp\/v2\/product_tag?post=2477"}],"curies":[{"name":"wp","href":"https:\/\/api.w.org\/{rel}","templated":true}]}}