{"id":2641,"date":"2023-10-11T19:39:09","date_gmt":"2023-10-11T19:39:09","guid":{"rendered":"https:\/\/fmcomercial.com.py\/?post_type=product&#038;p=2641"},"modified":"2025-03-27T18:05:37","modified_gmt":"2025-03-27T18:05:37","slug":"aerosol-amancer-amarillo-fluor-cod-3925","status":"publish","type":"product","link":"https:\/\/fmcomercial.com.py\/index.php\/producto\/aerosol-amancer-amarillo-fluor-cod-3925\/","title":{"rendered":"AEROSOL AMANCER AMARILLO FLUOR &#8211; C\u00d3D: 3925"},"content":{"rendered":"","protected":false},"excerpt":{"rendered":"<p><strong>Descripci\u00f3n.<\/strong><br \/>\n* Pintura para uso m\u00faltiples, de buen poder cubritivo, r\u00e1pido secado, durable, para interior y exterior.<br \/>\n* \u00c1reas de aplicaci\u00f3n: Es aplicable tanto en interior como exterior sobre superficies de madera, metales, mimbre y artesan\u00eda.<br \/>\n* Acabado: Brillante y mate.<br \/>\n* Color: Amarillo fluor.<br \/>\n* Modo de aplicaci\u00f3n:- Agite el envase vigorosamente por un minuto despu\u00e9s de escuchar el sonido de la bolita para mezclar.<br \/>\n\u2013 Agite a menudo el envase durante el uso. Agarre la lata verticalmente y a 25 \u2013 30 cent\u00edmetros , lejos de la superficie y use un movimiento uniforme de izquierda a derecha, haciendo que cada pasada salga un poco sobre la anterior. Mantenga la lata la misma distancia desde la superficie en movimiento durante el rociado. Aplique dos o mas capas delgada, esperando unos minutos entre capas.<br \/>\n* Cantidad de manos e intervalo entre manos: Puede repintarse antes de una hora o despu\u00e9s de24 horas. Seca al tacto a los 20 minutos a una temperatura de 21\u00b0C.<br \/>\n* Diluyente: Para limpieza usar aguarr\u00e1s mineral o thinner.<br \/>\n* Rendimiento: 2 a 3 m\u00b2\/litro y por mano.<br \/>\n* Preparaci\u00f3n: Las superficies a pintar deben estar limpias, secas y desengrasadas, libres de \u00f3xido y part\u00edculas de polvo u otros contaminantes.<br \/>\n* Envase: Se provee en capacidades de 440cm\u00b3.<\/p>\n","protected":false},"featured_media":2642,"comment_status":"open","ping_status":"closed","template":"","meta":{"site-sidebar-layout":"default","site-content-layout":"default","ast-site-content-layout":"default","site-content-style":"default","site-sidebar-style":"default","ast-global-header-display":"","ast-banner-title-visibility":"","ast-main-header-display":"","ast-hfb-above-header-display":"","ast-hfb-below-header-display":"","ast-hfb-mobile-header-display":"","site-post-title":"","ast-breadcrumbs-content":"","ast-featured-img":"","footer-sml-layout":"","theme-transparent-header-meta":"default","adv-header-id-meta":"","stick-header-meta":"","header-above-stick-meta":"","header-main-stick-meta":"","header-below-stick-meta":"","astra-migrate-meta-layouts":"set","ast-page-background-enabled":"default","ast-page-background-meta":{"desktop":{"background-color":"var(--ast-global-color-4)","background-image":"","background-repeat":"repeat","background-position":"center center","background-size":"auto","background-attachment":"scroll","background-type":"","background-media":"","overlay-type":"","overlay-color":"","overlay-opacity":"","overlay-gradient":""},"tablet":{"background-color":"","background-image":"","background-repeat":"repeat","background-position":"center center","background-size":"auto","background-attachment":"scroll","background-type":"","background-media":"","overlay-type":"","overlay-color":"","overlay-opacity":"","overlay-gradient":""},"mobile":{"background-color":"","background-image":"","background-repeat":"repeat","background-position":"center center","background-size":"auto","background-attachment":"scroll","background-type":"","background-media":"","overlay-type":"","overlay-color":"","overlay-opacity":"","overlay-gradient":""}},"ast-content-background-meta":{"desktop":{"background-color":"var(--ast-global-color-5)","background-image":"","background-repeat":"repeat","background-position":"center center","background-size":"auto","background-attachment":"scroll","background-type":"","background-media":"","overlay-type":"","overlay-color":"","overlay-opacity":"","overlay-gradient":""},"tablet":{"background-color":"var(--ast-global-color-5)","background-image":"","background-repeat":"repeat","background-position":"center center","background-size":"auto","background-attachment":"scroll","background-type":"","background-media":"","overlay-type":"","overlay-color":"","overlay-opacity":"","overlay-gradient":""},"mobile":{"background-color":"var(--ast-global-color-5)","background-image":"","background-repeat":"repeat","background-position":"center center","background-size":"auto","background-attachment":"scroll","background-type":"","background-media":"","overlay-type":"","overlay-color":"","overlay-opacity":"","overlay-gradient":""}}},"product_cat":[27,34],"product_tag":[],"class_list":{"0":"post-2641","1":"product","2":"type-product","3":"status-publish","4":"has-post-thumbnail","6":"product_cat-ferreteria","7":"product_cat-pintura-y-complementos","8":"desktop-align-left","9":"tablet-align-left","10":"mobile-align-left","12":"first","13":"instock","14":"shipping-taxable","15":"purchasable","16":"product-type-simple"},"_links":{"self":[{"href":"https:\/\/fmcomercial.com.py\/index.php\/wp-json\/wp\/v2\/product\/2641","targetHints":{"allow":["GET"]}}],"collection":[{"href":"https:\/\/fmcomercial.com.py\/index.php\/wp-json\/wp\/v2\/product"}],"about":[{"href":"https:\/\/fmcomercial.com.py\/index.php\/wp-json\/wp\/v2\/types\/product"}],"replies":[{"embeddable":true,"href":"https:\/\/fmcomercial.com.py\/index.php\/wp-json\/wp\/v2\/comments?post=2641"}],"wp:featuredmedia":[{"embeddable":true,"href":"https:\/\/fmcomercial.com.py\/index.php\/wp-json\/wp\/v2\/media\/2642"}],"wp:attachment":[{"href":"https:\/\/fmcomercial.com.py\/index.php\/wp-json\/wp\/v2\/media?parent=2641"}],"wp:term":[{"taxonomy":"product_cat","embeddable":true,"href":"https:\/\/fmcomercial.com.py\/index.php\/wp-json\/wp\/v2\/product_cat?post=2641"},{"taxonomy":"product_tag","embeddable":true,"href":"https:\/\/fmcomercial.com.py\/index.php\/wp-json\/wp\/v2\/product_tag?post=2641"}],"curies":[{"name":"wp","href":"https:\/\/api.w.org\/{rel}","templated":true}]}}