{"id":2696,"date":"2023-10-31T16:43:02","date_gmt":"2023-10-31T16:43:02","guid":{"rendered":"https:\/\/fmcomercial.com.py\/?post_type=product&#038;p=2696"},"modified":"2025-09-02T14:48:34","modified_gmt":"2025-09-02T14:48:34","slug":"pintura-suvinil-rinde-cubre-mucho-hielo-cod-4530","status":"publish","type":"product","link":"https:\/\/fmcomercial.com.py\/index.php\/producto\/pintura-suvinil-rinde-cubre-mucho-hielo-cod-4530\/","title":{"rendered":"PINTURA SUVINIL RINDE &#038; CUBRE MUCHO HIELO &#8211; C\u00d3D: 4530"},"content":{"rendered":"","protected":false},"excerpt":{"rendered":"<p><strong>Descripci\u00f3n.<\/strong><br \/>\nSuvinil Rinde &amp; Cubre Mucho es la pintura que m\u00e1s rinde. El producto tiene poco olor, gran cobertura y excelente rendimiento y tambi\u00e9n es f\u00e1cil de esparcir. Suvinil Rinde &amp; Cubre Mucho tiene una gran consistencia, lo que facilita su aplicaci\u00f3n despu\u00e9s de diluirlo.<br \/>\n* Acabado: Mate.<br \/>\n* Secado:<br \/>\n\u2013 Al tacto: 2 horas<br \/>\n\u2013 Entre manos: 4 horas<br \/>\n\u2013 Final: 12 horas<br \/>\n* Rendimiento<br \/>\n\u2013 18 L: Rendimiento hasta 500 m\u00b2.<br \/>\n* Cantidad de manos: De 2 a 3 manos.<\/p>\n<p><strong>* OBSERVACI\u00d3N<\/strong><br \/>\n\u2013 Primera pintura sobre masilla, acr\u00edlico, paneles de yeso y yeso: diluir con 50% de agua potable.<br \/>\n\u2013 Repintados, hormigones, bloques de hormig\u00f3n, fibrocemento y yesos: diluir con 50% y agua potable.<br \/>\n\u2013 Para aplicaci\u00f3n con compresor de aire, diluir con 50 a 70% de agua potable por litro y aplicar con presi\u00f3n entre 1200 y 1400 psi. Utilice una boquilla con una apertura de 0.017\u201d y una velocidad de aplicaci\u00f3n entre 9 y 11m2\/min.<\/p>\n","protected":false},"featured_media":2693,"comment_status":"open","ping_status":"closed","template":"","meta":{"site-sidebar-layout":"default","site-content-layout":"default","ast-site-content-layout":"default","site-content-style":"default","site-sidebar-style":"default","ast-global-header-display":"","ast-banner-title-visibility":"","ast-main-header-display":"","ast-hfb-above-header-display":"","ast-hfb-below-header-display":"","ast-hfb-mobile-header-display":"","site-post-title":"","ast-breadcrumbs-content":"","ast-featured-img":"","footer-sml-layout":"","theme-transparent-header-meta":"default","adv-header-id-meta":"","stick-header-meta":"","header-above-stick-meta":"","header-main-stick-meta":"","header-below-stick-meta":"","astra-migrate-meta-layouts":"set","ast-page-background-enabled":"default","ast-page-background-meta":{"desktop":{"background-color":"var(--ast-global-color-4)","background-image":"","background-repeat":"repeat","background-position":"center center","background-size":"auto","background-attachment":"scroll","background-type":"","background-media":"","overlay-type":"","overlay-color":"","overlay-opacity":"","overlay-gradient":""},"tablet":{"background-color":"","background-image":"","background-repeat":"repeat","background-position":"center center","background-size":"auto","background-attachment":"scroll","background-type":"","background-media":"","overlay-type":"","overlay-color":"","overlay-opacity":"","overlay-gradient":""},"mobile":{"background-color":"","background-image":"","background-repeat":"repeat","background-position":"center center","background-size":"auto","background-attachment":"scroll","background-type":"","background-media":"","overlay-type":"","overlay-color":"","overlay-opacity":"","overlay-gradient":""}},"ast-content-background-meta":{"desktop":{"background-color":"var(--ast-global-color-5)","background-image":"","background-repeat":"repeat","background-position":"center center","background-size":"auto","background-attachment":"scroll","background-type":"","background-media":"","overlay-type":"","overlay-color":"","overlay-opacity":"","overlay-gradient":""},"tablet":{"background-color":"var(--ast-global-color-5)","background-image":"","background-repeat":"repeat","background-position":"center center","background-size":"auto","background-attachment":"scroll","background-type":"","background-media":"","overlay-type":"","overlay-color":"","overlay-opacity":"","overlay-gradient":""},"mobile":{"background-color":"var(--ast-global-color-5)","background-image":"","background-repeat":"repeat","background-position":"center center","background-size":"auto","background-attachment":"scroll","background-type":"","background-media":"","overlay-type":"","overlay-color":"","overlay-opacity":"","overlay-gradient":""}}},"product_cat":[27,34],"product_tag":[],"class_list":{"0":"post-2696","1":"product","2":"type-product","3":"status-publish","4":"has-post-thumbnail","6":"product_cat-ferreteria","7":"product_cat-pintura-y-complementos","8":"desktop-align-left","9":"tablet-align-left","10":"mobile-align-left","12":"first","13":"instock","14":"shipping-taxable","15":"purchasable","16":"product-type-simple"},"_links":{"self":[{"href":"https:\/\/fmcomercial.com.py\/index.php\/wp-json\/wp\/v2\/product\/2696","targetHints":{"allow":["GET"]}}],"collection":[{"href":"https:\/\/fmcomercial.com.py\/index.php\/wp-json\/wp\/v2\/product"}],"about":[{"href":"https:\/\/fmcomercial.com.py\/index.php\/wp-json\/wp\/v2\/types\/product"}],"replies":[{"embeddable":true,"href":"https:\/\/fmcomercial.com.py\/index.php\/wp-json\/wp\/v2\/comments?post=2696"}],"wp:featuredmedia":[{"embeddable":true,"href":"https:\/\/fmcomercial.com.py\/index.php\/wp-json\/wp\/v2\/media\/2693"}],"wp:attachment":[{"href":"https:\/\/fmcomercial.com.py\/index.php\/wp-json\/wp\/v2\/media?parent=2696"}],"wp:term":[{"taxonomy":"product_cat","embeddable":true,"href":"https:\/\/fmcomercial.com.py\/index.php\/wp-json\/wp\/v2\/product_cat?post=2696"},{"taxonomy":"product_tag","embeddable":true,"href":"https:\/\/fmcomercial.com.py\/index.php\/wp-json\/wp\/v2\/product_tag?post=2696"}],"curies":[{"name":"wp","href":"https:\/\/api.w.org\/{rel}","templated":true}]}}