{"id":2721,"date":"2024-04-27T13:03:41","date_gmt":"2024-04-27T13:03:41","guid":{"rendered":"https:\/\/fmcomercial.com.py\/?post_type=product&#038;p=2721"},"modified":"2024-04-27T13:16:28","modified_gmt":"2024-04-27T13:16:28","slug":"resina-aclrilico-3-6lts-impermeable-amanecer","status":"publish","type":"product","link":"https:\/\/fmcomercial.com.py\/index.php\/producto\/resina-aclrilico-3-6lts-impermeable-amanecer\/","title":{"rendered":"RESINA ACLRILICO 3.6LTS IMPERMEABLE AMANECER &#8211; C\u00d3D: 134"},"content":{"rendered":"","protected":false},"excerpt":{"rendered":"<p><strong>Descripci\u00f3n.<\/strong><br \/>\nResina Acr\u00edlica Impermeabilizante 3600CC.<br \/>\n* Formulado a base de Resina Acr\u00edlica impermeabilizante de acabado brillante que protege y realza la tonalidad natural de las superficies pintadas.<br \/>\n* \u00c1reas de aplicaci\u00f3n: Piedras naturales, concreto, fibrocemento, tejas, tejuelones, layota y todo tipo de cer\u00e1micos porosos.<br \/>\n* Color: Transparente.<br \/>\n* Cantidad de manos: Aplicar 2 a 3 manos, seg\u00fan necesidad.<br \/>\n* Tiempo de secado e intervalo entre manos: Al tacto en 1 hora. Entre manos 6 horas, secado final 12 horas. Pisos de cemento para puesta en servicio al transito peatonal dejar secar por espacio de 3 d\u00edas; Piso de estacionamiento para puesta en servicio al transito vehicular dejar secar por espacio de 5 d\u00edas.<br \/>\n* Diluyente: Producto listo para usar. En caso de ser necesario diluir con un m\u00e1ximo de 5% con Thinner Universal Amanecer.<br \/>\n* Rendimiento: Superficies lisas 10 m\u00b2\/litro y por mano.<br \/>\n* Superficies porosas 6 m\u00b2\/litro y por mano.<br \/>\n* Preparaci\u00f3n de la superficie:<br \/>\n\u2013 Concreto nuevo: Dejar secar por espacio de 30 d\u00edas, lavar con acido muri\u00e1tico diluido en 10 litros de agua, luego enjuagar con abundante agua. Dejar secar por espacio de 12 horas, seg\u00fan condiciones clim\u00e1ticas.<br \/>\n\u2013 Revoque y superficies absorbentes: Dejar secar por espacio de 30 d\u00edas. Aplicar una mano de Resina Acr\u00edlica Impermeabilizaste amanecer, diluida en partes iguales con Thinner Universal Amanecer como fondo sellador.<br \/>\n\u2013 Superficies con part\u00edculas sueltas: Rasquetear y eliminar restos de pintura u otro objeto removible existente. Pasar trapo h\u00famedo para eliminar polvillos. Aplicar una mano de Resina Acr\u00edlica Impermeabilizaste amanecer, diluida en partes iguales con Thinner Universal Amanecer como fondo sellador.<br \/>\n\u2013 Superficie con mohos o hongos: Lavar con una soluci\u00f3n de lavandina en relaci\u00f3n 1 litro en 10 litros de agua, luego enjuagar con abundante agua.<\/p>\n","protected":false},"featured_media":2722,"comment_status":"open","ping_status":"closed","template":"","meta":{"site-sidebar-layout":"default","site-content-layout":"default","ast-site-content-layout":"","site-content-style":"default","site-sidebar-style":"default","ast-global-header-display":"","ast-banner-title-visibility":"","ast-main-header-display":"","ast-hfb-above-header-display":"","ast-hfb-below-header-display":"","ast-hfb-mobile-header-display":"","site-post-title":"","ast-breadcrumbs-content":"","ast-featured-img":"","footer-sml-layout":"","theme-transparent-header-meta":"default","adv-header-id-meta":"","stick-header-meta":"","header-above-stick-meta":"","header-main-stick-meta":"","header-below-stick-meta":"","astra-migrate-meta-layouts":"default","ast-page-background-enabled":"default","ast-page-background-meta":{"desktop":{"background-color":"var(--ast-global-color-4)","background-image":"","background-repeat":"repeat","background-position":"center center","background-size":"auto","background-attachment":"scroll","background-type":"","background-media":"","overlay-type":"","overlay-color":"","overlay-opacity":"","overlay-gradient":""},"tablet":{"background-color":"","background-image":"","background-repeat":"repeat","background-position":"center center","background-size":"auto","background-attachment":"scroll","background-type":"","background-media":"","overlay-type":"","overlay-color":"","overlay-opacity":"","overlay-gradient":""},"mobile":{"background-color":"","background-image":"","background-repeat":"repeat","background-position":"center center","background-size":"auto","background-attachment":"scroll","background-type":"","background-media":"","overlay-type":"","overlay-color":"","overlay-opacity":"","overlay-gradient":""}},"ast-content-background-meta":{"desktop":{"background-color":"var(--ast-global-color-5)","background-image":"","background-repeat":"repeat","background-position":"center center","background-size":"auto","background-attachment":"scroll","background-type":"","background-media":"","overlay-type":"","overlay-color":"","overlay-opacity":"","overlay-gradient":""},"tablet":{"background-color":"var(--ast-global-color-5)","background-image":"","background-repeat":"repeat","background-position":"center center","background-size":"auto","background-attachment":"scroll","background-type":"","background-media":"","overlay-type":"","overlay-color":"","overlay-opacity":"","overlay-gradient":""},"mobile":{"background-color":"var(--ast-global-color-5)","background-image":"","background-repeat":"repeat","background-position":"center center","background-size":"auto","background-attachment":"scroll","background-type":"","background-media":"","overlay-type":"","overlay-color":"","overlay-opacity":"","overlay-gradient":""}}},"product_cat":[27,34],"product_tag":[],"class_list":{"0":"post-2721","1":"product","2":"type-product","3":"status-publish","4":"has-post-thumbnail","6":"product_cat-ferreteria","7":"product_cat-pintura-y-complementos","8":"desktop-align-left","9":"tablet-align-left","10":"mobile-align-left","12":"first","13":"instock","14":"shipping-taxable","15":"purchasable","16":"product-type-simple"},"_links":{"self":[{"href":"https:\/\/fmcomercial.com.py\/index.php\/wp-json\/wp\/v2\/product\/2721","targetHints":{"allow":["GET"]}}],"collection":[{"href":"https:\/\/fmcomercial.com.py\/index.php\/wp-json\/wp\/v2\/product"}],"about":[{"href":"https:\/\/fmcomercial.com.py\/index.php\/wp-json\/wp\/v2\/types\/product"}],"replies":[{"embeddable":true,"href":"https:\/\/fmcomercial.com.py\/index.php\/wp-json\/wp\/v2\/comments?post=2721"}],"wp:featuredmedia":[{"embeddable":true,"href":"https:\/\/fmcomercial.com.py\/index.php\/wp-json\/wp\/v2\/media\/2722"}],"wp:attachment":[{"href":"https:\/\/fmcomercial.com.py\/index.php\/wp-json\/wp\/v2\/media?parent=2721"}],"wp:term":[{"taxonomy":"product_cat","embeddable":true,"href":"https:\/\/fmcomercial.com.py\/index.php\/wp-json\/wp\/v2\/product_cat?post=2721"},{"taxonomy":"product_tag","embeddable":true,"href":"https:\/\/fmcomercial.com.py\/index.php\/wp-json\/wp\/v2\/product_tag?post=2721"}],"curies":[{"name":"wp","href":"https:\/\/api.w.org\/{rel}","templated":true}]}}