{"id":2774,"date":"2024-04-29T16:51:02","date_gmt":"2024-04-29T16:51:02","guid":{"rendered":"https:\/\/fmcomercial.com.py\/?post_type=product&#038;p=2774"},"modified":"2024-04-29T16:52:00","modified_gmt":"2024-04-29T16:52:00","slug":"durafrent-1lt-negro-amanecer-cod-176","status":"publish","type":"product","link":"https:\/\/fmcomercial.com.py\/index.php\/producto\/durafrent-1lt-negro-amanecer-cod-176\/","title":{"rendered":"DURAFRENT 1LT NEGRO AMANECER &#8211; C\u00d3D: 176"},"content":{"rendered":"","protected":false},"excerpt":{"rendered":"<p><strong>Descripci\u00f3n.<\/strong><br \/>\nPintura a base de pol\u00edmeros acr\u00edlicos en dispersi\u00f3n acuosa que proporciona un recubrimiento el\u00e1stico, flexible, impermeable de gran adherencia. Su formulaci\u00f3n le otorga m\u00e1xima resistencia a la intemperie. Su acabado acr\u00edlico impide que se entice y decolore. Evita el crecimiento de hongos.<\/p>\n<p>* \u00c1reas de aplicaci\u00f3n: Superficies exteriores, revoque, ladrillos, hormig\u00f3n, materiales para frente, polideportivos, galvanizados, etc.<br \/>\n* Acabado: Mate acr\u00edlico.<br \/>\n* Color: Negro (Se puede colorear con el Entonador Universal Amanecer hasta 30 cm\u00b3 por litro o ampliar la gama de colores por \u00ednter-mezclas).<br \/>\n* Modo de aplicaci\u00f3n: Se aplica a pincel, rodillo o soplete.<br \/>\n* Cantidad de manos: 2 o 3 manos.<br \/>\n* Diluyente: Agua.<br \/>\n* Intervalo entre manos: 3 horas.<br \/>\n* Tiempo de secado: 1 hora.<br \/>\n* Rendimiento: 10 a 14 m\u00b2\/litro y por mano.<br \/>\n* Preparaci\u00f3n: Antes de realizar la aplicaci\u00f3n de pintura es necesario un trabajo previo de preparaci\u00f3n de la superficie, tanto en pinturas antiguas como nuevas.<\/p>\n","protected":false},"featured_media":2772,"comment_status":"open","ping_status":"closed","template":"","meta":{"site-sidebar-layout":"default","site-content-layout":"default","ast-site-content-layout":"","site-content-style":"default","site-sidebar-style":"default","ast-global-header-display":"","ast-banner-title-visibility":"","ast-main-header-display":"","ast-hfb-above-header-display":"","ast-hfb-below-header-display":"","ast-hfb-mobile-header-display":"","site-post-title":"","ast-breadcrumbs-content":"","ast-featured-img":"","footer-sml-layout":"","theme-transparent-header-meta":"default","adv-header-id-meta":"","stick-header-meta":"","header-above-stick-meta":"","header-main-stick-meta":"","header-below-stick-meta":"","astra-migrate-meta-layouts":"default","ast-page-background-enabled":"default","ast-page-background-meta":{"desktop":{"background-color":"var(--ast-global-color-4)","background-image":"","background-repeat":"repeat","background-position":"center center","background-size":"auto","background-attachment":"scroll","background-type":"","background-media":"","overlay-type":"","overlay-color":"","overlay-opacity":"","overlay-gradient":""},"tablet":{"background-color":"","background-image":"","background-repeat":"repeat","background-position":"center center","background-size":"auto","background-attachment":"scroll","background-type":"","background-media":"","overlay-type":"","overlay-color":"","overlay-opacity":"","overlay-gradient":""},"mobile":{"background-color":"","background-image":"","background-repeat":"repeat","background-position":"center center","background-size":"auto","background-attachment":"scroll","background-type":"","background-media":"","overlay-type":"","overlay-color":"","overlay-opacity":"","overlay-gradient":""}},"ast-content-background-meta":{"desktop":{"background-color":"var(--ast-global-color-5)","background-image":"","background-repeat":"repeat","background-position":"center center","background-size":"auto","background-attachment":"scroll","background-type":"","background-media":"","overlay-type":"","overlay-color":"","overlay-opacity":"","overlay-gradient":""},"tablet":{"background-color":"var(--ast-global-color-5)","background-image":"","background-repeat":"repeat","background-position":"center center","background-size":"auto","background-attachment":"scroll","background-type":"","background-media":"","overlay-type":"","overlay-color":"","overlay-opacity":"","overlay-gradient":""},"mobile":{"background-color":"var(--ast-global-color-5)","background-image":"","background-repeat":"repeat","background-position":"center center","background-size":"auto","background-attachment":"scroll","background-type":"","background-media":"","overlay-type":"","overlay-color":"","overlay-opacity":"","overlay-gradient":""}}},"product_cat":[27,34],"product_tag":[],"class_list":{"0":"post-2774","1":"product","2":"type-product","3":"status-publish","4":"has-post-thumbnail","6":"product_cat-ferreteria","7":"product_cat-pintura-y-complementos","8":"desktop-align-left","9":"tablet-align-left","10":"mobile-align-left","12":"first","13":"instock","14":"shipping-taxable","15":"purchasable","16":"product-type-simple"},"_links":{"self":[{"href":"https:\/\/fmcomercial.com.py\/index.php\/wp-json\/wp\/v2\/product\/2774","targetHints":{"allow":["GET"]}}],"collection":[{"href":"https:\/\/fmcomercial.com.py\/index.php\/wp-json\/wp\/v2\/product"}],"about":[{"href":"https:\/\/fmcomercial.com.py\/index.php\/wp-json\/wp\/v2\/types\/product"}],"replies":[{"embeddable":true,"href":"https:\/\/fmcomercial.com.py\/index.php\/wp-json\/wp\/v2\/comments?post=2774"}],"wp:featuredmedia":[{"embeddable":true,"href":"https:\/\/fmcomercial.com.py\/index.php\/wp-json\/wp\/v2\/media\/2772"}],"wp:attachment":[{"href":"https:\/\/fmcomercial.com.py\/index.php\/wp-json\/wp\/v2\/media?parent=2774"}],"wp:term":[{"taxonomy":"product_cat","embeddable":true,"href":"https:\/\/fmcomercial.com.py\/index.php\/wp-json\/wp\/v2\/product_cat?post=2774"},{"taxonomy":"product_tag","embeddable":true,"href":"https:\/\/fmcomercial.com.py\/index.php\/wp-json\/wp\/v2\/product_tag?post=2774"}],"curies":[{"name":"wp","href":"https:\/\/api.w.org\/{rel}","templated":true}]}}