{"id":283,"date":"2022-05-10T15:42:21","date_gmt":"2022-05-10T15:42:21","guid":{"rendered":"https:\/\/fmcomercial.com.py\/?post_type=product&#038;p=283"},"modified":"2022-05-20T22:07:34","modified_gmt":"2022-05-20T22:07:34","slug":"alisador-de-pelo-remington-mod-s1305","status":"publish","type":"product","link":"https:\/\/fmcomercial.com.py\/index.php\/producto\/alisador-de-pelo-remington-mod-s1305\/","title":{"rendered":"ALISADOR DE PELO REMINGTON S1305"},"content":{"rendered":"","protected":false},"excerpt":{"rendered":"<h4><span style=\"color: #0000ff;\"><strong>CUOTAS.<\/strong><\/span><br \/>\n<span style=\"color: #0000ff;\"><strong>\u00a0 \u00a03 x 54.000Gs.<\/strong><\/span><\/h4>\n<h4><span style=\"color: #0000ff;\"><strong>\u00a0 \u00a04 x 44.000Gs.<\/strong><strong>\u00a0<\/strong><\/span><\/h4>\n<h4><span style=\"color: #0000ff;\"><strong>\u00a0 \u00a06 x 31.000Gs.<\/strong><\/span><\/h4>\n<p><strong>Descripci\u00f3n.<\/strong><br \/>\n* Equipada con tecnolog\u00eda cer\u00e1mica antiest\u00e1tica.<br \/>\n* Calentamiento r\u00e1pido en 30 segundos.<br \/>\n* Temperatura m\u00e1xima: 210\u00baC.<br \/>\n* Cable giratorio.<br \/>\n* Bivoltaje.<\/p>\n<p><strong>\u00a1LUC\u00cd EL LACIO QUE HAY EN VOS!<\/strong><br \/>\nLa Planchita Remington s1305 cuenta con placas de cer\u00e1mica que garantizan un 50% menos de est\u00e1tica en tu alisado, para que puedas disfrutar de un pelo lacio y sedoso luego de cada planchado.<br \/>\n<strong>S\u00daPER C\u00d3MODA.<\/strong><br \/>\nSi necesitas un planchado r\u00e1pido para una salida que se dio a \u00faltimo momento, con la Planchita Remington s1305 podes lograrlo, ya que gracias a la tecnolog\u00eda Heat-up en s\u00f3lo 30 segundos llega a la temperatura \u00f3ptima para tu planchado. \u00a1Adem\u00e1s su cable es giratorio para mayor comodidad en su uso!<br \/>\n<strong>USALA EN TODOS LADOS.<\/strong><br \/>\nGracias a la tecnolog\u00eda bivoltaje que posee la Planchita Remington S1305 ser\u00e1 capaz de adaptarse al voltaje correspondiente de otros pa\u00edses. \u00a1Ahora podes usarla hasta en tus viajes!<\/p>\n","protected":false},"featured_media":272,"comment_status":"open","ping_status":"closed","template":"","meta":{"site-sidebar-layout":"default","site-content-layout":"default","ast-site-content-layout":"","site-content-style":"default","site-sidebar-style":"default","ast-global-header-display":"","ast-banner-title-visibility":"","ast-main-header-display":"","ast-hfb-above-header-display":"","ast-hfb-below-header-display":"","ast-hfb-mobile-header-display":"","site-post-title":"","ast-breadcrumbs-content":"","ast-featured-img":"","footer-sml-layout":"","theme-transparent-header-meta":"default","adv-header-id-meta":"","stick-header-meta":"","header-above-stick-meta":"","header-main-stick-meta":"","header-below-stick-meta":"","astra-migrate-meta-layouts":"default","ast-page-background-enabled":"default","ast-page-background-meta":{"desktop":{"background-color":"var(--ast-global-color-4)","background-image":"","background-repeat":"repeat","background-position":"center center","background-size":"auto","background-attachment":"scroll","background-type":"","background-media":"","overlay-type":"","overlay-color":"","overlay-opacity":"","overlay-gradient":""},"tablet":{"background-color":"","background-image":"","background-repeat":"repeat","background-position":"center center","background-size":"auto","background-attachment":"scroll","background-type":"","background-media":"","overlay-type":"","overlay-color":"","overlay-opacity":"","overlay-gradient":""},"mobile":{"background-color":"","background-image":"","background-repeat":"repeat","background-position":"center center","background-size":"auto","background-attachment":"scroll","background-type":"","background-media":"","overlay-type":"","overlay-color":"","overlay-opacity":"","overlay-gradient":""}},"ast-content-background-meta":{"desktop":{"background-color":"var(--ast-global-color-5)","background-image":"","background-repeat":"repeat","background-position":"center center","background-size":"auto","background-attachment":"scroll","background-type":"","background-media":"","overlay-type":"","overlay-color":"","overlay-opacity":"","overlay-gradient":""},"tablet":{"background-color":"var(--ast-global-color-5)","background-image":"","background-repeat":"repeat","background-position":"center center","background-size":"auto","background-attachment":"scroll","background-type":"","background-media":"","overlay-type":"","overlay-color":"","overlay-opacity":"","overlay-gradient":""},"mobile":{"background-color":"var(--ast-global-color-5)","background-image":"","background-repeat":"repeat","background-position":"center center","background-size":"auto","background-attachment":"scroll","background-type":"","background-media":"","overlay-type":"","overlay-color":"","overlay-opacity":"","overlay-gradient":""}}},"product_cat":[30],"product_tag":[],"class_list":{"0":"post-283","1":"product","2":"type-product","3":"status-publish","4":"has-post-thumbnail","6":"product_cat-cuidado-personal","7":"desktop-align-left","8":"tablet-align-left","9":"mobile-align-left","11":"first","12":"instock","13":"shipping-taxable","14":"purchasable","15":"product-type-simple"},"_links":{"self":[{"href":"https:\/\/fmcomercial.com.py\/index.php\/wp-json\/wp\/v2\/product\/283","targetHints":{"allow":["GET"]}}],"collection":[{"href":"https:\/\/fmcomercial.com.py\/index.php\/wp-json\/wp\/v2\/product"}],"about":[{"href":"https:\/\/fmcomercial.com.py\/index.php\/wp-json\/wp\/v2\/types\/product"}],"replies":[{"embeddable":true,"href":"https:\/\/fmcomercial.com.py\/index.php\/wp-json\/wp\/v2\/comments?post=283"}],"wp:featuredmedia":[{"embeddable":true,"href":"https:\/\/fmcomercial.com.py\/index.php\/wp-json\/wp\/v2\/media\/272"}],"wp:attachment":[{"href":"https:\/\/fmcomercial.com.py\/index.php\/wp-json\/wp\/v2\/media?parent=283"}],"wp:term":[{"taxonomy":"product_cat","embeddable":true,"href":"https:\/\/fmcomercial.com.py\/index.php\/wp-json\/wp\/v2\/product_cat?post=283"},{"taxonomy":"product_tag","embeddable":true,"href":"https:\/\/fmcomercial.com.py\/index.php\/wp-json\/wp\/v2\/product_tag?post=283"}],"curies":[{"name":"wp","href":"https:\/\/api.w.org\/{rel}","templated":true}]}}