{"id":3492,"date":"2024-06-12T11:43:50","date_gmt":"2024-06-12T11:43:50","guid":{"rendered":"https:\/\/fmcomercial.com.py\/?post_type=product&#038;p=3492"},"modified":"2024-06-12T11:45:44","modified_gmt":"2024-06-12T11:45:44","slug":"lubricante-anticorrosivo-m500-300ml-caramba-cod-772","status":"publish","type":"product","link":"https:\/\/fmcomercial.com.py\/index.php\/producto\/lubricante-anticorrosivo-m500-300ml-caramba-cod-772\/","title":{"rendered":"LUBRICANTE ANTICORROSIVO M500 300ML CARAMBA &#8211; C\u00d3D: 772"},"content":{"rendered":"","protected":false},"excerpt":{"rendered":"<p><strong>Descripci\u00f3n.<\/strong><br \/>\n* El Desengripante M500 LUB tiene alto poder para desengripar y m\u00e1s acci\u00f3n lubricante.<br \/>\n* Su uso se recomienda en veh\u00edculo para soltar todas las partes estancadas como tuercas y tornillos.<br \/>\n* Adem\u00e1s de repeler dispensador de agua elimina chirridos pedales, puertas y cap\u00f3s.<br \/>\n* Muy \u00fatil en el hogar, la oficina y otros lugares para desengripar los electrodom\u00e9sticos, motores, rastreadores, motocicletas, motos de agua, monopatines, armas, cerraduras, bisagras, m\u00e1quinas de coser, m\u00e1quinas de escribir, bicicletas, entre muchos otros.<br \/>\n* Aplicaci\u00f3n: &#8211; En el auto: Solta todas las partes pegadas tales como tuercas y pernos. Elimina los chirridos pedales, puertas y cap\u00f3s, adem\u00e1s de repeler distribuidor de agua.<br \/>\n&#8211; En la casa, oficina, industriales y de ocio : Desengripa todos los electrodom\u00e9sticos, motores, rastreadores, motocicletas, motos de agua, monopatines, armas, cerraduras, bisagras, m\u00e1quinas de coser, m\u00e1quinas de escribir, bicicletas, etc.<\/p>\n","protected":false},"featured_media":3493,"comment_status":"open","ping_status":"closed","template":"","meta":{"site-sidebar-layout":"default","site-content-layout":"default","ast-site-content-layout":"","site-content-style":"default","site-sidebar-style":"default","ast-global-header-display":"","ast-banner-title-visibility":"","ast-main-header-display":"","ast-hfb-above-header-display":"","ast-hfb-below-header-display":"","ast-hfb-mobile-header-display":"","site-post-title":"","ast-breadcrumbs-content":"","ast-featured-img":"","footer-sml-layout":"","theme-transparent-header-meta":"default","adv-header-id-meta":"","stick-header-meta":"","header-above-stick-meta":"","header-main-stick-meta":"","header-below-stick-meta":"","astra-migrate-meta-layouts":"default","ast-page-background-enabled":"default","ast-page-background-meta":{"desktop":{"background-color":"var(--ast-global-color-4)","background-image":"","background-repeat":"repeat","background-position":"center center","background-size":"auto","background-attachment":"scroll","background-type":"","background-media":"","overlay-type":"","overlay-color":"","overlay-opacity":"","overlay-gradient":""},"tablet":{"background-color":"","background-image":"","background-repeat":"repeat","background-position":"center center","background-size":"auto","background-attachment":"scroll","background-type":"","background-media":"","overlay-type":"","overlay-color":"","overlay-opacity":"","overlay-gradient":""},"mobile":{"background-color":"","background-image":"","background-repeat":"repeat","background-position":"center center","background-size":"auto","background-attachment":"scroll","background-type":"","background-media":"","overlay-type":"","overlay-color":"","overlay-opacity":"","overlay-gradient":""}},"ast-content-background-meta":{"desktop":{"background-color":"var(--ast-global-color-5)","background-image":"","background-repeat":"repeat","background-position":"center center","background-size":"auto","background-attachment":"scroll","background-type":"","background-media":"","overlay-type":"","overlay-color":"","overlay-opacity":"","overlay-gradient":""},"tablet":{"background-color":"var(--ast-global-color-5)","background-image":"","background-repeat":"repeat","background-position":"center center","background-size":"auto","background-attachment":"scroll","background-type":"","background-media":"","overlay-type":"","overlay-color":"","overlay-opacity":"","overlay-gradient":""},"mobile":{"background-color":"var(--ast-global-color-5)","background-image":"","background-repeat":"repeat","background-position":"center center","background-size":"auto","background-attachment":"scroll","background-type":"","background-media":"","overlay-type":"","overlay-color":"","overlay-opacity":"","overlay-gradient":""}}},"product_cat":[27,39],"product_tag":[],"class_list":{"0":"post-3492","1":"product","2":"type-product","3":"status-publish","4":"has-post-thumbnail","6":"product_cat-ferreteria","7":"product_cat-herreria","8":"desktop-align-left","9":"tablet-align-left","10":"mobile-align-left","12":"first","13":"instock","14":"shipping-taxable","15":"purchasable","16":"product-type-simple"},"_links":{"self":[{"href":"https:\/\/fmcomercial.com.py\/index.php\/wp-json\/wp\/v2\/product\/3492","targetHints":{"allow":["GET"]}}],"collection":[{"href":"https:\/\/fmcomercial.com.py\/index.php\/wp-json\/wp\/v2\/product"}],"about":[{"href":"https:\/\/fmcomercial.com.py\/index.php\/wp-json\/wp\/v2\/types\/product"}],"replies":[{"embeddable":true,"href":"https:\/\/fmcomercial.com.py\/index.php\/wp-json\/wp\/v2\/comments?post=3492"}],"wp:featuredmedia":[{"embeddable":true,"href":"https:\/\/fmcomercial.com.py\/index.php\/wp-json\/wp\/v2\/media\/3493"}],"wp:attachment":[{"href":"https:\/\/fmcomercial.com.py\/index.php\/wp-json\/wp\/v2\/media?parent=3492"}],"wp:term":[{"taxonomy":"product_cat","embeddable":true,"href":"https:\/\/fmcomercial.com.py\/index.php\/wp-json\/wp\/v2\/product_cat?post=3492"},{"taxonomy":"product_tag","embeddable":true,"href":"https:\/\/fmcomercial.com.py\/index.php\/wp-json\/wp\/v2\/product_tag?post=3492"}],"curies":[{"name":"wp","href":"https:\/\/api.w.org\/{rel}","templated":true}]}}