{"id":364,"date":"2022-05-12T19:26:45","date_gmt":"2022-05-12T19:26:45","guid":{"rendered":"https:\/\/fmcomercial.com.py\/?post_type=product&#038;p=364"},"modified":"2024-12-27T11:22:25","modified_gmt":"2024-12-27T11:22:25","slug":"piscina-redonda-c-estructura-metalica-bestway-9-150lts","status":"publish","type":"product","link":"https:\/\/fmcomercial.com.py\/index.php\/producto\/piscina-redonda-c-estructura-metalica-bestway-9-150lts\/","title":{"rendered":"PISCINA REDONDA C\/ ESTRUCTURA MET\u00c1LICA BESTWAY 9.150LTS"},"content":{"rendered":"","protected":false},"excerpt":{"rendered":"<h4><span style=\"color: #0000ff;\"><strong>CUOTAS.<\/strong><\/span><br \/>\n<span style=\"color: #0000ff;\"><strong>4 x 485.000Gs. <\/strong><\/span><br \/>\n<span style=\"color: #0000ff;\"><strong>6 x 360.000Gs. <\/strong><\/span><br \/>\n<span style=\"color: #0000ff;\"><strong>8 x 280.000Gs.<\/strong><\/span><\/h4>\n<h4><strong>10 x 229.000Gs<\/strong><\/h4>\n<p><strong>Descripci\u00f3n.<\/strong><br \/>\n* Tama\u00f1o: \u00d8 366 x 100cm<br \/>\n* Capacidad de agua llenada al 90 %: 9.150 litros<br \/>\n* L\u00e1mina de piscina hecha de material robusto TriTech\u2122<br \/>\n* Moderno look de rat\u00e1n.<br \/>\n* Suelo en aspecto de mosaico.<br \/>\n* Es posible un montaje simple sin herramientas.<br \/>\n* La construcci\u00f3n de un marco ovalado extremadamente r\u00edgido para aumentar la resistencia y la durabilidad.<br \/>\n* La cinta de PVC proporciona una estabilidad extra a las paredes laterales.<br \/>\n* Los conectores en T de pl\u00e1stico previenen el da\u00f1o por \u00f3xido entre las barras y protegen contra la deformaci\u00f3n<br \/>\n* V\u00e1lvula de drenaje integrada.<br \/>\n<strong>Los accesorios incluidos en el juego de la piscina:<\/strong><br \/>\n* Flowclear\u2122 Bomba de filtro #58383 2006 l\/h, certificado GS (T\u00dcV Rheinland).<br \/>\n* Flowclear\u2122 Cartucho filtrante #58094 tama\u00f1o II (10,6\u00d713,6cm).<br \/>\n* Flowclear\u2122 Escalera de seguridad #58330 107cm.<br \/>\n* Parche autoadhesivo de reparaci\u00f3n.<\/p>\n","protected":false},"featured_media":4813,"comment_status":"open","ping_status":"closed","template":"","meta":{"site-sidebar-layout":"default","site-content-layout":"default","ast-site-content-layout":"default","site-content-style":"default","site-sidebar-style":"default","ast-global-header-display":"","ast-banner-title-visibility":"","ast-main-header-display":"","ast-hfb-above-header-display":"","ast-hfb-below-header-display":"","ast-hfb-mobile-header-display":"","site-post-title":"","ast-breadcrumbs-content":"","ast-featured-img":"","footer-sml-layout":"","theme-transparent-header-meta":"default","adv-header-id-meta":"","stick-header-meta":"","header-above-stick-meta":"","header-main-stick-meta":"","header-below-stick-meta":"","astra-migrate-meta-layouts":"set","ast-page-background-enabled":"default","ast-page-background-meta":{"desktop":{"background-color":"var(--ast-global-color-4)","background-image":"","background-repeat":"repeat","background-position":"center center","background-size":"auto","background-attachment":"scroll","background-type":"","background-media":"","overlay-type":"","overlay-color":"","overlay-opacity":"","overlay-gradient":""},"tablet":{"background-color":"","background-image":"","background-repeat":"repeat","background-position":"center center","background-size":"auto","background-attachment":"scroll","background-type":"","background-media":"","overlay-type":"","overlay-color":"","overlay-opacity":"","overlay-gradient":""},"mobile":{"background-color":"","background-image":"","background-repeat":"repeat","background-position":"center center","background-size":"auto","background-attachment":"scroll","background-type":"","background-media":"","overlay-type":"","overlay-color":"","overlay-opacity":"","overlay-gradient":""}},"ast-content-background-meta":{"desktop":{"background-color":"var(--ast-global-color-5)","background-image":"","background-repeat":"repeat","background-position":"center center","background-size":"auto","background-attachment":"scroll","background-type":"","background-media":"","overlay-type":"","overlay-color":"","overlay-opacity":"","overlay-gradient":""},"tablet":{"background-color":"var(--ast-global-color-5)","background-image":"","background-repeat":"repeat","background-position":"center center","background-size":"auto","background-attachment":"scroll","background-type":"","background-media":"","overlay-type":"","overlay-color":"","overlay-opacity":"","overlay-gradient":""},"mobile":{"background-color":"var(--ast-global-color-5)","background-image":"","background-repeat":"repeat","background-position":"center center","background-size":"auto","background-attachment":"scroll","background-type":"","background-media":"","overlay-type":"","overlay-color":"","overlay-opacity":"","overlay-gradient":""}}},"product_cat":[25,22],"product_tag":[],"class_list":{"0":"post-364","1":"product","2":"type-product","3":"status-publish","4":"has-post-thumbnail","6":"product_cat-bazar","7":"product_cat-jardin","8":"desktop-align-left","9":"tablet-align-left","10":"mobile-align-left","12":"first","13":"instock","14":"shipping-taxable","15":"purchasable","16":"product-type-simple"},"_links":{"self":[{"href":"https:\/\/fmcomercial.com.py\/index.php\/wp-json\/wp\/v2\/product\/364","targetHints":{"allow":["GET"]}}],"collection":[{"href":"https:\/\/fmcomercial.com.py\/index.php\/wp-json\/wp\/v2\/product"}],"about":[{"href":"https:\/\/fmcomercial.com.py\/index.php\/wp-json\/wp\/v2\/types\/product"}],"replies":[{"embeddable":true,"href":"https:\/\/fmcomercial.com.py\/index.php\/wp-json\/wp\/v2\/comments?post=364"}],"wp:featuredmedia":[{"embeddable":true,"href":"https:\/\/fmcomercial.com.py\/index.php\/wp-json\/wp\/v2\/media\/4813"}],"wp:attachment":[{"href":"https:\/\/fmcomercial.com.py\/index.php\/wp-json\/wp\/v2\/media?parent=364"}],"wp:term":[{"taxonomy":"product_cat","embeddable":true,"href":"https:\/\/fmcomercial.com.py\/index.php\/wp-json\/wp\/v2\/product_cat?post=364"},{"taxonomy":"product_tag","embeddable":true,"href":"https:\/\/fmcomercial.com.py\/index.php\/wp-json\/wp\/v2\/product_tag?post=364"}],"curies":[{"name":"wp","href":"https:\/\/api.w.org\/{rel}","templated":true}]}}