{"id":368,"date":"2022-05-12T21:42:57","date_gmt":"2022-05-12T21:42:57","guid":{"rendered":"https:\/\/fmcomercial.com.py\/?post_type=product&#038;p=368"},"modified":"2022-05-20T19:48:31","modified_gmt":"2022-05-20T19:48:31","slug":"vaporera-wap-vapore-clean-motor-de-1-500w-220v","status":"publish","type":"product","link":"https:\/\/fmcomercial.com.py\/index.php\/producto\/vaporera-wap-vapore-clean-motor-de-1-500w-220v\/","title":{"rendered":"VAPORERA WAP VAPORE CLEAN MOTOR DE 1.500W 220V"},"content":{"rendered":"","protected":false},"excerpt":{"rendered":"<h4><span style=\"color: #0000ff;\"><strong>CUOTAS.<\/strong><\/span><br \/>\n<span style=\"color: #0000ff;\"><strong>\u00a0 6 x 233.000Gs.<\/strong><\/span><br \/>\n<span style=\"color: #0000ff;\"><strong>\u00a0 8 x 188.000Gs.<\/strong><\/span><br \/>\n<span style=\"color: #0000ff;\"><strong>12 x 136.000Gs.<\/strong><\/span><\/h4>\n<p><strong>\u200bDescripci\u00f3n.<\/strong><br \/>\n* Potencia Nominal: 1.500W.<br \/>\n* Temperatura m\u00e1xima: 98\u00b0C.<br \/>\n* Presi\u00f3n m\u00e1xima: 58 libras.<br \/>\n* Caudal: 240L\/H.<br \/>\n* Voltaje: 220V\/50Hz.<br \/>\n* Presi\u00f3n Nominal: 60bar.<br \/>\n* Manguera: 3mts.<br \/>\n* Peso: 6,3Kg.<br \/>\n<strong>Dimensiones.<\/strong><br \/>\n* Ancho: 25cm.<br \/>\n* Altura: 28cm.<br \/>\n* Profundidad: 40cm.<\/p>\n<p>Accesorios: 1 Manguera de 2,2 metros; 1 pistola de vapor; 3 varillas de extensi\u00f3n; 3 adaptadores; 1 boquilla de esquina; 1 Cepillo para materiales textiles; 1 escobilla de goma para limpiar cristales; 1 cepillo para suelos; 1 cepillo redondo de 30 mm con cerdas de nailon; 1 cepillo redondo de 43 mm con cerdas de nailon; 1 cepillo de lat\u00f3n; 1 pa\u00f1o para cepillo de tela; 1 pa\u00f1o para cepillo de suelo; 1 tarro escalonado; 1 embudo.<br \/>\ncomponentes Control progresivo del flujo de vapor; Ruedas para transporte; Asa para transporte; Porta accesorios; portaescobillas de suelo; Soporte para barra de extensi\u00f3n; Cable el\u00e9ctrico de 5 metros.<br \/>\nContenido del paquete M\u00e1quina, accesorios descritos, manual, lista de asistencia t\u00e9cnica.<\/p>\n<p>&nbsp;<\/p>\n","protected":false},"featured_media":347,"comment_status":"open","ping_status":"closed","template":"","meta":{"site-sidebar-layout":"default","site-content-layout":"default","ast-site-content-layout":"","site-content-style":"default","site-sidebar-style":"default","ast-global-header-display":"","ast-banner-title-visibility":"","ast-main-header-display":"","ast-hfb-above-header-display":"","ast-hfb-below-header-display":"","ast-hfb-mobile-header-display":"","site-post-title":"","ast-breadcrumbs-content":"","ast-featured-img":"","footer-sml-layout":"","theme-transparent-header-meta":"default","adv-header-id-meta":"","stick-header-meta":"","header-above-stick-meta":"","header-main-stick-meta":"","header-below-stick-meta":"","astra-migrate-meta-layouts":"default","ast-page-background-enabled":"default","ast-page-background-meta":{"desktop":{"background-color":"var(--ast-global-color-4)","background-image":"","background-repeat":"repeat","background-position":"center center","background-size":"auto","background-attachment":"scroll","background-type":"","background-media":"","overlay-type":"","overlay-color":"","overlay-opacity":"","overlay-gradient":""},"tablet":{"background-color":"","background-image":"","background-repeat":"repeat","background-position":"center center","background-size":"auto","background-attachment":"scroll","background-type":"","background-media":"","overlay-type":"","overlay-color":"","overlay-opacity":"","overlay-gradient":""},"mobile":{"background-color":"","background-image":"","background-repeat":"repeat","background-position":"center center","background-size":"auto","background-attachment":"scroll","background-type":"","background-media":"","overlay-type":"","overlay-color":"","overlay-opacity":"","overlay-gradient":""}},"ast-content-background-meta":{"desktop":{"background-color":"var(--ast-global-color-5)","background-image":"","background-repeat":"repeat","background-position":"center center","background-size":"auto","background-attachment":"scroll","background-type":"","background-media":"","overlay-type":"","overlay-color":"","overlay-opacity":"","overlay-gradient":""},"tablet":{"background-color":"var(--ast-global-color-5)","background-image":"","background-repeat":"repeat","background-position":"center center","background-size":"auto","background-attachment":"scroll","background-type":"","background-media":"","overlay-type":"","overlay-color":"","overlay-opacity":"","overlay-gradient":""},"mobile":{"background-color":"var(--ast-global-color-5)","background-image":"","background-repeat":"repeat","background-position":"center center","background-size":"auto","background-attachment":"scroll","background-type":"","background-media":"","overlay-type":"","overlay-color":"","overlay-opacity":"","overlay-gradient":""}}},"product_cat":[18],"product_tag":[],"class_list":{"0":"post-368","1":"product","2":"type-product","3":"status-publish","4":"has-post-thumbnail","6":"product_cat-electrodomesticos","7":"desktop-align-left","8":"tablet-align-left","9":"mobile-align-left","11":"first","12":"instock","13":"shipping-taxable","14":"purchasable","15":"product-type-simple"},"_links":{"self":[{"href":"https:\/\/fmcomercial.com.py\/index.php\/wp-json\/wp\/v2\/product\/368","targetHints":{"allow":["GET"]}}],"collection":[{"href":"https:\/\/fmcomercial.com.py\/index.php\/wp-json\/wp\/v2\/product"}],"about":[{"href":"https:\/\/fmcomercial.com.py\/index.php\/wp-json\/wp\/v2\/types\/product"}],"replies":[{"embeddable":true,"href":"https:\/\/fmcomercial.com.py\/index.php\/wp-json\/wp\/v2\/comments?post=368"}],"wp:featuredmedia":[{"embeddable":true,"href":"https:\/\/fmcomercial.com.py\/index.php\/wp-json\/wp\/v2\/media\/347"}],"wp:attachment":[{"href":"https:\/\/fmcomercial.com.py\/index.php\/wp-json\/wp\/v2\/media?parent=368"}],"wp:term":[{"taxonomy":"product_cat","embeddable":true,"href":"https:\/\/fmcomercial.com.py\/index.php\/wp-json\/wp\/v2\/product_cat?post=368"},{"taxonomy":"product_tag","embeddable":true,"href":"https:\/\/fmcomercial.com.py\/index.php\/wp-json\/wp\/v2\/product_tag?post=368"}],"curies":[{"name":"wp","href":"https:\/\/api.w.org\/{rel}","templated":true}]}}