{"id":3953,"date":"2024-08-13T21:00:04","date_gmt":"2024-08-13T21:00:04","guid":{"rendered":"https:\/\/fmcomercial.com.py\/?post_type=product&#038;p=3953"},"modified":"2024-08-13T21:00:48","modified_gmt":"2024-08-13T21:00:48","slug":"latex-pintor-18lts-marron-tabaco-amanecer-cod-1202","status":"publish","type":"product","link":"https:\/\/fmcomercial.com.py\/index.php\/producto\/latex-pintor-18lts-marron-tabaco-amanecer-cod-1202\/","title":{"rendered":"LATEX PINTOR 18LTS MARRON TABACO AMANECER &#8211; C\u00d3D: 1202"},"content":{"rendered":"","protected":false},"excerpt":{"rendered":"<p><strong>Descripci\u00f3n.<\/strong><br \/>\nPintura elaborada a base de pol\u00edmeros en dispersi\u00f3n acuosa y pigmentos de la m\u00e1s alta calidad. Proporciona un hermoso acabado mate aterciopelado de gran resistencia a la intemperie y al desgaste.<\/p>\n<p>* \u00c1reas de aplicaci\u00f3n: Indicado para superficies interiores y exteriores. Es de f\u00e1cil aplicaci\u00f3n sobre revoque, enduido, yeso, papel, paneles ac\u00fasticos, ladrillo, fibrocemento, etc.<br \/>\n* S\u00f3lidos en volumen: 41,0 a 48,5 % (seg\u00fan el color).<br \/>\n* Viscosidad: 90 \u2013 95 UK a 25 \u00b0C<br \/>\n* Peso espec\u00edfico: 1,16 a 1,32 gr. \/ ml (seg\u00fan color).<br \/>\n* Acabado: Mate.<br \/>\n* Colores: Se provee en una amplia gama de colores preparados. Tambi\u00e9n puede entonarse mediante el agregado del Entonador Universal Amanecer, hasta un m\u00e1ximo de 37.5 cm\u00b3\/litros o realizar \u00ednter-mezclas para lograr una ampl\u00edsima tonalidad de colores.<br \/>\n* Modo de aplicaci\u00f3n: Se aplica a pincel, rodillo o soplete ya sea con su consistencia normal o diluida con la m\u00ednima cantidad de agua necesaria para facilitar su aplicaci\u00f3n.<br \/>\n* Cantidad de manos: 2 a 3 manos.<br \/>\n* Diluyente: Agua.<br \/>\n* Intervalo entre manos: 3 horas.<br \/>\n* Tiempo de secado: 1 hora.<br \/>\n* Rendimiento: 12 a 14 m\u00b2\/litro y por mano.<br \/>\n* Preparaci\u00f3n: Antes de iniciar cualquier trabajo de pintura sobre superficies nuevas y\/o antiguas es conveniente realizar una preparaci\u00f3n previa de las mismas.<\/p>\n","protected":false},"featured_media":3931,"comment_status":"open","ping_status":"closed","template":"","meta":{"site-sidebar-layout":"default","site-content-layout":"default","ast-site-content-layout":"","site-content-style":"default","site-sidebar-style":"default","ast-global-header-display":"","ast-banner-title-visibility":"","ast-main-header-display":"","ast-hfb-above-header-display":"","ast-hfb-below-header-display":"","ast-hfb-mobile-header-display":"","site-post-title":"","ast-breadcrumbs-content":"","ast-featured-img":"","footer-sml-layout":"","theme-transparent-header-meta":"default","adv-header-id-meta":"","stick-header-meta":"","header-above-stick-meta":"","header-main-stick-meta":"","header-below-stick-meta":"","astra-migrate-meta-layouts":"default","ast-page-background-enabled":"default","ast-page-background-meta":{"desktop":{"background-color":"var(--ast-global-color-4)","background-image":"","background-repeat":"repeat","background-position":"center center","background-size":"auto","background-attachment":"scroll","background-type":"","background-media":"","overlay-type":"","overlay-color":"","overlay-opacity":"","overlay-gradient":""},"tablet":{"background-color":"","background-image":"","background-repeat":"repeat","background-position":"center center","background-size":"auto","background-attachment":"scroll","background-type":"","background-media":"","overlay-type":"","overlay-color":"","overlay-opacity":"","overlay-gradient":""},"mobile":{"background-color":"","background-image":"","background-repeat":"repeat","background-position":"center center","background-size":"auto","background-attachment":"scroll","background-type":"","background-media":"","overlay-type":"","overlay-color":"","overlay-opacity":"","overlay-gradient":""}},"ast-content-background-meta":{"desktop":{"background-color":"var(--ast-global-color-5)","background-image":"","background-repeat":"repeat","background-position":"center center","background-size":"auto","background-attachment":"scroll","background-type":"","background-media":"","overlay-type":"","overlay-color":"","overlay-opacity":"","overlay-gradient":""},"tablet":{"background-color":"var(--ast-global-color-5)","background-image":"","background-repeat":"repeat","background-position":"center center","background-size":"auto","background-attachment":"scroll","background-type":"","background-media":"","overlay-type":"","overlay-color":"","overlay-opacity":"","overlay-gradient":""},"mobile":{"background-color":"var(--ast-global-color-5)","background-image":"","background-repeat":"repeat","background-position":"center center","background-size":"auto","background-attachment":"scroll","background-type":"","background-media":"","overlay-type":"","overlay-color":"","overlay-opacity":"","overlay-gradient":""}}},"product_cat":[27,34],"product_tag":[],"class_list":{"0":"post-3953","1":"product","2":"type-product","3":"status-publish","4":"has-post-thumbnail","6":"product_cat-ferreteria","7":"product_cat-pintura-y-complementos","8":"desktop-align-left","9":"tablet-align-left","10":"mobile-align-left","12":"first","13":"instock","14":"shipping-taxable","15":"purchasable","16":"product-type-simple"},"_links":{"self":[{"href":"https:\/\/fmcomercial.com.py\/index.php\/wp-json\/wp\/v2\/product\/3953","targetHints":{"allow":["GET"]}}],"collection":[{"href":"https:\/\/fmcomercial.com.py\/index.php\/wp-json\/wp\/v2\/product"}],"about":[{"href":"https:\/\/fmcomercial.com.py\/index.php\/wp-json\/wp\/v2\/types\/product"}],"replies":[{"embeddable":true,"href":"https:\/\/fmcomercial.com.py\/index.php\/wp-json\/wp\/v2\/comments?post=3953"}],"wp:featuredmedia":[{"embeddable":true,"href":"https:\/\/fmcomercial.com.py\/index.php\/wp-json\/wp\/v2\/media\/3931"}],"wp:attachment":[{"href":"https:\/\/fmcomercial.com.py\/index.php\/wp-json\/wp\/v2\/media?parent=3953"}],"wp:term":[{"taxonomy":"product_cat","embeddable":true,"href":"https:\/\/fmcomercial.com.py\/index.php\/wp-json\/wp\/v2\/product_cat?post=3953"},{"taxonomy":"product_tag","embeddable":true,"href":"https:\/\/fmcomercial.com.py\/index.php\/wp-json\/wp\/v2\/product_tag?post=3953"}],"curies":[{"name":"wp","href":"https:\/\/api.w.org\/{rel}","templated":true}]}}