{"id":463,"date":"2022-05-14T21:07:31","date_gmt":"2022-05-14T21:07:31","guid":{"rendered":"https:\/\/fmcomercial.com.py\/?post_type=product&#038;p=463"},"modified":"2022-05-20T19:31:22","modified_gmt":"2022-05-20T19:31:22","slug":"televisor-samsung-nu7095gx-led-smart-55-uhd-4k","status":"publish","type":"product","link":"https:\/\/fmcomercial.com.py\/index.php\/producto\/televisor-samsung-nu7095gx-led-smart-55-uhd-4k\/","title":{"rendered":"TELEVISOR SAMSUNG NU7095GX LED SMART 55&#8243; UHD 4K"},"content":{"rendered":"<p>&nbsp;<\/p>\n<p>&nbsp;<\/p>\n","protected":false},"excerpt":{"rendered":"<h4><span style=\"color: #0000ff;\"><strong>CUOTAS.<\/strong><\/span><br \/>\n<span style=\"color: #0000ff;\"><strong>\u00a0 6 x 1.040.000Gs.<\/strong><\/span><br \/>\n<span style=\"color: #0000ff;\"><strong>\u00a0 \u00a0 \u00a08 x 830.000Gs.<\/strong><\/span><br \/>\n<span style=\"color: #0000ff;\"><strong>\u00a0 \u00a012 x 598.000Gs.<\/strong><\/span><\/h4>\n<p><strong>Descripci\u00f3n.<\/strong><br \/>\n* Tama\u00f1o de la pantalla: 55 pulgadas<br \/>\n* Resoluci\u00f3n: 4K UHD (3,840 x 2,160p).<br \/>\n* Tecnolog\u00eda: LED<br \/>\n* Conexi\u00f3n Bluetooth: No<br \/>\n* Entradas USB: 1<br \/>\n* Funci\u00f3n Smart TV: S\u00ed<br \/>\n* Entradas HDMI: 1<br \/>\n* Control remoto incluido: S\u00ed<br \/>\nEntrada Internet: S\u00ed<br \/>\nConexi\u00f3n WiFi: S\u00ed<br \/>\n* Potencia de los parlantes: 20w<br \/>\n* Peso: 17.5 kg<br \/>\n* Garant\u00eda: 1 A\u00f1o.<br \/>\n<strong>Dimensiones.<\/strong><br \/>\nDiagonal: 123cm.<br \/>\nProfundidad: 6cm.<br \/>\nAlto: 72cm.<\/p>\n<p><strong>M\u00e1s detalles con HDR<\/strong><br \/>\nDisfruta de los contenidos HDR con mayor claridad y detalles de color. Los televisores UHD de Samsung entregan detalles m\u00e1s precisos en escenas claras y oscuras.<br \/>\n<strong>PurColor<\/strong><br \/>\nVive una experiencia de visualizaci\u00f3n m\u00e1s colorida y disfruta de tus contenidos favoritos con colores tan naturales y n\u00edtidos como en la vida real.<br \/>\n<strong>Dise\u00f1o delgado<\/strong><br \/>\nPerfecto hasta el \u00faltimo detalle, su dise\u00f1o delgado y refinado es perfecto para cualquier entorno.<br \/>\n<strong>Una forma inteligente de disfrutar tu Smart TV<\/strong><br \/>\nAcceda a las aplicaciones de entretenimiento de forma inteligente, f\u00e1cil y r\u00e1pida. One Depth re\u00fane una variedad de contenidos en una sola pantalla. Ingresa a las diferentes apps de entretenimiento y revisa sus contenidos en una ventana miniatura, antes de elegir lo que quieras ver.<\/p>\n","protected":false},"featured_media":418,"comment_status":"open","ping_status":"closed","template":"","meta":{"site-sidebar-layout":"default","site-content-layout":"default","ast-site-content-layout":"","site-content-style":"default","site-sidebar-style":"default","ast-global-header-display":"","ast-banner-title-visibility":"","ast-main-header-display":"","ast-hfb-above-header-display":"","ast-hfb-below-header-display":"","ast-hfb-mobile-header-display":"","site-post-title":"","ast-breadcrumbs-content":"","ast-featured-img":"","footer-sml-layout":"","theme-transparent-header-meta":"default","adv-header-id-meta":"","stick-header-meta":"","header-above-stick-meta":"","header-main-stick-meta":"","header-below-stick-meta":"","astra-migrate-meta-layouts":"default","ast-page-background-enabled":"default","ast-page-background-meta":{"desktop":{"background-color":"var(--ast-global-color-4)","background-image":"","background-repeat":"repeat","background-position":"center center","background-size":"auto","background-attachment":"scroll","background-type":"","background-media":"","overlay-type":"","overlay-color":"","overlay-opacity":"","overlay-gradient":""},"tablet":{"background-color":"","background-image":"","background-repeat":"repeat","background-position":"center center","background-size":"auto","background-attachment":"scroll","background-type":"","background-media":"","overlay-type":"","overlay-color":"","overlay-opacity":"","overlay-gradient":""},"mobile":{"background-color":"","background-image":"","background-repeat":"repeat","background-position":"center center","background-size":"auto","background-attachment":"scroll","background-type":"","background-media":"","overlay-type":"","overlay-color":"","overlay-opacity":"","overlay-gradient":""}},"ast-content-background-meta":{"desktop":{"background-color":"var(--ast-global-color-5)","background-image":"","background-repeat":"repeat","background-position":"center center","background-size":"auto","background-attachment":"scroll","background-type":"","background-media":"","overlay-type":"","overlay-color":"","overlay-opacity":"","overlay-gradient":""},"tablet":{"background-color":"var(--ast-global-color-5)","background-image":"","background-repeat":"repeat","background-position":"center center","background-size":"auto","background-attachment":"scroll","background-type":"","background-media":"","overlay-type":"","overlay-color":"","overlay-opacity":"","overlay-gradient":""},"mobile":{"background-color":"var(--ast-global-color-5)","background-image":"","background-repeat":"repeat","background-position":"center center","background-size":"auto","background-attachment":"scroll","background-type":"","background-media":"","overlay-type":"","overlay-color":"","overlay-opacity":"","overlay-gradient":""}}},"product_cat":[18,20],"product_tag":[],"class_list":{"0":"post-463","1":"product","2":"type-product","3":"status-publish","4":"has-post-thumbnail","6":"product_cat-electrodomesticos","7":"product_cat-electronica","8":"desktop-align-left","9":"tablet-align-left","10":"mobile-align-left","12":"first","13":"instock","14":"shipping-taxable","15":"purchasable","16":"product-type-simple"},"_links":{"self":[{"href":"https:\/\/fmcomercial.com.py\/index.php\/wp-json\/wp\/v2\/product\/463","targetHints":{"allow":["GET"]}}],"collection":[{"href":"https:\/\/fmcomercial.com.py\/index.php\/wp-json\/wp\/v2\/product"}],"about":[{"href":"https:\/\/fmcomercial.com.py\/index.php\/wp-json\/wp\/v2\/types\/product"}],"replies":[{"embeddable":true,"href":"https:\/\/fmcomercial.com.py\/index.php\/wp-json\/wp\/v2\/comments?post=463"}],"wp:featuredmedia":[{"embeddable":true,"href":"https:\/\/fmcomercial.com.py\/index.php\/wp-json\/wp\/v2\/media\/418"}],"wp:attachment":[{"href":"https:\/\/fmcomercial.com.py\/index.php\/wp-json\/wp\/v2\/media?parent=463"}],"wp:term":[{"taxonomy":"product_cat","embeddable":true,"href":"https:\/\/fmcomercial.com.py\/index.php\/wp-json\/wp\/v2\/product_cat?post=463"},{"taxonomy":"product_tag","embeddable":true,"href":"https:\/\/fmcomercial.com.py\/index.php\/wp-json\/wp\/v2\/product_tag?post=463"}],"curies":[{"name":"wp","href":"https:\/\/api.w.org\/{rel}","templated":true}]}}