{"id":581,"date":"2022-05-19T15:42:40","date_gmt":"2022-05-19T15:42:40","guid":{"rendered":"https:\/\/fmcomercial.com.py\/?post_type=product&#038;p=581"},"modified":"2024-11-16T11:19:21","modified_gmt":"2024-11-16T11:19:21","slug":"caminadora-evolution-fitness-evo800-110kgs-motor-15hp","status":"publish","type":"product","link":"https:\/\/fmcomercial.com.py\/index.php\/producto\/caminadora-evolution-fitness-evo800-110kgs-motor-15hp\/","title":{"rendered":"CAMINADORA EVOLUTION FITNESS EVO800 110KGS MOTOR 1,5HP"},"content":{"rendered":"","protected":false},"excerpt":{"rendered":"<h4><span style=\"color: #0000ff;\"><strong>CUOTAS.<\/strong><\/span><br \/>\n<span style=\"color: #0000ff;\"><strong>\u00a0 6 x 742.000Gs.<\/strong><\/span><br \/>\n<span style=\"color: #0000ff;\"><strong>\u00a0 8 x 573.000Gs.<\/strong><\/span><br \/>\n<span style=\"color: #0000ff;\"><strong>12 x 418.000Gs.<\/strong><\/span><\/h4>\n<p><strong>Descripci\u00f3n.<\/strong><br \/>\n* Motor: 1,5 hp.<br \/>\n* 8 amortiguadores.<br \/>\n* Inclinaci\u00f3n manual de 3 niveles.<br \/>\n* Slim, equipo plegable y f\u00e1cil de mover.<br \/>\n* 12 programas de entrenamiento.<br \/>\n* Hand Grip integrado al pegador.<br \/>\n* PanelPantalla Velocidad, tiempo, distancia, latidos card\u00edacos y scan.<br \/>\n* Superficie de Lona 400x1100mm.<br \/>\nLa Cinta de Caminar Evolution Fit es el equipo ideal para acompa\u00f1ar tu rutina de ejercicios, o bien si est\u00e1s iniciando una vida sana en la que implementes caminatas. Esta Cinta posee una velocidad de 1Km por hora hasta 12kmh, con motor de 1.5 HP e inclinaci\u00f3n manual de 3 niveles con un sistema de impacto de 8 amortiguadores, que evitar\u00e1n los dolores en tobillos o rodillas. La superficie de la cinta tiene una dimensi\u00f3n de 40x 110cm, con dimensiones armados es 1410 x 720 x 245 mm. Dispone de un peso m\u00e1ximo por persona de 110Kgs.<\/p>\n","protected":false},"featured_media":514,"comment_status":"open","ping_status":"closed","template":"","meta":{"site-sidebar-layout":"default","site-content-layout":"default","ast-site-content-layout":"default","site-content-style":"default","site-sidebar-style":"default","ast-global-header-display":"","ast-banner-title-visibility":"","ast-main-header-display":"","ast-hfb-above-header-display":"","ast-hfb-below-header-display":"","ast-hfb-mobile-header-display":"","site-post-title":"","ast-breadcrumbs-content":"","ast-featured-img":"","footer-sml-layout":"","theme-transparent-header-meta":"default","adv-header-id-meta":"","stick-header-meta":"","header-above-stick-meta":"","header-main-stick-meta":"","header-below-stick-meta":"","astra-migrate-meta-layouts":"set","ast-page-background-enabled":"default","ast-page-background-meta":{"desktop":{"background-color":"var(--ast-global-color-4)","background-image":"","background-repeat":"repeat","background-position":"center center","background-size":"auto","background-attachment":"scroll","background-type":"","background-media":"","overlay-type":"","overlay-color":"","overlay-opacity":"","overlay-gradient":""},"tablet":{"background-color":"","background-image":"","background-repeat":"repeat","background-position":"center center","background-size":"auto","background-attachment":"scroll","background-type":"","background-media":"","overlay-type":"","overlay-color":"","overlay-opacity":"","overlay-gradient":""},"mobile":{"background-color":"","background-image":"","background-repeat":"repeat","background-position":"center center","background-size":"auto","background-attachment":"scroll","background-type":"","background-media":"","overlay-type":"","overlay-color":"","overlay-opacity":"","overlay-gradient":""}},"ast-content-background-meta":{"desktop":{"background-color":"var(--ast-global-color-5)","background-image":"","background-repeat":"repeat","background-position":"center center","background-size":"auto","background-attachment":"scroll","background-type":"","background-media":"","overlay-type":"","overlay-color":"","overlay-opacity":"","overlay-gradient":""},"tablet":{"background-color":"var(--ast-global-color-5)","background-image":"","background-repeat":"repeat","background-position":"center center","background-size":"auto","background-attachment":"scroll","background-type":"","background-media":"","overlay-type":"","overlay-color":"","overlay-opacity":"","overlay-gradient":""},"mobile":{"background-color":"var(--ast-global-color-5)","background-image":"","background-repeat":"repeat","background-position":"center center","background-size":"auto","background-attachment":"scroll","background-type":"","background-media":"","overlay-type":"","overlay-color":"","overlay-opacity":"","overlay-gradient":""}}},"product_cat":[24],"product_tag":[],"class_list":{"0":"post-581","1":"product","2":"type-product","3":"status-publish","4":"has-post-thumbnail","6":"product_cat-equipos-de-gimnasia","7":"desktop-align-left","8":"tablet-align-left","9":"mobile-align-left","11":"first","12":"instock","13":"shipping-taxable","14":"purchasable","15":"product-type-simple"},"_links":{"self":[{"href":"https:\/\/fmcomercial.com.py\/index.php\/wp-json\/wp\/v2\/product\/581","targetHints":{"allow":["GET"]}}],"collection":[{"href":"https:\/\/fmcomercial.com.py\/index.php\/wp-json\/wp\/v2\/product"}],"about":[{"href":"https:\/\/fmcomercial.com.py\/index.php\/wp-json\/wp\/v2\/types\/product"}],"replies":[{"embeddable":true,"href":"https:\/\/fmcomercial.com.py\/index.php\/wp-json\/wp\/v2\/comments?post=581"}],"wp:featuredmedia":[{"embeddable":true,"href":"https:\/\/fmcomercial.com.py\/index.php\/wp-json\/wp\/v2\/media\/514"}],"wp:attachment":[{"href":"https:\/\/fmcomercial.com.py\/index.php\/wp-json\/wp\/v2\/media?parent=581"}],"wp:term":[{"taxonomy":"product_cat","embeddable":true,"href":"https:\/\/fmcomercial.com.py\/index.php\/wp-json\/wp\/v2\/product_cat?post=581"},{"taxonomy":"product_tag","embeddable":true,"href":"https:\/\/fmcomercial.com.py\/index.php\/wp-json\/wp\/v2\/product_tag?post=581"}],"curies":[{"name":"wp","href":"https:\/\/api.w.org\/{rel}","templated":true}]}}