{"id":583,"date":"2022-05-19T19:28:33","date_gmt":"2022-05-19T19:28:33","guid":{"rendered":"https:\/\/fmcomercial.com.py\/?post_type=product&#038;p=583"},"modified":"2024-11-16T10:45:39","modified_gmt":"2024-11-16T10:45:39","slug":"583","status":"publish","type":"product","link":"https:\/\/fmcomercial.com.py\/index.php\/producto\/583\/","title":{"rendered":"ABDOMINALERA EVOLUTION EVO AB COASTER MONITOR DIGITAL"},"content":{"rendered":"","protected":false},"excerpt":{"rendered":"<h4><strong><span style=\"color: #0000ff;\">CUOTAS.<\/span><\/strong><br \/>\n<strong><span style=\"color: #0000ff;\">\u00a0 6 x 213.000Gs.<\/span><\/strong><br \/>\n<strong><span style=\"color: #0000ff;\">\u00a0 8 x 170.000Gs.<\/span><\/strong><br \/>\n<strong><span style=\"color: #0000ff;\">12 x 124.000Gs.<\/span><\/strong><\/h4>\n<p><strong>Descripci\u00f3n.<\/strong><br \/>\n* Evolution EVOAB-N.<br \/>\n* Peso m\u00e1ximo del usuario 110Kgs.<br \/>\n* Estructura resistente de acero.<br \/>\n* Especialmente indicado para abdominales inferiores y oblicuos.<br \/>\n* Mantiene la postura ideal para no da\u00f1ar la columna.<br \/>\n* Uso dom\u00e9stico.<br \/>\n* Rueditas para f\u00e1cil traslado.<br \/>\n* Monitor contador de repeticiones.<br \/>\n* Almohadillas para apoyar brazos y piernas.<br \/>\n* Soporte para discos de pesas ( los discos de pesas no incluyen en el producto).<br \/>\n* Asiento de movimiento libre, que permite enfocarse f\u00e1cilmente en todas las \u00e1reas de la regi\u00f3n abdominal.<\/p>\n","protected":false},"featured_media":907,"comment_status":"open","ping_status":"closed","template":"","meta":{"site-sidebar-layout":"default","site-content-layout":"default","ast-site-content-layout":"default","site-content-style":"default","site-sidebar-style":"default","ast-global-header-display":"","ast-banner-title-visibility":"","ast-main-header-display":"","ast-hfb-above-header-display":"","ast-hfb-below-header-display":"","ast-hfb-mobile-header-display":"","site-post-title":"","ast-breadcrumbs-content":"","ast-featured-img":"","footer-sml-layout":"","theme-transparent-header-meta":"default","adv-header-id-meta":"","stick-header-meta":"","header-above-stick-meta":"","header-main-stick-meta":"","header-below-stick-meta":"","astra-migrate-meta-layouts":"set","ast-page-background-enabled":"default","ast-page-background-meta":{"desktop":{"background-color":"var(--ast-global-color-4)","background-image":"","background-repeat":"repeat","background-position":"center center","background-size":"auto","background-attachment":"scroll","background-type":"","background-media":"","overlay-type":"","overlay-color":"","overlay-opacity":"","overlay-gradient":""},"tablet":{"background-color":"","background-image":"","background-repeat":"repeat","background-position":"center center","background-size":"auto","background-attachment":"scroll","background-type":"","background-media":"","overlay-type":"","overlay-color":"","overlay-opacity":"","overlay-gradient":""},"mobile":{"background-color":"","background-image":"","background-repeat":"repeat","background-position":"center center","background-size":"auto","background-attachment":"scroll","background-type":"","background-media":"","overlay-type":"","overlay-color":"","overlay-opacity":"","overlay-gradient":""}},"ast-content-background-meta":{"desktop":{"background-color":"var(--ast-global-color-5)","background-image":"","background-repeat":"repeat","background-position":"center center","background-size":"auto","background-attachment":"scroll","background-type":"","background-media":"","overlay-type":"","overlay-color":"","overlay-opacity":"","overlay-gradient":""},"tablet":{"background-color":"var(--ast-global-color-5)","background-image":"","background-repeat":"repeat","background-position":"center center","background-size":"auto","background-attachment":"scroll","background-type":"","background-media":"","overlay-type":"","overlay-color":"","overlay-opacity":"","overlay-gradient":""},"mobile":{"background-color":"var(--ast-global-color-5)","background-image":"","background-repeat":"repeat","background-position":"center center","background-size":"auto","background-attachment":"scroll","background-type":"","background-media":"","overlay-type":"","overlay-color":"","overlay-opacity":"","overlay-gradient":""}}},"product_cat":[24],"product_tag":[],"class_list":{"0":"post-583","1":"product","2":"type-product","3":"status-publish","4":"has-post-thumbnail","6":"product_cat-equipos-de-gimnasia","7":"desktop-align-left","8":"tablet-align-left","9":"mobile-align-left","11":"first","12":"outofstock","13":"shipping-taxable","14":"purchasable","15":"product-type-simple"},"_links":{"self":[{"href":"https:\/\/fmcomercial.com.py\/index.php\/wp-json\/wp\/v2\/product\/583","targetHints":{"allow":["GET"]}}],"collection":[{"href":"https:\/\/fmcomercial.com.py\/index.php\/wp-json\/wp\/v2\/product"}],"about":[{"href":"https:\/\/fmcomercial.com.py\/index.php\/wp-json\/wp\/v2\/types\/product"}],"replies":[{"embeddable":true,"href":"https:\/\/fmcomercial.com.py\/index.php\/wp-json\/wp\/v2\/comments?post=583"}],"wp:featuredmedia":[{"embeddable":true,"href":"https:\/\/fmcomercial.com.py\/index.php\/wp-json\/wp\/v2\/media\/907"}],"wp:attachment":[{"href":"https:\/\/fmcomercial.com.py\/index.php\/wp-json\/wp\/v2\/media?parent=583"}],"wp:term":[{"taxonomy":"product_cat","embeddable":true,"href":"https:\/\/fmcomercial.com.py\/index.php\/wp-json\/wp\/v2\/product_cat?post=583"},{"taxonomy":"product_tag","embeddable":true,"href":"https:\/\/fmcomercial.com.py\/index.php\/wp-json\/wp\/v2\/product_tag?post=583"}],"curies":[{"name":"wp","href":"https:\/\/api.w.org\/{rel}","templated":true}]}}