{"id":816,"date":"2022-05-25T21:18:44","date_gmt":"2022-05-25T21:18:44","guid":{"rendered":"https:\/\/fmcomercial.com.py\/?post_type=product&#038;p=816"},"modified":"2024-10-21T12:01:32","modified_gmt":"2024-10-21T12:01:32","slug":"lavarropas-semiautomatica-mueller-poptank-5-5kgs-blanco","status":"publish","type":"product","link":"https:\/\/fmcomercial.com.py\/index.php\/producto\/lavarropas-semiautomatica-mueller-poptank-5-5kgs-blanco\/","title":{"rendered":"LAVARROPAS SEMIAUTOM\u00c1TICA MUELLER POPTANK 5 5KGS BLANCO"},"content":{"rendered":"","protected":false},"excerpt":{"rendered":"<h4><span style=\"color: #0000ff;\"><strong>CUOTAS.<\/strong><\/span><br \/>\n<span style=\"color: #0000ff;\"><strong>\u00a0 6 x 189.000Gs.<\/strong><\/span><br \/>\n<span style=\"color: #0000ff;\"><strong>\u00a0 8 x 146.000Gs.<\/strong><\/span><br \/>\n<span style=\"color: #0000ff;\"><strong>\u00a012 x 106.000Gs.<\/strong><\/span><\/h4>\n<p><strong>Descripci\u00f3n.<\/strong><br \/>\n* Capacidad: 5KGS.<br \/>\n* 4 programas de lavado.<br \/>\n* Doble filtro para pelusas.<br \/>\n* Dispenser para jab\u00f3n.<br \/>\n* Lavado por turbina.<br \/>\n* Color blanco.<\/p>\n<p>Con una capacidad de hasta 5kgs, el PopTank presenta un lavado con hidromasaje, un sistema \u00fanico de filtraci\u00f3n de pelusas en la columna de agua, un depurador con respaldo de jab\u00f3n y una calificaci\u00f3n \u00abA\u00bb en INMETRO, que garantiza el ahorro de energ\u00eda y agua. Todo esto para que tenga ropa m\u00e1s limpia con comodidad y eficiencia.<\/p>\n","protected":false},"featured_media":817,"comment_status":"open","ping_status":"closed","template":"","meta":{"site-sidebar-layout":"default","site-content-layout":"default","ast-site-content-layout":"default","site-content-style":"default","site-sidebar-style":"default","ast-global-header-display":"","ast-banner-title-visibility":"","ast-main-header-display":"","ast-hfb-above-header-display":"","ast-hfb-below-header-display":"","ast-hfb-mobile-header-display":"","site-post-title":"","ast-breadcrumbs-content":"","ast-featured-img":"","footer-sml-layout":"","theme-transparent-header-meta":"default","adv-header-id-meta":"","stick-header-meta":"","header-above-stick-meta":"","header-main-stick-meta":"","header-below-stick-meta":"","astra-migrate-meta-layouts":"set","ast-page-background-enabled":"default","ast-page-background-meta":{"desktop":{"background-color":"var(--ast-global-color-4)","background-image":"","background-repeat":"repeat","background-position":"center center","background-size":"auto","background-attachment":"scroll","background-type":"","background-media":"","overlay-type":"","overlay-color":"","overlay-opacity":"","overlay-gradient":""},"tablet":{"background-color":"","background-image":"","background-repeat":"repeat","background-position":"center center","background-size":"auto","background-attachment":"scroll","background-type":"","background-media":"","overlay-type":"","overlay-color":"","overlay-opacity":"","overlay-gradient":""},"mobile":{"background-color":"","background-image":"","background-repeat":"repeat","background-position":"center center","background-size":"auto","background-attachment":"scroll","background-type":"","background-media":"","overlay-type":"","overlay-color":"","overlay-opacity":"","overlay-gradient":""}},"ast-content-background-meta":{"desktop":{"background-color":"var(--ast-global-color-5)","background-image":"","background-repeat":"repeat","background-position":"center center","background-size":"auto","background-attachment":"scroll","background-type":"","background-media":"","overlay-type":"","overlay-color":"","overlay-opacity":"","overlay-gradient":""},"tablet":{"background-color":"var(--ast-global-color-5)","background-image":"","background-repeat":"repeat","background-position":"center center","background-size":"auto","background-attachment":"scroll","background-type":"","background-media":"","overlay-type":"","overlay-color":"","overlay-opacity":"","overlay-gradient":""},"mobile":{"background-color":"var(--ast-global-color-5)","background-image":"","background-repeat":"repeat","background-position":"center center","background-size":"auto","background-attachment":"scroll","background-type":"","background-media":"","overlay-type":"","overlay-color":"","overlay-opacity":"","overlay-gradient":""}}},"product_cat":[18],"product_tag":[],"class_list":{"0":"post-816","1":"product","2":"type-product","3":"status-publish","4":"has-post-thumbnail","6":"product_cat-electrodomesticos","7":"desktop-align-left","8":"tablet-align-left","9":"mobile-align-left","11":"first","12":"instock","13":"shipping-taxable","14":"purchasable","15":"product-type-simple"},"_links":{"self":[{"href":"https:\/\/fmcomercial.com.py\/index.php\/wp-json\/wp\/v2\/product\/816","targetHints":{"allow":["GET"]}}],"collection":[{"href":"https:\/\/fmcomercial.com.py\/index.php\/wp-json\/wp\/v2\/product"}],"about":[{"href":"https:\/\/fmcomercial.com.py\/index.php\/wp-json\/wp\/v2\/types\/product"}],"replies":[{"embeddable":true,"href":"https:\/\/fmcomercial.com.py\/index.php\/wp-json\/wp\/v2\/comments?post=816"}],"wp:featuredmedia":[{"embeddable":true,"href":"https:\/\/fmcomercial.com.py\/index.php\/wp-json\/wp\/v2\/media\/817"}],"wp:attachment":[{"href":"https:\/\/fmcomercial.com.py\/index.php\/wp-json\/wp\/v2\/media?parent=816"}],"wp:term":[{"taxonomy":"product_cat","embeddable":true,"href":"https:\/\/fmcomercial.com.py\/index.php\/wp-json\/wp\/v2\/product_cat?post=816"},{"taxonomy":"product_tag","embeddable":true,"href":"https:\/\/fmcomercial.com.py\/index.php\/wp-json\/wp\/v2\/product_tag?post=816"}],"curies":[{"name":"wp","href":"https:\/\/api.w.org\/{rel}","templated":true}]}}