{"id":839,"date":"2022-05-26T15:02:32","date_gmt":"2022-05-26T15:02:32","guid":{"rendered":"https:\/\/fmcomercial.com.py\/?post_type=product&#038;p=839"},"modified":"2025-06-09T10:49:46","modified_gmt":"2025-06-09T10:49:46","slug":"centrifugadora-mueller-dry-negra-29kgs-ropa-seca","status":"publish","type":"product","link":"https:\/\/fmcomercial.com.py\/index.php\/producto\/centrifugadora-mueller-dry-negra-29kgs-ropa-seca\/","title":{"rendered":"CENTRIFUGADORA MUELLER DRY 8.8KG"},"content":{"rendered":"","protected":false},"excerpt":{"rendered":"<h4><\/h4>\n<p><strong>Descripci\u00f3n.<\/strong><br \/>\n* Capacidad de ropa seca: 2,9kgs.<br \/>\n* Exclusiva manija para transporte.<br \/>\n* Encaje especial para recipientes.<br \/>\n* Patas antideslizantes y soporte para cable.<br \/>\n* Velocidad de centrifugado: 1800rpm.<\/p>\n<p>Dry es perfecto para tu lavander\u00eda. Su giro es de hasta 1.800rpm revoluciones por minuto, lo que garantiza su ropa casi seca en menos tiempo. Es liviano, compacto y muy pr\u00e1ctico de transportar porque tiene un asa que facilita su movimiento. Tiene un sistema de seguridad con doble cubierta y pies antideslizantes que garantizan la estabilidad y una mayor vida \u00fatil del producto. Su encaje especial para recipientes tambi\u00e9n permite la reutilizaci\u00f3n total de agua para que usted lave las alfombras o el piso de la ropa en s\u00ed, y tambi\u00e9n la reutilizaci\u00f3n de agua para que pueda lavar las alfombras o el piso de la ropa en s\u00ed.<\/p>\n","protected":false},"featured_media":835,"comment_status":"open","ping_status":"closed","template":"","meta":{"site-sidebar-layout":"default","site-content-layout":"default","ast-site-content-layout":"default","site-content-style":"default","site-sidebar-style":"default","ast-global-header-display":"","ast-banner-title-visibility":"","ast-main-header-display":"","ast-hfb-above-header-display":"","ast-hfb-below-header-display":"","ast-hfb-mobile-header-display":"","site-post-title":"","ast-breadcrumbs-content":"","ast-featured-img":"","footer-sml-layout":"","theme-transparent-header-meta":"default","adv-header-id-meta":"","stick-header-meta":"","header-above-stick-meta":"","header-main-stick-meta":"","header-below-stick-meta":"","astra-migrate-meta-layouts":"set","ast-page-background-enabled":"default","ast-page-background-meta":{"desktop":{"background-color":"var(--ast-global-color-4)","background-image":"","background-repeat":"repeat","background-position":"center center","background-size":"auto","background-attachment":"scroll","background-type":"","background-media":"","overlay-type":"","overlay-color":"","overlay-opacity":"","overlay-gradient":""},"tablet":{"background-color":"","background-image":"","background-repeat":"repeat","background-position":"center center","background-size":"auto","background-attachment":"scroll","background-type":"","background-media":"","overlay-type":"","overlay-color":"","overlay-opacity":"","overlay-gradient":""},"mobile":{"background-color":"","background-image":"","background-repeat":"repeat","background-position":"center center","background-size":"auto","background-attachment":"scroll","background-type":"","background-media":"","overlay-type":"","overlay-color":"","overlay-opacity":"","overlay-gradient":""}},"ast-content-background-meta":{"desktop":{"background-color":"var(--ast-global-color-5)","background-image":"","background-repeat":"repeat","background-position":"center center","background-size":"auto","background-attachment":"scroll","background-type":"","background-media":"","overlay-type":"","overlay-color":"","overlay-opacity":"","overlay-gradient":""},"tablet":{"background-color":"var(--ast-global-color-5)","background-image":"","background-repeat":"repeat","background-position":"center center","background-size":"auto","background-attachment":"scroll","background-type":"","background-media":"","overlay-type":"","overlay-color":"","overlay-opacity":"","overlay-gradient":""},"mobile":{"background-color":"var(--ast-global-color-5)","background-image":"","background-repeat":"repeat","background-position":"center center","background-size":"auto","background-attachment":"scroll","background-type":"","background-media":"","overlay-type":"","overlay-color":"","overlay-opacity":"","overlay-gradient":""}}},"product_cat":[18],"product_tag":[],"class_list":{"0":"post-839","1":"product","2":"type-product","3":"status-publish","4":"has-post-thumbnail","6":"product_cat-electrodomesticos","7":"desktop-align-left","8":"tablet-align-left","9":"mobile-align-left","11":"first","12":"instock","13":"shipping-taxable","14":"purchasable","15":"product-type-simple"},"_links":{"self":[{"href":"https:\/\/fmcomercial.com.py\/index.php\/wp-json\/wp\/v2\/product\/839","targetHints":{"allow":["GET"]}}],"collection":[{"href":"https:\/\/fmcomercial.com.py\/index.php\/wp-json\/wp\/v2\/product"}],"about":[{"href":"https:\/\/fmcomercial.com.py\/index.php\/wp-json\/wp\/v2\/types\/product"}],"replies":[{"embeddable":true,"href":"https:\/\/fmcomercial.com.py\/index.php\/wp-json\/wp\/v2\/comments?post=839"}],"wp:featuredmedia":[{"embeddable":true,"href":"https:\/\/fmcomercial.com.py\/index.php\/wp-json\/wp\/v2\/media\/835"}],"wp:attachment":[{"href":"https:\/\/fmcomercial.com.py\/index.php\/wp-json\/wp\/v2\/media?parent=839"}],"wp:term":[{"taxonomy":"product_cat","embeddable":true,"href":"https:\/\/fmcomercial.com.py\/index.php\/wp-json\/wp\/v2\/product_cat?post=839"},{"taxonomy":"product_tag","embeddable":true,"href":"https:\/\/fmcomercial.com.py\/index.php\/wp-json\/wp\/v2\/product_tag?post=839"}],"curies":[{"name":"wp","href":"https:\/\/api.w.org\/{rel}","templated":true}]}}